{"id":827,"date":"2018-09-09T08:46:55","date_gmt":"2018-09-09T06:46:55","guid":{"rendered":"https:\/\/www.lamaisondekarenchocolat.com\/?post_type=product&#038;p=827"},"modified":"2026-02-22T12:44:33","modified_gmt":"2026-02-22T11:44:33","slug":"orangettes","status":"publish","type":"product","link":"https:\/\/www.lamaisondekarenchocolat.com\/en\/produit\/orangettes\/","title":{"rendered":"les orangettes"},"content":{"rendered":"","protected":false},"excerpt":{"rendered":"<p><strong>Poids net :<\/strong>\u00a0environ 150g<\/p>\n<p>[vc_tta_accordion style=&#8221;flat&#8221; shape=&#8221;square&#8221; gap=&#8221;5&#8243; active_section=&#8221;&#8221; no_fill=&#8221;true&#8221; collapsible_all=&#8221;true&#8221;][vc_tta_section title=&#8221;description&#8221; tab_id=&#8221;1536219230039-0258e180-6db7&#8243;][vc_column_text]Appareillez pour le croquant des orangettes, citronettes et gingembrettes. Cap sur le meilleur des fruits enrob\u00e9s de mani\u00e8re artisanale avec le meilleur du chocolat&#8230;<br \/>\nUn moment d&#8217;enfance \u00e0 partager absolument ![\/vc_column_text][\/vc_tta_section][vc_tta_section title=&#8221;composition&#8221; tab_id=&#8221;1536219571195-c5986e6c-08a3&#8243;][vc_column_text]<\/p>\n<ul>\n<li>Orangettes<\/li>\n<li>Citronnettes<\/li>\n<li>Gingembrettes<\/li>\n<\/ul>\n<p>[\/vc_column_text][\/vc_tta_section][vc_tta_section title=&#8221;ingr\u00e9dients et conservation&#8221; tab_id=&#8221;1536228048928-f00bc3dc-af36&#8243;][vc_column_text]Ingr\u00e9dients\u00a0: \u00c9corce d&#8217;orange ou citron ou lamelles de gingembre, sirop de glucose-fructose, sucre, chocolat noir (p\u00e2te de cacao, beurre de cacao, sucre, \u00e9mulsifiant : l\u00e9cithine de soja, ar\u00f4me naturel de vanille. Chocolat garanti pur beurre de cacao.<\/p>\n<p>Conservation\u00a0: Se conserve 3 semaines dans un endroit sec et frais ( entre 12\u00b0C et 18\u00b0C ). Ne pas mettre au frigo, ne pas congeler.<\/p>\n<p>[\/vc_column_text][\/vc_tta_section][vc_tta_section title=&#8221;livraison&#8221; tab_id=&#8221;1536228135987-31f6826c-78d5&#8243;][vc_column_text]<\/p>\n<ul>\n<li>Forfait de\u00a013 \u20ac TTC<\/li>\n<li>Frais de port offerts \u00e0 partir d&#8217;un montant d&#8217;achat de 75\u00a0\u20ac\u00a0TTC<\/li>\n<li>Livraison en France m\u00e9tropolitaine et en Corse, par Colissimo.<\/li>\n<\/ul>\n<p><a href=\"\/informations-generales\/conditions-generales-vente\/#conditions-de-livraison\">En Savoir Plus<\/a>[\/vc_column_text][\/vc_tta_section][\/vc_tta_accordion]<\/p>\n","protected":false},"featured_media":2056,"comment_status":"open","ping_status":"closed","template":"","meta":{"_seopress_robots_primary_cat":"none","_seopress_titles_title":"","_seopress_titles_desc":"Cette confiserie artisanale \u00e0 l'association orange\/chocolat et originaire de la r\u00e9gion Auvergne-Rh\u00f4ne-Alpes est remise au go\u00fbt du jour par notre chocolati\u00e8re Lyonnaise.","_seopress_robots_index":"","om_disable_all_campaigns":false},"product_cat":[33],"product_tag":[49,34,48,35,50,20],"class_list":{"0":"post-827","1":"product","2":"type-product","3":"status-publish","4":"has-post-thumbnail","6":"product_cat-fruits-enrobes","7":"product_tag-chocolat","8":"product_tag-citron","9":"product_tag-fruits","10":"product_tag-gingembre","11":"product_tag-grignoter","12":"product_tag-orange","13":"product_shipping_class-chocolats-classiques","15":"first","16":"instock","17":"taxable","18":"shipping-taxable","19":"purchasable","20":"product-type-simple"},"_links":{"self":[{"href":"https:\/\/www.lamaisondekarenchocolat.com\/en\/wp-json\/wp\/v2\/product\/827","targetHints":{"allow":["GET"]}}],"collection":[{"href":"https:\/\/www.lamaisondekarenchocolat.com\/en\/wp-json\/wp\/v2\/product"}],"about":[{"href":"https:\/\/www.lamaisondekarenchocolat.com\/en\/wp-json\/wp\/v2\/types\/product"}],"replies":[{"embeddable":true,"href":"https:\/\/www.lamaisondekarenchocolat.com\/en\/wp-json\/wp\/v2\/comments?post=827"}],"wp:featuredmedia":[{"embeddable":true,"href":"https:\/\/www.lamaisondekarenchocolat.com\/en\/wp-json\/wp\/v2\/media\/2056"}],"wp:attachment":[{"href":"https:\/\/www.lamaisondekarenchocolat.com\/en\/wp-json\/wp\/v2\/media?parent=827"}],"wp:term":[{"taxonomy":"product_cat","embeddable":true,"href":"https:\/\/www.lamaisondekarenchocolat.com\/en\/wp-json\/wp\/v2\/product_cat?post=827"},{"taxonomy":"product_tag","embeddable":true,"href":"https:\/\/www.lamaisondekarenchocolat.com\/en\/wp-json\/wp\/v2\/product_tag?post=827"}],"curies":[{"name":"wp","href":"https:\/\/api.w.org\/{rel}","templated":true}]}}