{"id":814,"date":"2018-09-09T04:15:19","date_gmt":"2018-09-09T02:15:19","guid":{"rendered":"https:\/\/www.lamaisondekarenchocolat.com\/?post_type=product&#038;p=814"},"modified":"2025-10-06T20:39:55","modified_gmt":"2025-10-06T18:39:55","slug":"palets-pure-origine","status":"publish","type":"product","link":"https:\/\/www.lamaisondekarenchocolat.com\/en\/produit\/palets-pure-origine\/","title":{"rendered":"les palets pure origine"},"content":{"rendered":"","protected":false},"excerpt":{"rendered":"<p><strong>Poids net :<\/strong>\u00a0environ 153g (24 palets)<\/p>\n<p>[vc_tta_accordion style=&#8221;flat&#8221; shape=&#8221;square&#8221; gap=&#8221;5&#8243; active_section=&#8221;&#8221; no_fill=&#8221;true&#8221; collapsible_all=&#8221;true&#8221;][vc_tta_section title=&#8221;description&#8221; tab_id=&#8221;1536219230039-0258e180-6db7&#8243;][vc_column_text]Faites une escale gourmande avec Karen, qui transporte vos papilles sur tous les continents, avec sa s\u00e9lection de 24 palets compos\u00e9s d&#8217;un chocolat noir, profond et fort en caract\u00e8re de 72% de cacao. [\/vc_column_text][\/vc_tta_section][vc_tta_section title=&#8221;composition&#8221; tab_id=&#8221;1536219571195-c5986e6c-08a3&#8243;][vc_column_text]<\/p>\n<ul>\n<li>Pure Origine Madagascar Noir 72%<\/li>\n<li>Pure Origine P\u00e9rou Noir 72%<\/li>\n<li>Pure Origine \u00c9quateur Noir 72%<\/li>\n<li>Pure Origine Vietnam Noir 64%<\/li>\n<li>Pure Origine R\u00e9publique Dominicaine Noir 64% Bio &amp; \u00c9quitable<\/li>\n<\/ul>\n<p>[\/vc_column_text][\/vc_tta_section][vc_tta_section title=&#8221;ingr\u00e9dients et conservation&#8221; tab_id=&#8221;1536228048928-f00bc3dc-af36&#8243;][vc_column_text]Ingr\u00e9dients\u00a0: Chocolat noir 72% cacao min. (p\u00e2te de cacao, sucre de canne, beurre de cacao, \u00e9mulsifiant : l\u00e9cithine de <strong>soja<\/strong>). SANS GLUTEN. Chocolat garanti pur beurre de cacao.<\/p>\n<p>Conservation\u00a0: Se conserve 3 semaines dans un endroit sec et frais ( entre 12\u00b0C et 18\u00b0C ). Ne pas mettre au frigo, ne pas congeler.<\/p>\n<p>[\/vc_column_text][\/vc_tta_section][vc_tta_section title=&#8221;livraison&#8221; tab_id=&#8221;1536228135987-31f6826c-78d5&#8243;][vc_column_text]<\/p>\n<ul>\n<li>Forfait de\u00a013 \u20ac TTC<\/li>\n<li>Frais de port offerts \u00e0 partir d&#8217;un montant d&#8217;achat de 75\u00a0\u20ac\u00a0TTC<\/li>\n<li>Livraison en France m\u00e9tropolitaine et en Corse, par Colissimo.<\/li>\n<\/ul>\n<p><a href=\"\/informations-generales\/conditions-generales-vente\/#conditions-de-livraison\">En Savoir Plus<\/a><\/p>\n<p>[\/vc_column_text][\/vc_tta_section][\/vc_tta_accordion]<\/p>\n","protected":false},"featured_media":2055,"comment_status":"open","ping_status":"closed","template":"","meta":{"_seopress_robots_primary_cat":"none","_seopress_titles_title":"","_seopress_titles_desc":"Id\u00e9al pour accompagner le caf\u00e9, ces palets de chocolat noir 72% ultra fin et croquant sont r\u00e9alis\u00e9s \u00e0 base d\u2019une f\u00e8ve de la vall\u00e9e de Sambirano \u00e0 Madagascar.","_seopress_robots_index":"","om_disable_all_campaigns":false},"product_cat":[44],"product_tag":[47,23,39,27,45,46],"class_list":{"0":"post-814","1":"product","2":"type-product","3":"status-publish","4":"has-post-thumbnail","6":"product_cat-les-palets","7":"product_tag-equateur","8":"product_tag-feve-cacao","9":"product_tag-madagascar","10":"product_tag-noir","11":"product_tag-perou","12":"product_tag-vietnam","13":"product_shipping_class-chocolats-classiques","15":"first","16":"instock","17":"taxable","18":"shipping-taxable","19":"purchasable","20":"product-type-simple"},"_links":{"self":[{"href":"https:\/\/www.lamaisondekarenchocolat.com\/en\/wp-json\/wp\/v2\/product\/814","targetHints":{"allow":["GET"]}}],"collection":[{"href":"https:\/\/www.lamaisondekarenchocolat.com\/en\/wp-json\/wp\/v2\/product"}],"about":[{"href":"https:\/\/www.lamaisondekarenchocolat.com\/en\/wp-json\/wp\/v2\/types\/product"}],"replies":[{"embeddable":true,"href":"https:\/\/www.lamaisondekarenchocolat.com\/en\/wp-json\/wp\/v2\/comments?post=814"}],"wp:featuredmedia":[{"embeddable":true,"href":"https:\/\/www.lamaisondekarenchocolat.com\/en\/wp-json\/wp\/v2\/media\/2055"}],"wp:attachment":[{"href":"https:\/\/www.lamaisondekarenchocolat.com\/en\/wp-json\/wp\/v2\/media?parent=814"}],"wp:term":[{"taxonomy":"product_cat","embeddable":true,"href":"https:\/\/www.lamaisondekarenchocolat.com\/en\/wp-json\/wp\/v2\/product_cat?post=814"},{"taxonomy":"product_tag","embeddable":true,"href":"https:\/\/www.lamaisondekarenchocolat.com\/en\/wp-json\/wp\/v2\/product_tag?post=814"}],"curies":[{"name":"wp","href":"https:\/\/api.w.org\/{rel}","templated":true}]}}