{"id":5677,"date":"2026-02-21T14:48:05","date_gmt":"2026-02-21T13:48:05","guid":{"rendered":"https:\/\/www.lamaisondekarenchocolat.com\/?post_type=product&#038;p=5677"},"modified":"2026-03-12T08:49:12","modified_gmt":"2026-03-12T07:49:12","slug":"gaetan-artisan","status":"publish","type":"product","link":"https:\/\/www.lamaisondekarenchocolat.com\/en\/produit\/gaetan-artisan\/","title":{"rendered":"NOUVEAU Gaetan l&#8217;artisan"},"content":{"rendered":"","protected":false},"excerpt":{"rendered":"<p class=\"qtranxs-available-languages-message qtranxs-available-languages-message-en\">Sorry, this entry is only available in <a href=\"https:\/\/www.lamaisondekarenchocolat.com\/fr\/wp-json\/wp\/v2\/product\/5677\" class=\"qtranxs-available-language-link qtranxs-available-language-link-fr\" title=\"Fran\u00e7ais\">Fran\u00e7ais<\/a>. For the sake of viewer convenience, the content is shown below in the alternative language. You may click the link to switch the active language.<\/p>\n<p><a style=\"color: #5c585b;\" href=\"\/\">Accueil<\/a> \u21d2 <a style=\"color: #5c585b;\" href=\"\/boutique\/\">Boutique<\/a> \u21d2 <a style=\"color: #5c585b;\" href=\"\/product-category\/chocolats-de-paques\/\">Packs de P\u00e2ques<\/a><\/p>\n<hr \/>\n<p><strong>Hauteur :<\/strong> 16 cm<br \/>\n<strong>Poids net :<\/strong> 165g<br \/>\n<strong>Prix au kilo :<\/strong> 156,97 \u20ac<\/p>\n<p>[vc_tta_accordion style=&#8221;flat&#8221; shape=&#8221;square&#8221; gap=&#8221;5&#8243; active_section=&#8221;&#8221; no_fill=&#8221;true&#8221; collapsible_all=&#8221;true&#8221;][vc_tta_section title=&#8221;description&#8221; tab_id=&#8221;1536219230039-0258e180-6db7&#8243;][vc_column_text]<em>&#8220;Cette ann\u00e9e, notre cr\u00e9ation originale rend hommage \u00e0 l\u2019artisanat. \u00c0 celles et ceux qui travaillent de leurs mains, prennent le temps de bien faire, et mettent leur passion dans chaque geste. Ga\u00ebtan le lutin artisan c\u00e9l\u00e8bre le go\u00fbt du travail bien fait, la<br \/>\nqualit\u00e9, et le plaisir de cr\u00e9er des produits qui ont du sens, \u00e0 contre-courant d\u2019un monde qui va trop vite,<br \/>\nde l\u2019industriel et de la fast-fashion.&#8221;<\/em><\/p>\n<p>[\/vc_column_text][\/vc_tta_section][vc_tta_section title=&#8221;composition&#8221; tab_id=&#8221;1536219571195-c5986e6c-08a3&#8243;][vc_column_text]<br \/>\nPi\u00e8ce artistique en chocolat noir 70% ou lait 42%, d\u00e9cors en chocolat blanc, lait et noir.<\/p>\n<p>[\/vc_column_text][\/vc_tta_section][vc_tta_section title=&#8221;livraison&#8221; tab_id=&#8221;1536228135987-31f6826c-78d5&#8243;][vc_column_text]<\/p>\n<ul>\n<li>Retrait gratuit dans notre boutique de Limonest<\/li>\n<\/ul>\n<p><a href=\"\/informations-generales\/conditions-generales-vente\/#conditions-de-livraison\">En Savoir Plus<\/a><\/p>\n<p>[\/vc_column_text][\/vc_tta_section][\/vc_tta_accordion]<\/p>\n","protected":false},"featured_media":5680,"comment_status":"open","ping_status":"closed","template":"","meta":{"_seopress_robots_primary_cat":"159","_seopress_titles_title":"","_seopress_titles_desc":"F\u00eatez d\u00e9licieusement P\u00e2ques gr\u00e2ce aux douceurs de Karen Chocolat ! D\u00e9gustez une sculpture en chocolat amusante et originale en forme de lutin travailleur.","_seopress_robots_index":"","om_disable_all_campaigns":false},"product_cat":[115,159],"product_tag":[123,26,27],"class_list":{"0":"post-5677","1":"product","2":"type-product","3":"status-publish","4":"has-post-thumbnail","6":"product_cat-chocolats-de-paques","7":"product_cat-les-zartistes","8":"product_tag-creation-originale","9":"product_tag-lait","10":"product_tag-noir","11":"product_shipping_class-retrait-uniquement","13":"first","14":"instock","15":"taxable","16":"shipping-taxable","17":"purchasable","18":"product-type-variable"},"_links":{"self":[{"href":"https:\/\/www.lamaisondekarenchocolat.com\/en\/wp-json\/wp\/v2\/product\/5677","targetHints":{"allow":["GET"]}}],"collection":[{"href":"https:\/\/www.lamaisondekarenchocolat.com\/en\/wp-json\/wp\/v2\/product"}],"about":[{"href":"https:\/\/www.lamaisondekarenchocolat.com\/en\/wp-json\/wp\/v2\/types\/product"}],"replies":[{"embeddable":true,"href":"https:\/\/www.lamaisondekarenchocolat.com\/en\/wp-json\/wp\/v2\/comments?post=5677"}],"wp:featuredmedia":[{"embeddable":true,"href":"https:\/\/www.lamaisondekarenchocolat.com\/en\/wp-json\/wp\/v2\/media\/5680"}],"wp:attachment":[{"href":"https:\/\/www.lamaisondekarenchocolat.com\/en\/wp-json\/wp\/v2\/media?parent=5677"}],"wp:term":[{"taxonomy":"product_cat","embeddable":true,"href":"https:\/\/www.lamaisondekarenchocolat.com\/en\/wp-json\/wp\/v2\/product_cat?post=5677"},{"taxonomy":"product_tag","embeddable":true,"href":"https:\/\/www.lamaisondekarenchocolat.com\/en\/wp-json\/wp\/v2\/product_tag?post=5677"}],"curies":[{"name":"wp","href":"https:\/\/api.w.org\/{rel}","templated":true}]}}