{"id":5567,"date":"2025-11-14T02:05:04","date_gmt":"2025-11-14T01:05:04","guid":{"rendered":"https:\/\/www.lamaisondekarenchocolat.com\/?post_type=product&#038;p=5567"},"modified":"2026-03-31T05:21:55","modified_gmt":"2026-03-31T03:21:55","slug":"les-pates-de-fruits","status":"publish","type":"product","link":"https:\/\/www.lamaisondekarenchocolat.com\/en\/produit\/les-pates-de-fruits\/","title":{"rendered":"les palets caramel au coeur coulant (Copie)"},"content":{"rendered":"","protected":false},"excerpt":{"rendered":"<p><strong>Poids :<\/strong>\u00a0environ 153g (24 palets)<\/p>\n<p>[vc_tta_accordion style=&#8221;flat&#8221; shape=&#8221;square&#8221; gap=&#8221;5&#8243; active_section=&#8221;&#8221; no_fill=&#8221;true&#8221; collapsible_all=&#8221;true&#8221;][vc_tta_section title=&#8221;description&#8221; tab_id=&#8221;1536219230039-0258e180-6db7&#8243;][vc_column_text]24 palets fourr\u00e9s\u00a0au caramel beurre sal\u00e9.<br \/>\n[\/vc_column_text][\/vc_tta_section][vc_tta_section title=&#8221;composition&#8221; tab_id=&#8221;1536219571195-c5986e6c-08a3&#8243;][vc_column_text]<\/p>\n<ul>\n<li>3 Caramel Coulant Orange Am\u00e8re Cardamome<\/li>\n<li>3 Caramel Coulant Fruits de la Passion Clou de Girofle<\/li>\n<li>3 Caramel Coulant Fraise Basilic<\/li>\n<li>3 Caramel Coulant Mandarine Bergamote et Thym<\/li>\n<li>3 Caramel Coulant au Beurre Sal\u00e9<\/li>\n<\/ul>\n<p>[\/vc_column_text][\/vc_tta_section][vc_tta_section title=&#8221;ingr\u00e9dients et conservation&#8221; tab_id=&#8221;1536228048928-f00bc3dc-af36&#8243;][vc_column_text]Ingr\u00e9dients\u00a0: Chocolat noir 72% cacao min. (p\u00e2te de cacao, sucre de canne, beurre de cacao, \u00e9mulsifiant : l\u00e9cithine de <strong>soja<\/strong>). SANS GLUTEN. Chocolat garanti pur beurre de cacao.<\/p>\n<p>Conservation\u00a0: Se conserve 3 semaines dans un endroit sec et frais ( entre 12\u00b0C et 18\u00b0C ). Ne pas mettre au frigo, ne pas congeler.<\/p>\n<p>[\/vc_column_text][\/vc_tta_section][vc_tta_section title=&#8221;livraison&#8221; tab_id=&#8221;1536228135987-31f6826c-78d5&#8243;][vc_column_text]<\/p>\n<ul>\n<li>Forfait de\u00a013 \u20ac TTC<\/li>\n<li>Frais de port offerts \u00e0 partir d&#8217;un montant d&#8217;achat de 75\u00a0\u20ac\u00a0TTC<\/li>\n<li>Livraison en France m\u00e9tropolitaine et en Corse, par Colissimo.<\/li>\n<\/ul>\n<p><a href=\"\/informations-generales\/conditions-generales-vente\/#conditions-de-livraison\">En Savoir Plus<\/a><\/p>\n<p>[\/vc_column_text][\/vc_tta_section][\/vc_tta_accordion]<\/p>\n","protected":false},"featured_media":5568,"comment_status":"open","ping_status":"closed","template":"","meta":{"_seopress_robots_primary_cat":"none","_seopress_titles_title":"","_seopress_titles_desc":"Pour sa nouvelle collection 2025, Karen Chocolat propose aux amoureux du go\u00fbt, un assortiment de 24 palets de chocolat fourr\u00e9s au caramel semi-liquide.","_seopress_robots_index":"","om_disable_all_campaigns":false},"product_cat":[32],"product_tag":[48],"class_list":{"0":"post-5567","1":"product","2":"type-product","3":"status-publish","4":"has-post-thumbnail","6":"product_cat-les-gourmandises","7":"product_tag-fruits","8":"product_shipping_class-chocolats-classiques","10":"first","11":"instock","12":"featured","13":"taxable","14":"shipping-taxable","15":"purchasable","16":"product-type-simple"},"_links":{"self":[{"href":"https:\/\/www.lamaisondekarenchocolat.com\/en\/wp-json\/wp\/v2\/product\/5567","targetHints":{"allow":["GET"]}}],"collection":[{"href":"https:\/\/www.lamaisondekarenchocolat.com\/en\/wp-json\/wp\/v2\/product"}],"about":[{"href":"https:\/\/www.lamaisondekarenchocolat.com\/en\/wp-json\/wp\/v2\/types\/product"}],"replies":[{"embeddable":true,"href":"https:\/\/www.lamaisondekarenchocolat.com\/en\/wp-json\/wp\/v2\/comments?post=5567"}],"wp:featuredmedia":[{"embeddable":true,"href":"https:\/\/www.lamaisondekarenchocolat.com\/en\/wp-json\/wp\/v2\/media\/5568"}],"wp:attachment":[{"href":"https:\/\/www.lamaisondekarenchocolat.com\/en\/wp-json\/wp\/v2\/media?parent=5567"}],"wp:term":[{"taxonomy":"product_cat","embeddable":true,"href":"https:\/\/www.lamaisondekarenchocolat.com\/en\/wp-json\/wp\/v2\/product_cat?post=5567"},{"taxonomy":"product_tag","embeddable":true,"href":"https:\/\/www.lamaisondekarenchocolat.com\/en\/wp-json\/wp\/v2\/product_tag?post=5567"}],"curies":[{"name":"wp","href":"https:\/\/api.w.org\/{rel}","templated":true}]}}