{"id":4347,"date":"2022-03-28T14:10:49","date_gmt":"2022-03-28T12:10:49","guid":{"rendered":"https:\/\/www.lamaisondekarenchocolat.com\/?post_type=product&#038;p=4347"},"modified":"2026-03-09T12:09:47","modified_gmt":"2026-03-09T11:09:47","slug":"on-est-tous-des-super-heros-s","status":"publish","type":"product","link":"https:\/\/www.lamaisondekarenchocolat.com\/en\/produit\/on-est-tous-des-super-heros-s\/","title":{"rendered":"L&#8217;eggstraordinaire Araign\u00e9e"},"content":{"rendered":"","protected":false},"excerpt":{"rendered":"<p class=\"qtranxs-available-languages-message qtranxs-available-languages-message-en\">Sorry, this entry is only available in <a href=\"https:\/\/www.lamaisondekarenchocolat.com\/fr\/wp-json\/wp\/v2\/product\/4347\" class=\"qtranxs-available-language-link qtranxs-available-language-link-fr\" title=\"Fran\u00e7ais\">Fran\u00e7ais<\/a>. For the sake of viewer convenience, the content is shown below in the alternative language. You may click the link to switch the active language.<\/p>\n<p><a style=\"color: #5c585b;\" href=\"\/\">Accueil<\/a> \u21d2 <a style=\"color: #5c585b;\" href=\"\/boutique\/\">Boutique<\/a> \u21d2 <a style=\"color: #5c585b;\" href=\"\/product-category\/chocolats-de-paques\/\">Packs de P\u00e2ques<\/a><\/p>\n<hr \/>\n<p><strong>Poids net :<\/strong> 190 g<br \/>\n<strong>Hauteur :<\/strong> 14,5 cm<br \/>\n<strong>Prix au kilo :<\/strong> 131,58 \u20ac<\/p>\n<p>[vc_tta_accordion style=&#8221;flat&#8221; shape=&#8221;square&#8221; gap=&#8221;5&#8243; active_section=&#8221;&#8221; no_fill=&#8221;true&#8221; collapsible_all=&#8221;true&#8221;][vc_tta_section title=&#8221;description&#8221; tab_id=&#8221;1536219230039-0258e180-6db7&#8243;][vc_column_text]<\/p>\n<p>Moulage en chocolat blanc et lait 38% garni de fritures, oeufs pralin\u00e9s au s\u00e9same croustillants, oeufs nougatine et oeufs sucre<br \/>\nD\u00e9cors en beurre de cacao color\u00e9<\/p>\n<p>[\/vc_column_text][\/vc_tta_section][vc_tta_section title=&#8221;livraison&#8221; tab_id=&#8221;1536228135987-31f6826c-78d5&#8243;][vc_column_text]<\/p>\n<ul>\n<li>Retrait gratuit dans notre boutique de Limonest<\/li>\n<\/ul>\n<p><a href=\"\/informations-generales\/conditions-generales-vente\/#conditions-de-livraison\">En Savoir Plus<\/a><\/p>\n<p>[\/vc_column_text][\/vc_tta_section][\/vc_tta_accordion]<\/p>\n","protected":false},"featured_media":5386,"comment_status":"open","ping_status":"closed","template":"","meta":{"_seopress_robots_primary_cat":"122","_seopress_titles_title":"","_seopress_titles_desc":"Spider-Man se balade entre les gratte-ciel m\u00eame \u00e0 P\u00e2ques ! Offrez \u00e0 vos enfants un super oeuf en chocolat \u00e0 l'effigie de leur super-h\u00e9ros pr\u00e9f\u00e9r\u00e9.","_seopress_robots_index":"","om_disable_all_campaigns":false},"product_cat":[115,122],"product_tag":[117,26],"class_list":{"0":"post-4347","1":"product","2":"type-product","3":"status-publish","4":"has-post-thumbnail","6":"product_cat-chocolats-de-paques","7":"product_cat-les-oeufs-de-ouf","8":"product_tag-chocolats-de-paques","9":"product_tag-lait","10":"product_shipping_class-retrait-uniquement","12":"first","13":"instock","14":"taxable","15":"shipping-taxable","16":"purchasable","17":"product-type-simple"},"_links":{"self":[{"href":"https:\/\/www.lamaisondekarenchocolat.com\/en\/wp-json\/wp\/v2\/product\/4347","targetHints":{"allow":["GET"]}}],"collection":[{"href":"https:\/\/www.lamaisondekarenchocolat.com\/en\/wp-json\/wp\/v2\/product"}],"about":[{"href":"https:\/\/www.lamaisondekarenchocolat.com\/en\/wp-json\/wp\/v2\/types\/product"}],"replies":[{"embeddable":true,"href":"https:\/\/www.lamaisondekarenchocolat.com\/en\/wp-json\/wp\/v2\/comments?post=4347"}],"wp:featuredmedia":[{"embeddable":true,"href":"https:\/\/www.lamaisondekarenchocolat.com\/en\/wp-json\/wp\/v2\/media\/5386"}],"wp:attachment":[{"href":"https:\/\/www.lamaisondekarenchocolat.com\/en\/wp-json\/wp\/v2\/media?parent=4347"}],"wp:term":[{"taxonomy":"product_cat","embeddable":true,"href":"https:\/\/www.lamaisondekarenchocolat.com\/en\/wp-json\/wp\/v2\/product_cat?post=4347"},{"taxonomy":"product_tag","embeddable":true,"href":"https:\/\/www.lamaisondekarenchocolat.com\/en\/wp-json\/wp\/v2\/product_tag?post=4347"}],"curies":[{"name":"wp","href":"https:\/\/api.w.org\/{rel}","templated":true}]}}