{"id":4210,"date":"2022-03-09T10:42:52","date_gmt":"2022-03-09T09:42:52","guid":{"rendered":"https:\/\/www.lamaisondekarenchocolat.com\/?post_type=product&#038;p=4210"},"modified":"2026-04-03T15:52:03","modified_gmt":"2026-04-03T13:52:03","slug":"oeuf-mendiant","status":"publish","type":"product","link":"https:\/\/www.lamaisondekarenchocolat.com\/en\/produit\/oeuf-mendiant\/","title":{"rendered":"Oeuf mendiant"},"content":{"rendered":"<p class=\"qtranxs-available-languages-message qtranxs-available-languages-message-en\">Sorry, this entry is only available in <a href=\"https:\/\/www.lamaisondekarenchocolat.com\/fr\/wp-json\/wp\/v2\/product\/4210\" class=\"qtranxs-available-language-link qtranxs-available-language-link-fr\" title=\"Fran\u00e7ais\">Fran\u00e7ais<\/a>. For the sake of viewer convenience, the content is shown below in the alternative language. You may click the link to switch the active language.<\/p>&nbsp;<\/p>\n<p>&nbsp;","protected":false},"excerpt":{"rendered":"<p class=\"qtranxs-available-languages-message qtranxs-available-languages-message-en\">Sorry, this entry is only available in <a href=\"https:\/\/www.lamaisondekarenchocolat.com\/fr\/wp-json\/wp\/v2\/product\/4210\" class=\"qtranxs-available-language-link qtranxs-available-language-link-fr\" title=\"Fran\u00e7ais\">Fran\u00e7ais<\/a>. For the sake of viewer convenience, the content is shown below in the alternative language. You may click the link to switch the active language.<\/p>\n<p><a style=\"color: #5c585b;\" href=\"\/\">Accueil<\/a> \u21d2 <a style=\"color: #5c585b;\" href=\"\/boutique\/\">Boutique<\/a> \u21d2 <a style=\"color: #5c585b;\" href=\"\/product-category\/chocolats-de-paques\/\">Packs de P\u00e2ques<\/a><\/p>\n<hr \/>\n<p><strong>Hauteur :<\/strong> 11,5 cm<br \/>\n<strong>Poids net :<\/strong> +\/- 90g<br \/>\n<strong>Prix au kilo :<\/strong> 143,33 \u20ac \/ Kg<\/p>\n<p>[vc_tta_accordion style=&#8221;flat&#8221; shape=&#8221;square&#8221; gap=&#8221;5&#8243; active_section=&#8221;&#8221; no_fill=&#8221;true&#8221; collapsible_all=&#8221;true&#8221;][vc_tta_section title=&#8221;description&#8221; tab_id=&#8221;1536219230039-0258e180-6db7&#8243;][vc_column_text]<br \/>\nMoulage en chocolat noir<br \/>\nincrust\u00e9 de fruits secs (p\u00e9can,<br \/>\namande, noisettes, baie de goji)<br \/>\n[\/vc_column_text][\/vc_tta_section] [vc_tta_section title=&#8221;livraison&#8221; tab_id=&#8221;1536228135987-31f6826c-78d5&#8243;][vc_column_text]<\/p>\n<ul>\n<li>Retrait gratuit dans notre boutique de Limonest du lundi au vendredi<\/li>\n<\/ul>\n<p><a href=\"\/informations-generales\/conditions-generales-vente\/#conditions-de-livraison\">En Savoir Plus<\/a><\/p>\n<p>[\/vc_column_text][\/vc_tta_section][\/vc_tta_accordion]<\/p>\n","protected":false},"featured_media":5368,"comment_status":"open","ping_status":"closed","template":"","meta":{"_seopress_robots_primary_cat":"122","_seopress_titles_title":"","_seopress_titles_desc":"F\u00eatez joyeusement P\u00e2ques gr\u00e2ce aux douceurs de Karen Chocolat ! D\u00e9gustez un gros oeuf en chocolat incrust\u00e9 de fruits secs torr\u00e9fi\u00e9s et caram\u00e9lis\u00e9s","_seopress_robots_index":"","om_disable_all_campaigns":false},"product_cat":[115,122],"product_tag":[123,27],"class_list":{"0":"post-4210","1":"product","2":"type-product","3":"status-publish","4":"has-post-thumbnail","6":"product_cat-chocolats-de-paques","7":"product_cat-les-oeufs-de-ouf","8":"product_tag-creation-originale","9":"product_tag-noir","10":"product_shipping_class-retrait-uniquement","12":"first","13":"instock","14":"taxable","15":"shipping-taxable","16":"purchasable","17":"product-type-simple"},"_links":{"self":[{"href":"https:\/\/www.lamaisondekarenchocolat.com\/en\/wp-json\/wp\/v2\/product\/4210","targetHints":{"allow":["GET"]}}],"collection":[{"href":"https:\/\/www.lamaisondekarenchocolat.com\/en\/wp-json\/wp\/v2\/product"}],"about":[{"href":"https:\/\/www.lamaisondekarenchocolat.com\/en\/wp-json\/wp\/v2\/types\/product"}],"replies":[{"embeddable":true,"href":"https:\/\/www.lamaisondekarenchocolat.com\/en\/wp-json\/wp\/v2\/comments?post=4210"}],"wp:featuredmedia":[{"embeddable":true,"href":"https:\/\/www.lamaisondekarenchocolat.com\/en\/wp-json\/wp\/v2\/media\/5368"}],"wp:attachment":[{"href":"https:\/\/www.lamaisondekarenchocolat.com\/en\/wp-json\/wp\/v2\/media?parent=4210"}],"wp:term":[{"taxonomy":"product_cat","embeddable":true,"href":"https:\/\/www.lamaisondekarenchocolat.com\/en\/wp-json\/wp\/v2\/product_cat?post=4210"},{"taxonomy":"product_tag","embeddable":true,"href":"https:\/\/www.lamaisondekarenchocolat.com\/en\/wp-json\/wp\/v2\/product_tag?post=4210"}],"curies":[{"name":"wp","href":"https:\/\/api.w.org\/{rel}","templated":true}]}}