{"id":3987,"date":"2021-11-13T06:55:09","date_gmt":"2021-11-13T05:55:09","guid":{"rendered":"https:\/\/www.lamaisondekarenchocolat.com\/?post_type=product&#038;p=3987"},"modified":"2026-02-22T12:40:14","modified_gmt":"2026-02-22T11:40:14","slug":"les-ptites-patisseries","status":"publish","type":"product","link":"https:\/\/www.lamaisondekarenchocolat.com\/en\/produit\/les-ptites-patisseries\/","title":{"rendered":"les p&#8217;tites p\u00e2tisseries"},"content":{"rendered":"<section class=\"wpb-content-wrapper\">[vc_row][vc_column]<div class=\"ult-just-icon-wrapper  \"><div class=\"align-icon\" style=\"text-align:center;\"><\/div><\/div>[\/vc_column][\/vc_row]\n<\/section>","protected":false},"excerpt":{"rendered":"<p><strong>Poids net :<\/strong>\u00a0environ 210g (1 boite)<br \/>\n<strong>Taille<\/strong> : 20cm x 13cm x 2cm<\/p>\n<p>[vc_tta_accordion style=&#8221;flat&#8221; shape=&#8221;square&#8221; gap=&#8221;5&#8243; active_section=&#8221;&#8221; no_fill=&#8221;true&#8221; collapsible_all=&#8221;true&#8221;][vc_tta_section title=&#8221;description&#8221; tab_id=&#8221;1536219230039-0258e180-6db7&#8243;][vc_column_text]Assortiment de 27 bonbons de chocolat (pralin\u00e9s, ganaches, p\u00e2tes d&#8217;amande, caramels, bulles fruit\u00e9es). Chocolat garanti pur beurre de cacao.<\/p>\n<p style=\"text-align: right;\"><em>Faites d\u00e9coller les saveurs,<\/em><br \/>\n<em>Appareillez pour le croquant,<\/em><br \/>\n<em>Carapatez-vous vers la douceur,<\/em><br \/>\n<em>Embarquez dans la tendresse,<\/em><br \/>\n<em>Envolez-vous pour le moelleux,<\/em><br \/>\n<em>Prenez la barre et mettez les bouts&#8230;<\/em><br \/>\n<em>de chocolat :<\/em><br \/>\n<em>J&#8217;emm\u00e8ne vos papilles en voyage.<\/em><\/p>\n<p>[\/vc_column_text][\/vc_tta_section][vc_tta_section title=&#8221;composition&#8221; tab_id=&#8221;1536219571195-c5986e6c-08a3&#8243;][vc_row_inner equal_height=&#8221;yes&#8221; content_placement=&#8221;middle&#8221; gap=&#8221;2&#8243; css=&#8221;.vc_custom_1536419490446{margin: 0px !important;border-width: 0px !important;padding: 0px !important;}&#8221;][vc_column_inner width=&#8221;1\/3&#8243;][just_icon icon_type=\"custom\" icon_img=\"id^1988|url^https:\/\/www.lamaisondekarenchocolat.com\/wp-content\/uploads\/Ganache-Pure-Origine-R\u00e9publique-Dominicaine-64.png|caption^Ganache Pure Origine R\u00e9publique Dominicaine 64%|alt^Ganache Pure Origine R\u00e9publique Dominicaine 64%|title^Ganache Pure Origine R\u00e9publique Dominicaine 64%|description^Ganache Pure Origine R\u00e9publique Dominicaine 64%\" img_width=\"96\" icon_style=\"advanced\" icon_color_bg=\"\" icon_border_style=\"solid\" icon_color_border=\"#c9bdc6\" icon_border_size=\"1\" icon_border_radius=\"0\" icon_border_spacing=\"0\" tooltip_disp=\"bottom\" tooltip_text=\"1 Ganache, Pure Origine R\u00e9publique Dominicaine 64%\"][\/vc_column_inner][vc_column_inner width=&#8221;1\/3&#8243;][just_icon icon_type=\"custom\" icon_img=\"id^1992|url^https:\/\/www.lamaisondekarenchocolat.com\/wp-content\/uploads\/Boutique-Karen-Chocolat-Ganache-Pure-Origine-Madagascar-72-180.png|caption^Boutique Karen Chocolat Ganache Pure Origine Madagascar 72% 180|alt^Boutique Karen Chocolat Ganache Pure Origine Madagascar 72% 180|title^Boutique Karen Chocolat Ganache Pure Origine Madagascar 72% 180|description^Boutique Karen Chocolat Ganache Pure Origine Madagascar 72% 180\" img_width=\"96\" icon_style=\"advanced\" icon_color_bg=\"\" icon_border_style=\"solid\" icon_color_border=\"#c9bdc6\" icon_border_size=\"1\" icon_border_radius=\"0\" icon_border_spacing=\"0\" tooltip_disp=\"bottom\" tooltip_text=\"1 Ganache, Pure Origine Madagascar 72%\"][\/vc_column_inner][vc_column_inner width=&#8221;1\/3&#8243;][just_icon icon_type=\"custom\" icon_img=\"id^1994|url^https:\/\/www.lamaisondekarenchocolat.com\/wp-content\/uploads\/Boutique-Karen-Chocolat-Ganache-Pure-Origine-P\u00e9rou-72-180.png|caption^Boutique Karen Chocolat Ganache Pure Origine P\u00e9rou 72% 180|alt^Boutique Karen Chocolat Ganache Pure Origine P\u00e9rou 72% 180|title^Boutique Karen Chocolat Ganache Pure Origine P\u00e9rou 72% 180|description^Boutique Karen Chocolat Ganache Pure Origine P\u00e9rou 72% 180\" img_width=\"96\" icon_style=\"advanced\" icon_color_bg=\"\" icon_border_style=\"solid\" icon_color_border=\"#c9bdc6\" icon_border_size=\"1\" icon_border_radius=\"0\" icon_border_spacing=\"0\" tooltip_disp=\"bottom\" tooltip_text=\"1 Ganache, Pure Origine P\u00e9rou 72%\"][\/vc_column_inner][\/vc_row_inner][vc_row_inner equal_height=&#8221;yes&#8221; content_placement=&#8221;middle&#8221; gap=&#8221;2&#8243; css=&#8221;.vc_custom_1536419490446{margin: 0px !important;border-width: 0px !important;padding: 0px !important;}&#8221;][vc_column_inner width=&#8221;1\/3&#8243;][just_icon icon_type=\"custom\" icon_img=\"id^1995|url^https:\/\/www.lamaisondekarenchocolat.com\/wp-content\/uploads\/Boutique-Karen-Chocolat-Ganache-Pure-Origine-Vietnam-64-Poivre-de-Sichuan-180.png|caption^Boutique Karen Chocolat Ganache Pure Origine Vietnam 64% Poivre de Sichuan 180|alt^Boutique Karen Chocolat Ganache Pure Origine Vietnam 64% Poivre de Sichuan 180|title^Boutique Karen Chocolat Ganache Pure Origine Vietnam 64% Poivre de Sichuan 180|description^Boutique Karen Chocolat Ganache Pure Origine Vietnam 64% Poivre de Sichuan 180\" img_width=\"96\" icon_style=\"advanced\" icon_color_bg=\"\" icon_border_style=\"solid\" icon_color_border=\"#c9bdc6\" icon_border_size=\"1\" icon_border_radius=\"0\" icon_border_spacing=\"0\" tooltip_disp=\"bottom\" tooltip_text=\"1 Ganache, Pure Origine Vietnam 64%, Poivre de Sichuan\"][\/vc_column_inner][vc_column_inner width=&#8221;1\/3&#8243;][just_icon icon_type=\"custom\" icon_img=\"id^1986|url^https:\/\/www.lamaisondekarenchocolat.com\/wp-content\/uploads\/Boutique-Karen-Chocolat-Ganache-Noire-F\u00e8ve-de-Tonka-Vanille-180.png|caption^Boutique Karen Chocolat Ganache Noire F\u00e8ve de Tonka Vanille 180|alt^Boutique Karen Chocolat Ganache Noire F\u00e8ve de Tonka Vanille 180|title^Boutique Karen Chocolat Ganache Noire F\u00e8ve de Tonka Vanille 180|description^Boutique Karen Chocolat Ganache Noire F\u00e8ve de Tonka Vanille 180\" img_width=\"96\" icon_style=\"advanced\" icon_color_bg=\"\" icon_border_style=\"solid\" icon_color_border=\"#c9bdc6\" icon_border_size=\"1\" icon_border_radius=\"0\" icon_border_spacing=\"0\" tooltip_disp=\"bottom\" tooltip_text=\"1 Ganache Noire, F\u00e8ve de Tonka, Vanille\"][\/vc_column_inner][vc_column_inner width=&#8221;1\/3&#8243;][just_icon icon_type=\"custom\" icon_img=\"id^1996|url^https:\/\/www.lamaisondekarenchocolat.com\/wp-content\/uploads\/Boutique-Karen-Chocolat-Ganache-Citron-Gingembre-180.png|caption^Boutique Karen Chocolat Ganache Citron Gingembre 180|alt^Boutique Karen Chocolat Ganache Citron Gingembre 180|title^Boutique Karen Chocolat Ganache Citron Gingembre 180|description^Boutique Karen Chocolat Ganache Citron Gingembre 180\" img_width=\"96\" icon_style=\"advanced\" icon_color_bg=\"\" icon_border_style=\"solid\" icon_color_border=\"#c9bdc6\" icon_border_size=\"1\" icon_border_radius=\"0\" icon_border_spacing=\"0\" tooltip_disp=\"bottom\" tooltip_text=\"1 Ganache, Citron, Gingembre\"][\/vc_column_inner][\/vc_row_inner][vc_row_inner equal_height=&#8221;yes&#8221; content_placement=&#8221;middle&#8221; gap=&#8221;2&#8243; css=&#8221;.vc_custom_1536419490446{margin: 0px !important;border-width: 0px !important;padding: 0px !important;}&#8221;][vc_column_inner width=&#8221;1\/3&#8243;][just_icon icon_type=\"custom\" icon_img=\"id^1997|url^https:\/\/www.lamaisondekarenchocolat.com\/wp-content\/uploads\/Boutique-Karen-Chocolat-Ganache-Framboise-Piment-dEspelette-180.png|caption^Boutique Karen Chocolat Ganache Framboise Piment d'Espelette 180|alt^Boutique Karen Chocolat Ganache Framboise Piment d'Espelette 180|title^Boutique Karen Chocolat Ganache Framboise Piment d'Espelette 180|description^Boutique Karen Chocolat Ganache Framboise Piment d'Espelette 180\" img_width=\"96\" icon_style=\"advanced\" icon_color_bg=\"\" icon_border_style=\"solid\" icon_color_border=\"#c9bdc6\" icon_border_size=\"1\" icon_border_radius=\"0\" icon_border_spacing=\"0\" tooltip_disp=\"bottom\" tooltip_text=\"1 Ganache, Framboise, Piment d'Espelette\"][\/vc_column_inner][vc_column_inner width=&#8221;1\/3&#8243;][just_icon icon_type=\"custom\" icon_img=\"id^1998|url^https:\/\/www.lamaisondekarenchocolat.com\/wp-content\/uploads\/Boutique-Karen-Chocolat-Ganache-Rhum-Raisins-180.png|caption^Boutique Karen Chocolat Ganache Rhum Raisins 180|alt^Boutique Karen Chocolat Ganache Rhum Raisins 180|title^Boutique Karen Chocolat Ganache Rhum Raisins 180|description^Boutique Karen Chocolat Ganache Rhum Raisins 180\" img_width=\"96\" icon_style=\"advanced\" icon_color_bg=\"\" icon_border_style=\"solid\" icon_color_border=\"#c9bdc6\" icon_border_size=\"1\" icon_border_radius=\"0\" icon_border_spacing=\"0\" tooltip_disp=\"bottom\" tooltip_text=\"1 Ganache Rhum, Raisins\"][\/vc_column_inner][vc_column_inner width=&#8221;1\/3&#8243;][just_icon icon_type=\"custom\" icon_img=\"id^1999|url^https:\/\/www.lamaisondekarenchocolat.com\/wp-content\/uploads\/Boutique-Karen-Chocolat-Ganache-Basilic-Citronnelle-180.png|caption^Boutique Karen Chocolat Ganache Basilic Citronnelle 180|alt^Boutique Karen Chocolat Ganache Basilic Citronnelle 180|title^Boutique Karen Chocolat Ganache Basilic Citronnelle 180|description^Boutique Karen Chocolat Ganache Basilic Citronnelle 180\" img_width=\"96\" icon_style=\"advanced\" icon_color_bg=\"\" icon_border_style=\"solid\" icon_color_border=\"#c9bdc6\" icon_border_size=\"1\" icon_border_radius=\"0\" icon_border_spacing=\"0\" tooltip_disp=\"bottom\" tooltip_text=\"1 Ganache Basilic, Citronnelle\"][\/vc_column_inner][\/vc_row_inner][vc_row_inner equal_height=&#8221;yes&#8221; content_placement=&#8221;middle&#8221; gap=&#8221;2&#8243; css=&#8221;.vc_custom_1536419490446{margin: 0px !important;border-width: 0px !important;padding: 0px !important;}&#8221;][vc_column_inner width=&#8221;1\/3&#8243;][just_icon icon_type=\"custom\" icon_img=\"id^2001|url^https:\/\/www.lamaisondekarenchocolat.com\/wp-content\/uploads\/Boutique-Karen-Chocolat-Ganache-Miel-de-Ch\u00e2taignier-180.png|caption^Boutique Karen Chocolat Ganache Miel de Ch\u00e2taignier 180|alt^Boutique Karen Chocolat Ganache Miel de Ch\u00e2taignier 180|title^Boutique Karen Chocolat Ganache Miel de Ch\u00e2taignier 180|description^Boutique Karen Chocolat Ganache Miel de Ch\u00e2taignier 180\" img_width=\"96\" icon_style=\"advanced\" icon_color_bg=\"\" icon_border_style=\"solid\" icon_color_border=\"#c9bdc6\" icon_border_size=\"1\" icon_border_radius=\"0\" icon_border_spacing=\"0\" tooltip_disp=\"bottom\" tooltip_text=\"1 Ganache Miel de Ch\u00e2taignier\"][\/vc_column_inner][vc_column_inner width=&#8221;1\/3&#8243;][just_icon icon_type=\"custom\" icon_img=\"id^2002|url^https:\/\/www.lamaisondekarenchocolat.com\/wp-content\/uploads\/Ganache-Fruit-de-la-Passion-Clou-de-Girofle.png|caption^Ganache Fruit de la Passion Clou de Girofle|alt^Ganache Fruit de la Passion Clou de Girofle|title^Ganache Fruit de la Passion Clou de Girofle|description^Ganache Fruit de la Passion Clou de Girofle\" img_width=\"96\" icon_style=\"advanced\" icon_color_bg=\"\" icon_border_style=\"solid\" icon_color_border=\"#c9bdc6\" icon_border_size=\"1\" icon_border_radius=\"0\" icon_border_spacing=\"0\" tooltip_disp=\"bottom\" tooltip_text=\"1 Ganache Fruit de la Passion, Clou de Girofle\"][\/vc_column_inner][vc_column_inner width=&#8221;1\/3&#8243;][just_icon icon_type=\"custom\" icon_img=\"id^2003|url^https:\/\/www.lamaisondekarenchocolat.com\/wp-content\/uploads\/Boutique-Karen-Chocolat-Ganache-Chocolat-au-Lait-50-180.png|caption^Boutique Karen Chocolat Ganache Chocolat au Lait 50% 180|alt^Boutique Karen Chocolat Ganache Chocolat au Lait 50% 180|title^Boutique Karen Chocolat Ganache Chocolat au Lait 50% 180|description^Boutique Karen Chocolat Ganache Chocolat au Lait 50% 180\" img_width=\"96\" icon_style=\"advanced\" icon_color_bg=\"\" icon_border_style=\"solid\" icon_color_border=\"#c9bdc6\" icon_border_size=\"1\" icon_border_radius=\"0\" icon_border_spacing=\"0\" tooltip_disp=\"bottom\" tooltip_text=\"1 Ganache Chocolat au Lait 50%\"][\/vc_column_inner][\/vc_row_inner][vc_row_inner equal_height=&#8221;yes&#8221; content_placement=&#8221;middle&#8221; gap=&#8221;2&#8243; css=&#8221;.vc_custom_1536419490446{margin: 0px !important;border-width: 0px !important;padding: 0px !important;}&#8221;][vc_column_inner width=&#8221;1\/3&#8243;][just_icon icon_type=\"custom\" icon_img=\"id^2004|url^https:\/\/www.lamaisondekarenchocolat.com\/wp-content\/uploads\/Boutique-Karen-Chocolat-Ganache-Marron-Confit-Pamplemousse-180.png|caption^Boutique Karen Chocolat Ganache Marron Confit Pamplemousse 180|alt^Boutique Karen Chocolat Ganache Marron Confit Pamplemousse 180|title^Boutique Karen Chocolat Ganache Marron Confit Pamplemousse 180|description^Boutique Karen Chocolat Ganache Marron Confit Pamplemousse 180\" img_width=\"96\" icon_style=\"advanced\" icon_color_bg=\"\" icon_border_style=\"solid\" icon_color_border=\"#c9bdc6\" icon_border_size=\"1\" icon_border_radius=\"0\" icon_border_spacing=\"0\" tooltip_disp=\"bottom\" tooltip_text=\"1 Ganache Marron Confit, Pamplemousse\"][\/vc_column_inner][vc_column_inner width=&#8221;1\/3&#8243;][just_icon icon_type=\"custom\" icon_img=\"id^2005|url^https:\/\/www.lamaisondekarenchocolat.com\/wp-content\/uploads\/Boutique-Karen-Caramel-Chocolat-au-Lait-Fleur-de-Sel-180.png|caption^Boutique Karen Caramel Chocolat au Lait Fleur de Sel 180|alt^Boutique Karen Caramel Chocolat au Lait Fleur de Sel 180|title^Boutique Karen Caramel Chocolat au Lait Fleur de Sel 180|description^Boutique Karen Caramel Chocolat au Lait Fleur de Sel 180\" img_width=\"96\" icon_style=\"advanced\" icon_color_bg=\"\" icon_border_style=\"solid\" icon_color_border=\"#c9bdc6\" icon_border_size=\"1\" icon_border_radius=\"0\" icon_border_spacing=\"0\" tooltip_disp=\"bottom\" tooltip_text=\"2 Caramels Chocolat au Lait, Fleur de Sel\"][\/vc_column_inner][vc_column_inner width=&#8221;1\/3&#8243;][just_icon icon_type=\"custom\" icon_img=\"id^2006|url^https:\/\/www.lamaisondekarenchocolat.com\/wp-content\/uploads\/Boutique-Karen-Chocolat-Pralin\u00e9-S\u00e9same-Amandes-Noisettes-180.png|caption^Boutique Karen Chocolat Pralin\u00e9 S\u00e9same Amandes Noisettes 180|alt^Boutique Karen Chocolat Pralin\u00e9 S\u00e9same Amandes Noisettes 180|title^Boutique Karen Chocolat Pralin\u00e9 S\u00e9same Amandes Noisettes 180|description^Boutique Karen Chocolat Pralin\u00e9 S\u00e9same Amandes Noisettes 180\" img_width=\"96\" icon_style=\"advanced\" icon_color_bg=\"\" icon_border_style=\"solid\" icon_color_border=\"#c9bdc6\" icon_border_size=\"1\" icon_border_radius=\"0\" icon_border_spacing=\"0\" tooltip_disp=\"bottom\" tooltip_text=\"2 Pralin\u00e9s S\u00e9same, Amandes, Noisettes\"][\/vc_column_inner][\/vc_row_inner][vc_row_inner equal_height=&#8221;yes&#8221; content_placement=&#8221;middle&#8221; gap=&#8221;2&#8243; css=&#8221;.vc_custom_1536419490446{margin: 0px !important;border-width: 0px !important;padding: 0px !important;}&#8221;][vc_column_inner width=&#8221;1\/3&#8243;][just_icon icon_type=\"custom\" icon_img=\"id^2014|url^https:\/\/www.lamaisondekarenchocolat.com\/wp-content\/uploads\/Boutique-Karen-Chocolat-Pralin\u00e9-Cacahu\u00e8te-Fleur-de-Sel-180.png|caption^Boutique Karen Chocolat Pralin\u00e9 Cacahu\u00e8te Fleur de Sel 180|alt^Boutique Karen Chocolat Pralin\u00e9 Cacahu\u00e8te Fleur de Sel 180|title^Boutique Karen Chocolat Pralin\u00e9 Cacahu\u00e8te Fleur de Sel 180|description^Boutique Karen Chocolat Pralin\u00e9 Cacahu\u00e8te Fleur de Sel 180\" img_width=\"96\" icon_style=\"advanced\" icon_color_bg=\"\" icon_border_style=\"solid\" icon_color_border=\"#c9bdc6\" icon_border_size=\"1\" icon_border_radius=\"0\" icon_border_spacing=\"0\" tooltip_disp=\"bottom\" tooltip_text=\"1 Pralin\u00e9 Cacahu\u00e8te, Fleur de Sel\"][\/vc_column_inner][vc_column_inner width=&#8221;1\/3&#8243;][just_icon icon_type=\"custom\" icon_img=\"id^2015|url^https:\/\/www.lamaisondekarenchocolat.com\/wp-content\/uploads\/Boutique-Karen-Chocolat-Pralin\u00e9-Noix-de-P\u00e9can-Amandes-Noisettes-180.png|caption^Boutique Karen Chocolat Pralin\u00e9 Noix de P\u00e9can Amandes Noisettes 180|alt^Boutique Karen Chocolat Pralin\u00e9 Noix de P\u00e9can Amandes Noisettes 180|title^Boutique Karen Chocolat Pralin\u00e9 Noix de P\u00e9can Amandes Noisettes 180|description^Boutique Karen Chocolat Pralin\u00e9 Noix de P\u00e9can Amandes Noisettes 180\" img_width=\"96\" icon_style=\"advanced\" icon_color_bg=\"\" icon_border_style=\"solid\" icon_color_border=\"#c9bdc6\" icon_border_size=\"1\" icon_border_radius=\"0\" icon_border_spacing=\"0\" tooltip_disp=\"bottom\" tooltip_text=\"2 Pralin\u00e9s Noix de P\u00e9can, Amandes, Noisettes\"][\/vc_column_inner][vc_column_inner width=&#8221;1\/3&#8243;][just_icon icon_type=\"custom\" icon_img=\"id^2016|url^https:\/\/www.lamaisondekarenchocolat.com\/wp-content\/uploads\/Boutique-Karen-Chocolat-Pralin\u00e9-Citron-Cumbawa-Anis-vert-Amandes-180.png|caption^Boutique Karen Chocolat Pralin\u00e9 Citron Cumbawa Anis vert Amandes 180|alt^Boutique Karen Chocolat Pralin\u00e9 Citron Cumbawa Anis vert Amandes 180|title^Boutique Karen Chocolat Pralin\u00e9 Citron Cumbawa Anis vert Amandes 180|description^Boutique Karen Chocolat Pralin\u00e9 Citron Cumbawa Anis vert Amandes 180\" img_width=\"96\" icon_style=\"advanced\" icon_color_bg=\"\" icon_border_style=\"solid\" icon_color_border=\"#c9bdc6\" icon_border_size=\"1\" icon_border_radius=\"0\" icon_border_spacing=\"0\" tooltip_disp=\"bottom\" tooltip_text=\"1 Pralin\u00e9 Citron Combawa, Anis vert, Amandes\"][\/vc_column_inner][\/vc_row_inner][vc_row_inner equal_height=&#8221;yes&#8221; content_placement=&#8221;middle&#8221; gap=&#8221;2&#8243; css=&#8221;.vc_custom_1536419490446{margin: 0px !important;border-width: 0px !important;padding: 0px !important;}&#8221;][vc_column_inner width=&#8221;1\/3&#8243;][just_icon icon_type=\"custom\" icon_img=\"id^2017|url^https:\/\/www.lamaisondekarenchocolat.com\/wp-content\/uploads\/Boutique-Karen-P\u00e2te-dAmandes-Chocolat-Noir-Chartreuse-Orange-Cardamome-180.png|caption^Boutique Karen P\u00e2te d'Amandes Chocolat Noir Chartreuse Orange Cardamome 180|alt^Boutique Karen P\u00e2te d'Amandes Chocolat Noir Chartreuse Orange Cardamome 180|title^Boutique Karen P\u00e2te d'Amandes Chocolat Noir Chartreuse Orange Cardamome 180|description^Boutique Karen P\u00e2te d'Amandes Chocolat Noir Chartreuse Orange Cardamome 180\" img_width=\"96\" icon_style=\"advanced\" icon_color_bg=\"\" icon_border_style=\"solid\" icon_color_border=\"#c9bdc6\" icon_border_size=\"1\" icon_border_radius=\"0\" icon_border_spacing=\"0\" tooltip_disp=\"bottom\" tooltip_text=\"1 P\u00e2te d'Amandes Chocolat Noir, Chartreuse, Orange Cardamome\"][\/vc_column_inner][vc_column_inner width=&#8221;1\/3&#8243;][just_icon icon_type=\"custom\" icon_img=\"id^2018|url^https:\/\/www.lamaisondekarenchocolat.com\/wp-content\/uploads\/Boutique-Karen-P\u00e2te-dAmandes-Chocolat-Noir-Amande-Pistache-180.png|caption^Boutique Karen P\u00e2te d'Amandes Chocolat Noir Amande Pistache 180|alt^Boutique Karen P\u00e2te d'Amandes Chocolat Noir Amande Pistache 180|title^Boutique Karen P\u00e2te d'Amandes Chocolat Noir Amande Pistache 180|description^Boutique Karen P\u00e2te d'Amandes Chocolat Noir Amande Pistache 180\" img_width=\"96\" icon_style=\"advanced\" icon_color_bg=\"\" icon_border_style=\"solid\" icon_color_border=\"#c9bdc6\" icon_border_size=\"1\" icon_border_radius=\"0\" icon_border_spacing=\"0\" tooltip_disp=\"bottom\" tooltip_text=\"1 P\u00e2te d'Amandes Chocolat Noir, Amandes, Pistaches\"][\/vc_column_inner][vc_column_inner width=&#8221;1\/3&#8243;][just_icon icon_type=\"custom\" icon_img=\"id^2019|url^https:\/\/www.lamaisondekarenchocolat.com\/wp-content\/uploads\/Boutique-Karen-Chocolat-Caramel-Coulant-Orange-Am\u00e8re-Cardamome-180.png|caption^Boutique Karen Chocolat Caramel Coulant Orange Am\u00e8re Cardamome 180|alt^Boutique Karen Chocolat Caramel Coulant Orange Am\u00e8re Cardamome 180|title^Boutique Karen Chocolat Caramel Coulant Orange Am\u00e8re Cardamome 180|description^Boutique Karen Chocolat Caramel Coulant Orange Am\u00e8re Cardamome 180\" img_width=\"96\" icon_style=\"advanced\" icon_color_bg=\"\" icon_border_style=\"solid\" icon_color_border=\"#c9bdc6\" icon_border_size=\"1\" icon_border_radius=\"0\" icon_border_spacing=\"0\" tooltip_disp=\"bottom\" tooltip_text=\"1 Caramel Coulant Orange Am\u00e8re, Cardamome\"][\/vc_column_inner][\/vc_row_inner][vc_column_text css=&#8221;.vc_custom_1541623545814{padding-bottom: 5% !important;}&#8221;]<\/p>\n<p style=\"text-align: center;\">1 boite de 27 bonbons de chocolat<\/p>\n<p>[\/vc_column_text][\/vc_tta_section][vc_tta_section title=&#8221;ingr\u00e9dients et conservation&#8221; tab_id=&#8221;1536228048928-f00bc3dc-af36&#8243;][vc_column_text]<\/p>\n<p style=\"text-align: justify;\">Ingr\u00e9dients\u00a0: Chocolat noir, lait et blanc (p\u00e2te de cacao, beurre de cacao, poudre de <strong>lait<\/strong>, sucre, \u00e9mulsifiant : l\u00e9cithine de\u00a0<strong>soja<\/strong>, ar\u00f4me naturel de vanille),\u00a0<strong>cr\u00e8me<\/strong> enti\u00e8re liquide, pur\u00e9e de fruit (fruit de la passion, citron, framboise, m\u00fbre, fraise, bergamite, ananas,\u00a0<strong>coco<\/strong>), dextrose, glucose, <strong>beurre<\/strong>, beurre de cacao, stabilisant : sorbitol, <strong>amandes,\u00a0<\/strong>noisettes, miel de ch\u00e2taignier, p\u00e2te et cr\u00e8me de marron, concentr\u00e9 de mandarine, raisins secs, <strong>noix de p\u00e9can, <\/strong>cacahu\u00e8tes, s\u00e9same, p\u00e2te de <strong>pistache<\/strong>, p\u00e2te d&#8217;orange, p\u00e2te de <strong>coco<\/strong>, vin du Beaujolais, vanille gousse et extrait, f\u00e8ve de Tonka, clou de girofle, anis vert, fleur de sel, gingembre, basilic, citronnelle, menthe, thym, huile essentielle de basilic, poivre de Sichuan, piment d&#8217;Espelette, cardamome, zestes d&#8217;agrumes, liqueurs de fruit, kirsch, chartreuse verte.<\/p>\n<p>Conservation\u00a0: Se conserve 3 semaines dans un endroit sec et frais ( entre 12\u00b0C et 18\u00b0C ). Ne pas mettre au frigo, ne pas congeler.[\/vc_column_text][\/vc_tta_section][vc_tta_section title=&#8221;livraison&#8221; tab_id=&#8221;1536228135987-31f6826c-78d5&#8243;][vc_column_text]<\/p>\n<ul>\n<li>Forfait de\u00a013 \u20ac TTC<\/li>\n<li>Frais de port offerts \u00e0 partir d&#8217;un montant d&#8217;achat de 75\u00a0\u20ac\u00a0TTC<\/li>\n<li>Livraison en France m\u00e9tropolitaine et en Corse, par Colissimo.<\/li>\n<\/ul>\n<p><a href=\"\/informations-generales\/conditions-generales-vente\/#conditions-de-livraison\">En Savoir Plus<\/a>[\/vc_column_text][\/vc_tta_section][\/vc_tta_accordion]<\/p>\n","protected":false},"featured_media":4464,"comment_status":"open","ping_status":"closed","template":"","meta":{"_seopress_robots_primary_cat":"none","_seopress_titles_title":"","_seopress_titles_desc":"Tarte au citron, mont blanc, succ\u00e8s, op\u00e9ra et for\u00eat noire : 5 grands classiques de la p\u00e2tisserie fran\u00e7aise en format chocolat. Une v\u00e9ritable madeleine de Proust \u00e0 chaque bouch\u00e9e !","_seopress_robots_index":"","om_disable_all_campaigns":false},"product_cat":[15,124],"product_tag":[40,155,41,43,26,27],"class_list":{"0":"post-3987","1":"product","2":"type-product","3":"status-publish","4":"has-post-thumbnail","6":"product_cat-les-thematiques","7":"product_cat-les-boites-specialites","8":"product_tag-assortiments","9":"product_tag-blanc","10":"product_tag-bonbons","11":"product_tag-ganaches","12":"product_tag-lait","13":"product_tag-noir","14":"product_shipping_class-chocolats-classiques","16":"first","17":"instock","18":"taxable","19":"shipping-taxable","20":"purchasable","21":"product-type-simple"},"_links":{"self":[{"href":"https:\/\/www.lamaisondekarenchocolat.com\/en\/wp-json\/wp\/v2\/product\/3987","targetHints":{"allow":["GET"]}}],"collection":[{"href":"https:\/\/www.lamaisondekarenchocolat.com\/en\/wp-json\/wp\/v2\/product"}],"about":[{"href":"https:\/\/www.lamaisondekarenchocolat.com\/en\/wp-json\/wp\/v2\/types\/product"}],"replies":[{"embeddable":true,"href":"https:\/\/www.lamaisondekarenchocolat.com\/en\/wp-json\/wp\/v2\/comments?post=3987"}],"wp:featuredmedia":[{"embeddable":true,"href":"https:\/\/www.lamaisondekarenchocolat.com\/en\/wp-json\/wp\/v2\/media\/4464"}],"wp:attachment":[{"href":"https:\/\/www.lamaisondekarenchocolat.com\/en\/wp-json\/wp\/v2\/media?parent=3987"}],"wp:term":[{"taxonomy":"product_cat","embeddable":true,"href":"https:\/\/www.lamaisondekarenchocolat.com\/en\/wp-json\/wp\/v2\/product_cat?post=3987"},{"taxonomy":"product_tag","embeddable":true,"href":"https:\/\/www.lamaisondekarenchocolat.com\/en\/wp-json\/wp\/v2\/product_tag?post=3987"}],"curies":[{"name":"wp","href":"https:\/\/api.w.org\/{rel}","templated":true}]}}