{"id":3685,"date":"2021-02-05T22:59:16","date_gmt":"2021-02-05T21:59:16","guid":{"rendered":"https:\/\/www.lamaisondekarenchocolat.com\/?post_type=product&#038;p=3685"},"modified":"2025-10-06T20:56:18","modified_gmt":"2025-10-06T18:56:18","slug":"pate-tartiner-noix-pecan","status":"publish","type":"product","link":"https:\/\/www.lamaisondekarenchocolat.com\/en\/produit\/pate-tartiner-noix-pecan\/","title":{"rendered":"la p\u00e2te \u00e0 tartiner noix de p\u00e9can 300g"},"content":{"rendered":"","protected":false},"excerpt":{"rendered":"<p><strong>Poids net :<\/strong> environ 325g<br \/>\n<strong>Taille<\/strong> : 7,2cm x 7,2cm x 10,5cm<\/p>\n[shortcodehub id='3688']\n","protected":false},"featured_media":5124,"comment_status":"open","ping_status":"closed","template":"","meta":{"_seopress_robots_primary_cat":"none","_seopress_titles_title":"","_seopress_titles_desc":"Donnez \u00e0 vos enfants un produit sain pour remplacer le Nutella. La p\u00e2te \u00e0 tartiner de Karen Bonnet, artisan chocolatier, m\u00eale chocolat de qualit\u00e9, noisettes et noix de p\u00e9can.","_seopress_robots_index":"","om_disable_all_campaigns":false},"product_cat":[32],"product_tag":[151,152,153],"class_list":{"0":"post-3685","1":"product","2":"type-product","3":"status-publish","4":"has-post-thumbnail","6":"product_cat-les-gourmandises","7":"product_tag-noisette","8":"product_tag-noix-de-pecan","9":"product_tag-pate-a-tartiner","10":"product_shipping_class-chocolats-classiques","12":"first","13":"instock","14":"taxable","15":"shipping-taxable","16":"purchasable","17":"product-type-simple"},"_links":{"self":[{"href":"https:\/\/www.lamaisondekarenchocolat.com\/en\/wp-json\/wp\/v2\/product\/3685","targetHints":{"allow":["GET"]}}],"collection":[{"href":"https:\/\/www.lamaisondekarenchocolat.com\/en\/wp-json\/wp\/v2\/product"}],"about":[{"href":"https:\/\/www.lamaisondekarenchocolat.com\/en\/wp-json\/wp\/v2\/types\/product"}],"replies":[{"embeddable":true,"href":"https:\/\/www.lamaisondekarenchocolat.com\/en\/wp-json\/wp\/v2\/comments?post=3685"}],"wp:featuredmedia":[{"embeddable":true,"href":"https:\/\/www.lamaisondekarenchocolat.com\/en\/wp-json\/wp\/v2\/media\/5124"}],"wp:attachment":[{"href":"https:\/\/www.lamaisondekarenchocolat.com\/en\/wp-json\/wp\/v2\/media?parent=3685"}],"wp:term":[{"taxonomy":"product_cat","embeddable":true,"href":"https:\/\/www.lamaisondekarenchocolat.com\/en\/wp-json\/wp\/v2\/product_cat?post=3685"},{"taxonomy":"product_tag","embeddable":true,"href":"https:\/\/www.lamaisondekarenchocolat.com\/en\/wp-json\/wp\/v2\/product_tag?post=3685"}],"curies":[{"name":"wp","href":"https:\/\/api.w.org\/{rel}","templated":true}]}}