{"id":2411,"date":"2019-03-26T19:44:52","date_gmt":"2019-03-26T18:44:52","guid":{"rendered":"https:\/\/www.lamaisondekarenchocolat.com\/?post_type=product&#038;p=2411"},"modified":"2026-04-04T09:17:30","modified_gmt":"2026-04-04T07:17:30","slug":"petite-poule-en-chocolat","status":"publish","type":"product","link":"https:\/\/www.lamaisondekarenchocolat.com\/en\/produit\/petite-poule-en-chocolat\/","title":{"rendered":"Ma P\u2019tite Poule"},"content":{"rendered":"","protected":false},"excerpt":{"rendered":"<p class=\"qtranxs-available-languages-message qtranxs-available-languages-message-en\">Sorry, this entry is only available in <a href=\"https:\/\/www.lamaisondekarenchocolat.com\/fr\/wp-json\/wp\/v2\/product\/2411\" class=\"qtranxs-available-language-link qtranxs-available-language-link-fr\" title=\"Fran\u00e7ais\">Fran\u00e7ais<\/a>. For the sake of viewer convenience, the content is shown below in the alternative language. You may click the link to switch the active language.<\/p>\n<p><a style=\"color: #5c585b;\" href=\"\/\">Accueil<\/a> \u21d2 <a style=\"color: #5c585b;\" href=\"\/boutique\/\">Boutique<\/a> \u21d2 <a style=\"color: #5c585b;\" href=\"\/product-category\/chocolats-de-paques\/\">Packs de P\u00e2ques<\/a><\/p>\n<hr \/>\n<p><strong>Poids net :<\/strong> 60 g<br \/>\n<strong>Hauteur :<\/strong> 6,5 cm<br \/>\n<strong>Prix au kilo :<\/strong> 131,67 \u20ac<\/p>\n<p>[vc_tta_accordion style=&#8221;flat&#8221; shape=&#8221;square&#8221; gap=&#8221;5&#8243; active_section=&#8221;&#8221; no_fill=&#8221;true&#8221; collapsible_all=&#8221;true&#8221;][vc_tta_section title=&#8221;description&#8221; tab_id=&#8221;1536219230039-0258e180-6db7&#8243;][vc_column_text]<\/p>\n<p>Moulage en chocolat noir 70% ou lait 42% garni de fritures, oeufs pralin\u00e9s au s\u00e9same croustillants, oeufs nougatine et oeufs sucre<\/p>\n<p>[\/vc_column_text][\/vc_tta_section][vc_tta_section title=&#8221;composition&#8221; tab_id=&#8221;1536219571195-c5986e6c-08a3&#8243;][vc_column_text]<\/p>\n<ul>\n<li><strong>Ma p&#8217;tite poule noir &#8211; garnie :<\/strong> Moulage et fritures en <strong>chocolat noir 69%<\/strong> (p\u00e2te de cacao, sucre, beurre de cacao, \u00e9mulsifiant: l\u00e9cithine de soja), <strong>chocolat blanc<\/strong>, denr\u00e9es alimentaires colorantes, <strong>oeufs pralin\u00e9s<\/strong> (amande, noisette, sucre, chocolat au lait, beurre de cacao, feuilletine, fleur de sel) enrob\u00e9s de chocolat noir 69%; <strong>drag\u00e9es PECOU<\/strong> (sucre, beurre de cacao, p\u00e2te de cacao, caramel, lait en poudre, sel, pralin\u00e9, amande, noisette, sirop de glucose, lactoserum en poudre, \u00e9mulsifiant : l\u00e9cithine de soja, miel, albumine d&#8217;oeuf, pain azyme, \u00e9pices, ar\u00f4mes naturels, colorants naturels, agents d&#8217;enrobage: gomme arabique, gomme laque)<\/li>\n<\/ul>\n<ul>\n<li><strong>Ma p&#8217;tite poule lait &#8211; garnie :<\/strong> Moulage et fritures en <strong>chocolat lait 36%<\/strong> (sucre, beurre de cacao, lait en poudre, p\u00e2te de cacao, \u00e9mulsifiant : l\u00e9cithine de soja, ar\u00f4me naturel de vanille), <strong>chocolat blanc<\/strong>, denr\u00e9es alimentaires colorantes, <strong>oeufs pralin\u00e9s<\/strong> (amande, noisette, sucre, chocolat au lait, beurre de cacao, feuilletine, fleur de sel) enrob\u00e9s de chocolat lait 36%; <strong>drag\u00e9es PECOU<\/strong> (sucre, beurre de cacao, p\u00e2te de cacao, caramel, lait en poudre, sel, pralin\u00e9, amande, noisette, sirop de glucose, lactoserum en poudre, \u00e9mulsifiant : l\u00e9cithine de soja, miel, albumine d&#8217;oeuf, pain azyme, \u00e9pices, ar\u00f4mes naturels, colorants naturels, agents d&#8217;enrobage: gomme arabique, gomme laque)<\/li>\n<\/ul>\n<p>[\/vc_column_text][\/vc_tta_section][vc_tta_section title=&#8221;livraison&#8221; tab_id=&#8221;1536228135987-31f6826c-78d5&#8243;][vc_column_text]<\/p>\n<ul>\n<li>Retrait gratuit dans notre boutique de Limonest du lundi au vendredi<\/li>\n<\/ul>\n<p><a href=\"\/informations-generales\/conditions-generales-vente\/#conditions-de-livraison\">En Savoir Plus<\/a><\/p>\n<p>[\/vc_column_text][\/vc_tta_section][\/vc_tta_accordion]<\/p>\n","protected":false},"featured_media":5375,"comment_status":"open","ping_status":"closed","template":"","meta":{"_seopress_robots_primary_cat":"121","_seopress_titles_title":"","_seopress_titles_desc":"F\u00eatez d\u00e9licieusement P\u00e2ques gr\u00e2ce aux douceurs de Karen Chocolat et d\u00e9gustez une petite poule en chocolat garni de fritures, oeufs en pralin\u00e9s, nougatine, sucre","_seopress_robots_index":"","om_disable_all_campaigns":false},"product_cat":[115,121],"product_tag":[120,26,27],"class_list":{"0":"post-2411","1":"product","2":"type-product","3":"status-publish","4":"has-post-thumbnail","6":"product_cat-chocolats-de-paques","7":"product_cat-les-tites-betes","8":"product_tag-animaux-en-chocolat-de-paques","9":"product_tag-lait","10":"product_tag-noir","11":"product_shipping_class-retrait-uniquement","13":"first","14":"instock","15":"taxable","16":"shipping-taxable","17":"purchasable","18":"product-type-variable"},"_links":{"self":[{"href":"https:\/\/www.lamaisondekarenchocolat.com\/en\/wp-json\/wp\/v2\/product\/2411","targetHints":{"allow":["GET"]}}],"collection":[{"href":"https:\/\/www.lamaisondekarenchocolat.com\/en\/wp-json\/wp\/v2\/product"}],"about":[{"href":"https:\/\/www.lamaisondekarenchocolat.com\/en\/wp-json\/wp\/v2\/types\/product"}],"replies":[{"embeddable":true,"href":"https:\/\/www.lamaisondekarenchocolat.com\/en\/wp-json\/wp\/v2\/comments?post=2411"}],"wp:featuredmedia":[{"embeddable":true,"href":"https:\/\/www.lamaisondekarenchocolat.com\/en\/wp-json\/wp\/v2\/media\/5375"}],"wp:attachment":[{"href":"https:\/\/www.lamaisondekarenchocolat.com\/en\/wp-json\/wp\/v2\/media?parent=2411"}],"wp:term":[{"taxonomy":"product_cat","embeddable":true,"href":"https:\/\/www.lamaisondekarenchocolat.com\/en\/wp-json\/wp\/v2\/product_cat?post=2411"},{"taxonomy":"product_tag","embeddable":true,"href":"https:\/\/www.lamaisondekarenchocolat.com\/en\/wp-json\/wp\/v2\/product_tag?post=2411"}],"curies":[{"name":"wp","href":"https:\/\/api.w.org\/{rel}","templated":true}]}}