{"id":2065,"date":"2018-11-08T04:56:26","date_gmt":"2018-11-08T03:56:26","guid":{"rendered":"https:\/\/www.lamaisondekarenchocolat.com\/?post_type=product&#038;p=2065"},"modified":"2026-04-01T09:31:34","modified_gmt":"2026-04-01T07:31:34","slug":"la-reglette-selection","status":"publish","type":"product","link":"https:\/\/www.lamaisondekarenchocolat.com\/en\/produit\/la-reglette-selection\/","title":{"rendered":"la r\u00e9glette s\u00e9lection"},"content":{"rendered":"<section class=\"wpb-content-wrapper\">[vc_row][vc_column]<div class=\"ult-just-icon-wrapper  \"><div class=\"align-icon\" style=\"text-align:center;\"><\/div><\/div>[\/vc_column][\/vc_row]\n<\/section>","protected":false},"excerpt":{"rendered":"<p><strong>Poids net :<\/strong>\u00a0environ 120g (1 barquette)<br \/>\n<strong>Taille<\/strong> : 21,6cm x 6,4cm x 1,5cm<\/p>\n<p>&nbsp;<\/p>\n<p>[vc_tta_accordion style=&#8221;flat&#8221; shape=&#8221;square&#8221; gap=&#8221;5&#8243; active_section=&#8221;&#8221; no_fill=&#8221;true&#8221; collapsible_all=&#8221;true&#8221;][vc_tta_section title=&#8221;description&#8221; tab_id=&#8221;1541688110529-68b2014b-0c58&#8243;][vc_column_text]Assortiment de 12 ganaches et 3 pralin\u00e9s<\/p>\n<ul>\n<li>2 Ganache Pure Origine R\u00e9publique Dominicaine 64%<\/li>\n<li>2 Ganache Pure Origine P\u00e9rou 72%<\/li>\n<li>2 Ganache Fruit de la Passion Clou de Girofle<\/li>\n<li>2 Ganache Framboise, Piment d\u2019Espelette<\/li>\n<li>2 Ganache Marron Confit Pamplemousse<\/li>\n<li>2 Ganache Miel de Ch\u00e2taignier<\/li>\n<li>2 Pralin\u00e9 S\u00e9same, Amandes, Noisettes<\/li>\n<li>1 Pralin\u00e9 Noix de P\u00e9can Amandes Noisettes<\/li>\n<\/ul>\n<p>[\/vc_column_text][\/vc_tta_section][vc_tta_section title=&#8221;composition&#8221; tab_id=&#8221;1541688110886-61e40775-96a8&#8243;][vc_row_inner equal_height=&#8221;yes&#8221; content_placement=&#8221;middle&#8221; gap=&#8221;2&#8243; css=&#8221;.vc_custom_1536419490446{margin: 0px !important;border-width: 0px !important;padding: 0px !important;}&#8221;][vc_column_inner width=&#8221;1\/3&#8243;][just_icon icon_type=\"custom\" icon_img=\"id^1988|url^https:\/\/www.lamaisondekarenchocolat.com\/wp-content\/uploads\/Ganache-Pure-Origine-R\u00e9publique-Dominicaine-64.png|caption^Ganache Pure Origine R\u00e9publique Dominicaine 64%|alt^Ganache Pure Origine R\u00e9publique Dominicaine 64%|title^Ganache Pure Origine R\u00e9publique Dominicaine 64%|description^Ganache Pure Origine R\u00e9publique Dominicaine 64%\" img_width=\"96\" icon_style=\"advanced\" icon_color_bg=\"\" icon_border_style=\"solid\" icon_color_border=\"#c9bdc6\" icon_border_size=\"1\" icon_border_radius=\"0\" icon_border_spacing=\"0\" tooltip_disp=\"bottom\" tooltip_text=\"2 Ganaches Pure Origine R\u00e9publique Dominicaine 64%\"][\/vc_column_inner][vc_column_inner width=&#8221;1\/3&#8243;][just_icon icon_type=\"custom\" icon_img=\"id^1994|url^https:\/\/www.lamaisondekarenchocolat.com\/wp-content\/uploads\/Boutique-Karen-Chocolat-Ganache-Pure-Origine-P\u00e9rou-72-180.png|caption^Boutique Karen Chocolat Ganache Pure Origine P\u00e9rou 72% 180|alt^Boutique Karen Chocolat Ganache Pure Origine P\u00e9rou 72% 180|title^Boutique Karen Chocolat Ganache Pure Origine P\u00e9rou 72% 180|description^Boutique Karen Chocolat Ganache Pure Origine P\u00e9rou 72% 180\" img_width=\"96\" icon_style=\"advanced\" icon_color_bg=\"\" icon_border_style=\"solid\" icon_color_border=\"#c9bdc6\" icon_border_size=\"1\" icon_border_radius=\"0\" icon_border_spacing=\"0\" tooltip_disp=\"bottom\" tooltip_text=\"2 Ganaches Pure Origine P\u00e9rou 72%\"][\/vc_column_inner][vc_column_inner width=&#8221;1\/3&#8243;][just_icon icon_type=\"custom\" icon_img=\"id^2002|url^https:\/\/www.lamaisondekarenchocolat.com\/wp-content\/uploads\/Ganache-Fruit-de-la-Passion-Clou-de-Girofle.png|caption^Ganache Fruit de la Passion Clou de Girofle|alt^Ganache Fruit de la Passion Clou de Girofle|title^Ganache Fruit de la Passion Clou de Girofle|description^Ganache Fruit de la Passion Clou de Girofle\" img_width=\"96\" icon_style=\"advanced\" icon_color_bg=\"\" icon_border_style=\"solid\" icon_color_border=\"#c9bdc6\" icon_border_size=\"1\" icon_border_radius=\"0\" icon_border_spacing=\"0\" tooltip_disp=\"bottom\" tooltip_text=\"2 Ganaches Fruit de la Passion Clou de Girofle\"][\/vc_column_inner][\/vc_row_inner][vc_row_inner equal_height=&#8221;yes&#8221; content_placement=&#8221;middle&#8221; gap=&#8221;2&#8243; css=&#8221;.vc_custom_1536419490446{margin: 0px !important;border-width: 0px !important;padding: 0px !important;}&#8221;][vc_column_inner width=&#8221;1\/3&#8243;][just_icon icon_type=\"custom\" icon_img=\"id^1997|url^https:\/\/www.lamaisondekarenchocolat.com\/wp-content\/uploads\/Boutique-Karen-Chocolat-Ganache-Framboise-Piment-dEspelette-180.png|caption^Boutique Karen Chocolat Ganache Framboise Piment d'Espelette 180|alt^Boutique Karen Chocolat Ganache Framboise Piment d'Espelette 180|title^Boutique Karen Chocolat Ganache Framboise Piment d'Espelette 180|description^Boutique Karen Chocolat Ganache Framboise Piment d'Espelette 180\" img_width=\"96\" icon_style=\"advanced\" icon_color_bg=\"\" icon_border_style=\"solid\" icon_color_border=\"#c9bdc6\" icon_border_size=\"1\" icon_border_radius=\"0\" icon_border_spacing=\"0\" tooltip_disp=\"bottom\" tooltip_text=\"2 Ganaches Framboise, Piment d\u2019Espelette\"][\/vc_column_inner][vc_column_inner width=&#8221;1\/3&#8243;][just_icon icon_type=\"custom\" icon_img=\"id^2004|url^https:\/\/www.lamaisondekarenchocolat.com\/wp-content\/uploads\/Boutique-Karen-Chocolat-Ganache-Marron-Confit-Pamplemousse-180.png|caption^Boutique Karen Chocolat Ganache Marron Confit Pamplemousse 180|alt^Boutique Karen Chocolat Ganache Marron Confit Pamplemousse 180|title^Boutique Karen Chocolat Ganache Marron Confit Pamplemousse 180|description^Boutique Karen Chocolat Ganache Marron Confit Pamplemousse 180\" img_width=\"96\" icon_style=\"advanced\" icon_color_bg=\"\" icon_border_style=\"solid\" icon_color_border=\"#c9bdc6\" icon_border_size=\"1\" icon_border_radius=\"0\" icon_border_spacing=\"0\" tooltip_disp=\"bottom\" tooltip_text=\"2 Ganaches Marron Confit Pamplemousse\"][\/vc_column_inner][vc_column_inner width=&#8221;1\/3&#8243;][just_icon icon_type=\"custom\" icon_img=\"id^2001|url^https:\/\/www.lamaisondekarenchocolat.com\/wp-content\/uploads\/Boutique-Karen-Chocolat-Ganache-Miel-de-Ch\u00e2taignier-180.png|caption^Boutique Karen Chocolat Ganache Miel de Ch\u00e2taignier 180|alt^Boutique Karen Chocolat Ganache Miel de Ch\u00e2taignier 180|title^Boutique Karen Chocolat Ganache Miel de Ch\u00e2taignier 180|description^Boutique Karen Chocolat Ganache Miel de Ch\u00e2taignier 180\" img_width=\"96\" icon_style=\"advanced\" icon_color_bg=\"\" icon_border_style=\"solid\" icon_color_border=\"#c9bdc6\" icon_border_size=\"1\" icon_border_radius=\"0\" icon_border_spacing=\"0\" tooltip_disp=\"bottom\" tooltip_text=\"2 Ganaches Miel de Ch\u00e2taignier\"][\/vc_column_inner][\/vc_row_inner][vc_row_inner equal_height=&#8221;yes&#8221; content_placement=&#8221;middle&#8221; gap=&#8221;2&#8243; css=&#8221;.vc_custom_1536419490446{margin: 0px !important;border-width: 0px !important;padding: 0px !important;}&#8221;][vc_column_inner width=&#8221;1\/3&#8243;][just_icon icon_type=\"custom\" icon_img=\"id^2006|url^https:\/\/www.lamaisondekarenchocolat.com\/wp-content\/uploads\/Boutique-Karen-Chocolat-Pralin\u00e9-S\u00e9same-Amandes-Noisettes-180.png|caption^Boutique Karen Chocolat Pralin\u00e9 S\u00e9same Amandes Noisettes 180|alt^Boutique Karen Chocolat Pralin\u00e9 S\u00e9same Amandes Noisettes 180|title^Boutique Karen Chocolat Pralin\u00e9 S\u00e9same Amandes Noisettes 180|description^Boutique Karen Chocolat Pralin\u00e9 S\u00e9same Amandes Noisettes 180\" img_width=\"96\" icon_style=\"advanced\" icon_color_bg=\"\" icon_border_style=\"solid\" icon_color_border=\"#c9bdc6\" icon_border_size=\"1\" icon_border_radius=\"0\" icon_border_spacing=\"0\" tooltip_disp=\"bottom\" tooltip_text=\"2 Pralin\u00e9s S\u00e9same, Amandes, Noisettes\"][\/vc_column_inner][vc_column_inner width=&#8221;1\/3&#8243;][just_icon icon_type=\"custom\" icon_img=\"id^2015|url^https:\/\/www.lamaisondekarenchocolat.com\/wp-content\/uploads\/Boutique-Karen-Chocolat-Pralin\u00e9-Noix-de-P\u00e9can-Amandes-Noisettes-180.png|caption^Boutique Karen Chocolat Pralin\u00e9 Noix de P\u00e9can Amandes Noisettes 180|alt^Boutique Karen Chocolat Pralin\u00e9 Noix de P\u00e9can Amandes Noisettes 180|title^Boutique Karen Chocolat Pralin\u00e9 Noix de P\u00e9can Amandes Noisettes 180|description^Boutique Karen Chocolat Pralin\u00e9 Noix de P\u00e9can Amandes Noisettes 180\" img_width=\"96\" icon_style=\"advanced\" icon_color_bg=\"\" icon_border_style=\"solid\" icon_color_border=\"#c9bdc6\" icon_border_size=\"1\" icon_border_radius=\"0\" icon_border_spacing=\"0\" tooltip_disp=\"bottom\" tooltip_text=\"1 Pralin\u00e9 Noix de P\u00e9can Amandes Noisettes\"][\/vc_column_inner][vc_column_inner width=&#8221;1\/3&#8243;][\/vc_column_inner][\/vc_row_inner][vc_column_text css=&#8221;.vc_custom_1541866365985{padding-bottom: 5% !important;}&#8221;]<\/p>\n<p style=\"text-align: center\">1 barquette de 15 bonbons de chocolat<\/p>\n<p>[\/vc_column_text][\/vc_tta_section][vc_tta_section title=&#8221;ingr\u00e9dients et conservation&#8221; tab_id=&#8221;1541688113597-addf05ac-12bf&#8221;][vc_column_text]<\/p>\n<p style=\"text-align: justify\">Assortiment de bonbons de chocolats (ganaches, pralin\u00e9s, caramels)<\/p>\n<p style=\"text-align: justify\">Chocolat noir, lait et blanc (p\u00e2te de cacao, beurre de cacao, poudre de <strong>lait<\/strong>, sucre, \u00e9mulsifiant : l\u00e9cithine de <strong>soja<\/strong>, ar\u00f4me naturel de vanille), <strong>cr\u00e8me\u00a0<\/strong>enti\u00e8re liquide, pur\u00e9e de fruits (fruit de la passion, citron, framboise, m\u00fbre), dextrose, glucose, beurre, beurre de cacao, stabilisant : sorbitol,\u00a0<strong>amandes, noisettes<\/strong>, miel de ch\u00e2taignier, p\u00e2te et cr\u00e8me de marron, concentr\u00e9 de mandarine, raisins secs, <strong>noix de p\u00e9can<\/strong>, <strong>cacahu\u00e8tes<\/strong>,\u00a0<strong>s\u00e9same<\/strong>, <strong>pistache<\/strong>, vin du Beaujolais, vanille gousse et extrait, f\u00e8ve de Tonka, clou de girofle, anis vert, fleur de sel, gingembre, basilic, citronnelle, menthe, huile essentiellement de basilic, poivre de Sichuan, piment d&#8217;Espelette, liqueurs de fruit, zestes d&#8217;agrumes.<\/p>\n<p style=\"text-align: justify\">Chocolat garanti pur beurre de cacao<br \/>\nPoids net : environ 120g (15 chocolats)<br \/>\n\u00c0 conserver dans un endroit sec et frais entre 12 et 18\u00b0C<\/p>\n<p>[\/vc_column_text][\/vc_tta_section][vc_tta_section title=&#8221;livraison&#8221; tab_id=&#8221;1541688113950-a038b0b5-2f3d&#8221;][vc_column_text]<\/p>\n<ul>\n<li>Forfait de\u00a013 \u20ac TTC<\/li>\n<li>Frais de port offerts \u00e0 partir d&#8217;un montant d&#8217;achat de 75\u00a0\u20ac\u00a0TTC<\/li>\n<li>Livraison en France m\u00e9tropolitaine et en Corse, par Colissimo.<\/li>\n<\/ul>\n<p><a href=\"\/informations-generales\/conditions-generales-vente\/#conditions-de-livraison\">En Savoir Plus<\/a>[\/vc_column_text][\/vc_tta_section][\/vc_tta_accordion]<\/p>\n","protected":false},"featured_media":4834,"comment_status":"open","ping_status":"closed","template":"","meta":{"_seopress_robots_primary_cat":"none","_seopress_titles_title":"","_seopress_titles_desc":"D\u00e9couvrez La R\u00e9glette S\u00e9lection de Karen Chocolat contenant 15 chocolats ganaches et pralin\u00e9s faits-maison avec des saveurs framboise, miel ou clou de girofle","_seopress_robots_index":"","om_disable_all_campaigns":false},"product_cat":[28],"product_tag":[40,41,42,43,26,27],"class_list":{"0":"post-2065","1":"product","2":"type-product","3":"status-publish","4":"has-post-thumbnail","6":"product_cat-les-assortiments","7":"product_tag-assortiments","8":"product_tag-bonbons","9":"product_tag-caramels","10":"product_tag-ganaches","11":"product_tag-lait","12":"product_tag-noir","13":"product_shipping_class-chocolats-classiques","15":"first","16":"instock","17":"featured","18":"taxable","19":"shipping-taxable","20":"purchasable","21":"product-type-simple"},"_links":{"self":[{"href":"https:\/\/www.lamaisondekarenchocolat.com\/en\/wp-json\/wp\/v2\/product\/2065","targetHints":{"allow":["GET"]}}],"collection":[{"href":"https:\/\/www.lamaisondekarenchocolat.com\/en\/wp-json\/wp\/v2\/product"}],"about":[{"href":"https:\/\/www.lamaisondekarenchocolat.com\/en\/wp-json\/wp\/v2\/types\/product"}],"replies":[{"embeddable":true,"href":"https:\/\/www.lamaisondekarenchocolat.com\/en\/wp-json\/wp\/v2\/comments?post=2065"}],"wp:featuredmedia":[{"embeddable":true,"href":"https:\/\/www.lamaisondekarenchocolat.com\/en\/wp-json\/wp\/v2\/media\/4834"}],"wp:attachment":[{"href":"https:\/\/www.lamaisondekarenchocolat.com\/en\/wp-json\/wp\/v2\/media?parent=2065"}],"wp:term":[{"taxonomy":"product_cat","embeddable":true,"href":"https:\/\/www.lamaisondekarenchocolat.com\/en\/wp-json\/wp\/v2\/product_cat?post=2065"},{"taxonomy":"product_tag","embeddable":true,"href":"https:\/\/www.lamaisondekarenchocolat.com\/en\/wp-json\/wp\/v2\/product_tag?post=2065"}],"curies":[{"name":"wp","href":"https:\/\/api.w.org\/{rel}","templated":true}]}}