{"id":1991,"date":"2018-11-06T17:30:53","date_gmt":"2018-11-06T16:30:53","guid":{"rendered":"https:\/\/www.lamaisondekarenchocolat.com\/?post_type=product&#038;p=1991"},"modified":"2026-04-02T19:34:57","modified_gmt":"2026-04-02T17:34:57","slug":"les-caramels-coeur-coulant","status":"publish","type":"product","link":"https:\/\/www.lamaisondekarenchocolat.com\/en\/produit\/les-caramels-coeur-coulant\/","title":{"rendered":"les caramels au c\u0153ur coulant"},"content":{"rendered":"<section class=\"wpb-content-wrapper\">[vc_row][vc_column]<div class=\"ult-just-icon-wrapper  \"><div class=\"align-icon\" style=\"text-align:center;\"><\/div><\/div>[\/vc_column][\/vc_row]\n<\/section>","protected":false},"excerpt":{"rendered":"<p><strong>Poids net :<\/strong>\u00a0environ 135g (1 boite)<br \/>\n<strong>Taille<\/strong> : 17,3cm x 10,1cm x 1,5cm<\/p>\n<p>[vc_tta_accordion style=&#8221;flat&#8221; shape=&#8221;square&#8221; gap=&#8221;5&#8243; active_section=&#8221;&#8221; no_fill=&#8221;true&#8221; collapsible_all=&#8221;true&#8221;][vc_tta_section title=&#8221;description&#8221; tab_id=&#8221;1541688110529-68b2014b-0c58&#8243;][vc_column_text]\u00a015 demi-sph\u00e8res en chocolat fourr\u00e9s de caramel semi-liquide aux fruits.[\/vc_column_text][\/vc_tta_section][vc_tta_section title=&#8221;composition&#8221; tab_id=&#8221;1541863255468-0f99f3f8-be71&#8243;][vc_row_inner equal_height=&#8221;yes&#8221; content_placement=&#8221;middle&#8221; gap=&#8221;2&#8243; css=&#8221;.vc_custom_1536419490446{margin: 0px !important;border-width: 0px !important;padding: 0px !important;}&#8221;][vc_column_inner width=&#8221;1\/3&#8243;][just_icon icon_type=\"custom\" icon_img=\"id^2019|url^https:\/\/www.lamaisondekarenchocolat.com\/wp-content\/uploads\/Boutique-Karen-Chocolat-Caramel-Coulant-Orange-Am\u00e8re-Cardamome-180.png|caption^Boutique Karen Chocolat Caramel Coulant Orange Am\u00e8re Cardamome 180|alt^Boutique Karen Chocolat Caramel Coulant Orange Am\u00e8re Cardamome 180|title^Boutique Karen Chocolat Caramel Coulant Orange Am\u00e8re Cardamome 180|description^Boutique Karen Chocolat Caramel Coulant Orange Am\u00e8re Cardamome 180\" img_width=\"96\" icon_style=\"advanced\" icon_color_bg=\"\" icon_border_style=\"solid\" icon_color_border=\"#c9bdc6\" icon_border_size=\"1\" icon_border_radius=\"0\" icon_border_spacing=\"0\" tooltip_disp=\"bottom\" tooltip_text=\"3 Caramel Coulant Orange Am\u00e8re Cardamome\"][\/vc_column_inner][vc_column_inner width=&#8221;1\/3&#8243;][just_icon icon_type=\"custom\" icon_img=\"id^2020|url^https:\/\/www.lamaisondekarenchocolat.com\/wp-content\/uploads\/Boutique-Karen-Chocolat-Caramel-Coulant-Fruits-de-la-Passion-Clou-de-Girofle-180.png|caption^Boutique Karen Chocolat Caramel Coulant Fruits de la Passion Clou de Girofle 180|alt^Boutique Karen Chocolat Caramel Coulant Fruits de la Passion Clou de Girofle 180|title^Boutique Karen Chocolat Caramel Coulant Fruits de la Passion Clou de Girofle 180|description^Boutique Karen Chocolat Caramel Coulant Fruits de la Passion Clou de Girofle 180\" img_width=\"96\" icon_style=\"advanced\" icon_color_bg=\"\" icon_border_style=\"solid\" icon_color_border=\"#c9bdc6\" icon_border_size=\"1\" icon_border_radius=\"0\" icon_border_spacing=\"0\" tooltip_disp=\"bottom\" tooltip_text=\"3 Caramel Coulant Fruits de la Passion Clou de Girofle\"][\/vc_column_inner][vc_column_inner width=&#8221;1\/3&#8243;][just_icon icon_type=\"custom\" icon_img=\"id^2021|url^https:\/\/www.lamaisondekarenchocolat.com\/wp-content\/uploads\/Boutique-Karen-Chocolat-Caramel-Coulant-Fraise-Basilic-180.png|caption^Boutique Karen Chocolat Caramel Coulant Fraise Basilic 180|alt^Boutique Karen Chocolat Caramel Coulant Fraise Basilic 180|title^Boutique Karen Chocolat Caramel Coulant Fraise Basilic 180|description^Boutique Karen Chocolat Caramel Coulant Fraise Basilic 180\" img_width=\"96\" icon_style=\"advanced\" icon_color_bg=\"\" icon_border_style=\"solid\" icon_color_border=\"#c9bdc6\" icon_border_size=\"1\" icon_border_radius=\"0\" icon_border_spacing=\"0\" tooltip_disp=\"bottom\" tooltip_text=\"3 Caramel Coulant Fraise Basilic\"][\/vc_column_inner][\/vc_row_inner][vc_row_inner equal_height=&#8221;yes&#8221; content_placement=&#8221;middle&#8221; gap=&#8221;2&#8243; css=&#8221;.vc_custom_1536419490446{margin: 0px !important;border-width: 0px !important;padding: 0px !important;}&#8221;][vc_column_inner width=&#8221;1\/3&#8243;][just_icon icon_type=\"custom\" icon_img=\"id^2022|url^https:\/\/www.lamaisondekarenchocolat.com\/wp-content\/uploads\/Boutique-Karen-Chocolat-Caramel-Coulant-Mandarine-Bergamote-et-Thym-180.png|caption^Boutique Karen Chocolat Caramel Coulant Mandarine Bergamote et Thym 180|alt^Boutique Karen Chocolat Caramel Coulant Mandarine Bergamote et Thym 180|title^Boutique Karen Chocolat Caramel Coulant Mandarine Bergamote et Thym 180|description^Boutique Karen Chocolat Caramel Coulant Mandarine Bergamote et Thym 180\" img_width=\"96\" icon_style=\"advanced\" icon_color_bg=\"\" icon_border_style=\"solid\" icon_color_border=\"#c9bdc6\" icon_border_size=\"1\" icon_border_radius=\"0\" icon_border_spacing=\"0\" tooltip_disp=\"bottom\" tooltip_text=\"3 Camarel Coulant Mandarine Bergamote et Thym\"][\/vc_column_inner][vc_column_inner width=&#8221;1\/3&#8243;][just_icon icon_type=\"custom\" icon_img=\"id^2023|url^https:\/\/www.lamaisondekarenchocolat.com\/wp-content\/uploads\/Boutique-Karen-Chocolat-Caramel-Coulant-au-Beurre-Sal\u00e9-180.png|caption^Boutique Karen Chocolat Caramel Coulant au Beurre Sal\u00e9 180|alt^Boutique Karen Chocolat Caramel Coulant au Beurre Sal\u00e9 180|title^Boutique Karen Chocolat Caramel Coulant au Beurre Sal\u00e9 180|description^Boutique Karen Chocolat Caramel Coulant au Beurre Sal\u00e9 180\" img_width=\"96\" icon_style=\"advanced\" icon_color_bg=\"\" icon_border_style=\"solid\" icon_color_border=\"#c9bdc6\" icon_border_size=\"1\" icon_border_radius=\"0\" icon_border_spacing=\"0\" tooltip_disp=\"bottom\" tooltip_text=\"3 Caramel Coulant au Beurre Sal\u00e9\"][\/vc_column_inner][vc_column_inner width=&#8221;1\/3&#8243;][just_icon icon_type=\"custom\" icon_img=\"id^2214|url^https:\/\/www.lamaisondekarenchocolat.com\/wp-content\/uploads\/Boutique-Karen-Chocolat-Caramel-Coulant-Ananas-Coco-Citron-Vert.png|caption^Boutique Karen Chocolat Caramel Coulant Ananas Coco Citron Vert|alt^Boutique Karen Chocolat Caramel Coulant Ananas Coco Citron Vert|title^Boutique Karen Chocolat Caramel Coulant Ananas Coco Citron Vert|description^Boutique Karen Chocolat Caramel Coulant Ananas Coco Citron Vert\" img_width=\"96\" icon_style=\"advanced\" icon_color_bg=\"\" icon_border_style=\"solid\" icon_color_border=\"#c9bdc6\" icon_border_size=\"1\" icon_border_radius=\"0\" icon_border_spacing=\"0\" tooltip_disp=\"bottom\" tooltip_text=\"Caramel Coulant Ananas Coco Citron Vert\"][\/vc_column_inner][\/vc_row_inner][vc_column_text css=&#8221;.vc_custom_1541689681849{padding-bottom: 5% !important;}&#8221;]<\/p>\n<p style=\"text-align: center;\">1 boite de 15 caramels au coeur coulant<\/p>\n<p>[\/vc_column_text][\/vc_tta_section][vc_tta_section title=&#8221;ingr\u00e9dients et conservation&#8221; tab_id=&#8221;1541688113597-addf05ac-12bf&#8221;][vc_column_text]Sucre, <strong>cr\u00e8me<\/strong> enti\u00e8re liquide, pur\u00e9e de fruits (bergamote, fruit de la passion, orange, fraise, ananas, <strong>coco<\/strong>), chocolat noir et lait (p\u00e2te de cacao, beurre de cacao, poudre de lait, sucre, \u00e9mulsifiant : l\u00e9cithine de <strong>soja<\/strong>, ar\u00f4me naturel de vanille), eau, glucose, concentr\u00e9 de mandarine, <strong>beurre<\/strong>, clou de girofle, basilic, thym, p\u00e2te de coco, cardamome.<\/p>\n<p>Chocolat garanti pur beurre de cacao<br \/>\nPoids net : environ 135g (15 chocolats)<br \/>\nA conserver dans un endroit sec et frais entre 12 et 18\u00b0C[\/vc_column_text][\/vc_tta_section][vc_tta_section title=&#8221;livraison&#8221; tab_id=&#8221;1541688113950-a038b0b5-2f3d&#8221;][vc_column_text]<\/p>\n<ul>\n<li>Forfait de\u00a013 \u20ac TTC<\/li>\n<li>Frais de port offerts \u00e0 partir d&#8217;un montant d&#8217;achat de 75\u00a0\u20ac\u00a0TTC<\/li>\n<li>Livraison en France m\u00e9tropolitaine et en Corse, par Colissimo.<\/li>\n<\/ul>\n<p><a href=\"\/informations-generales\/conditions-generales-vente\/#conditions-de-livraison\">En Savoir Plus<\/a>[\/vc_column_text][\/vc_tta_section][\/vc_tta_accordion]<\/p>\n","protected":false},"featured_media":2040,"comment_status":"open","ping_status":"closed","template":"","meta":{"_seopress_robots_primary_cat":"none","_seopress_titles_title":"","_seopress_titles_desc":"D\u00e9couvrez la Boite de Chocolats Caramels aux Coeurs Coulants de Karen Chocolat, laissez-vous tenter par ces 15 demi-sph\u00e8res savoureuses aux associations in\u00e9dites","_seopress_robots_index":"","om_disable_all_campaigns":false},"product_cat":[124],"product_tag":[41,42,43,26,27],"class_list":{"0":"post-1991","1":"product","2":"type-product","3":"status-publish","4":"has-post-thumbnail","6":"product_cat-les-boites-specialites","7":"product_tag-bonbons","8":"product_tag-caramels","9":"product_tag-ganaches","10":"product_tag-lait","11":"product_tag-noir","12":"product_shipping_class-chocolats-classiques","14":"first","15":"instock","16":"taxable","17":"shipping-taxable","18":"purchasable","19":"product-type-simple"},"_links":{"self":[{"href":"https:\/\/www.lamaisondekarenchocolat.com\/en\/wp-json\/wp\/v2\/product\/1991","targetHints":{"allow":["GET"]}}],"collection":[{"href":"https:\/\/www.lamaisondekarenchocolat.com\/en\/wp-json\/wp\/v2\/product"}],"about":[{"href":"https:\/\/www.lamaisondekarenchocolat.com\/en\/wp-json\/wp\/v2\/types\/product"}],"replies":[{"embeddable":true,"href":"https:\/\/www.lamaisondekarenchocolat.com\/en\/wp-json\/wp\/v2\/comments?post=1991"}],"wp:featuredmedia":[{"embeddable":true,"href":"https:\/\/www.lamaisondekarenchocolat.com\/en\/wp-json\/wp\/v2\/media\/2040"}],"wp:attachment":[{"href":"https:\/\/www.lamaisondekarenchocolat.com\/en\/wp-json\/wp\/v2\/media?parent=1991"}],"wp:term":[{"taxonomy":"product_cat","embeddable":true,"href":"https:\/\/www.lamaisondekarenchocolat.com\/en\/wp-json\/wp\/v2\/product_cat?post=1991"},{"taxonomy":"product_tag","embeddable":true,"href":"https:\/\/www.lamaisondekarenchocolat.com\/en\/wp-json\/wp\/v2\/product_tag?post=1991"}],"curies":[{"name":"wp","href":"https:\/\/api.w.org\/{rel}","templated":true}]}}