{"id":1989,"date":"2018-11-06T17:26:08","date_gmt":"2018-11-06T16:26:08","guid":{"rendered":"https:\/\/www.lamaisondekarenchocolat.com\/?post_type=product&#038;p=1989"},"modified":"2026-02-22T12:40:14","modified_gmt":"2026-02-22T11:40:14","slug":"les-ganaches-pure-origine","status":"publish","type":"product","link":"https:\/\/www.lamaisondekarenchocolat.com\/en\/produit\/les-ganaches-pure-origine\/","title":{"rendered":"les ganaches pure origine"},"content":{"rendered":"<section class=\"wpb-content-wrapper\">[vc_row][vc_column]<div class=\"ult-just-icon-wrapper  \"><div class=\"align-icon\" style=\"text-align:center;\"><\/div><\/div>[\/vc_column][\/vc_row]\n<\/section>","protected":false},"excerpt":{"rendered":"<p><strong>Poids net :<\/strong>\u00a0environ 120g (1 boite)<br \/>\n<strong>Taille<\/strong> : 17cm x 6cm x 5cm<\/p>\n<p>[vc_tta_accordion style=&#8221;flat&#8221; shape=&#8221;square&#8221; gap=&#8221;5&#8243; active_section=&#8221;&#8221; no_fill=&#8221;true&#8221; collapsible_all=&#8221;true&#8221;][vc_tta_section title=&#8221;description&#8221; tab_id=&#8221;1541625241764-b23a0f3e-485a&#8221;][vc_column_text]Boite de 15 ganaches onctueuses aux ar\u00f4mes puissants de cacao. 5 vari\u00e9t\u00e9s en 3 exemplaires.<\/p>\n<ul>\n<li>3 Ganache Pure Origine R\u00e9publique Dominicaine 64%<\/li>\n<li>3 Ganache Pure Origine Madagascar 72%<\/li>\n<li>3 Ganache Pure Origine \u00c9quateur 72%<\/li>\n<li>3 Ganache Pure Origine P\u00e9rou 72%<\/li>\n<li>3 Ganache Pure Origine Vietnam 64% Poivre de Sichuan<\/li>\n<\/ul>\n<p>[\/vc_column_text][\/vc_tta_section][vc_tta_section title=&#8221;composition&#8221; tab_id=&#8221;1541625242097-8be68d35-a1e8&#8243;][vc_row_inner equal_height=&#8221;yes&#8221; content_placement=&#8221;middle&#8221; gap=&#8221;2&#8243; css=&#8221;.vc_custom_1536419490446{margin: 0px !important;border-width: 0px !important;padding: 0px !important;}&#8221;][vc_column_inner width=&#8221;1\/3&#8243;][just_icon icon_type=\"custom\" icon_img=\"id^1988|url^https:\/\/www.lamaisondekarenchocolat.com\/wp-content\/uploads\/Ganache-Pure-Origine-R\u00e9publique-Dominicaine-64.png|caption^Ganache Pure Origine R\u00e9publique Dominicaine 64%|alt^Ganache Pure Origine R\u00e9publique Dominicaine 64%|title^Ganache Pure Origine R\u00e9publique Dominicaine 64%|description^Ganache Pure Origine R\u00e9publique Dominicaine 64%\" img_width=\"96\" icon_style=\"advanced\" icon_color_bg=\"\" icon_border_style=\"solid\" icon_color_border=\"#c9bdc6\" icon_border_size=\"1\" icon_border_radius=\"0\" icon_border_spacing=\"0\" tooltip_disp=\"bottom\" tooltip_text=\"3 Ganaches Pure Origine R\u00e9publique Dominicaine 64%\"][\/vc_column_inner][vc_column_inner width=&#8221;1\/3&#8243;][just_icon icon_type=\"custom\" icon_img=\"id^1992|url^https:\/\/www.lamaisondekarenchocolat.com\/wp-content\/uploads\/Boutique-Karen-Chocolat-Ganache-Pure-Origine-Madagascar-72-180.png|caption^Boutique Karen Chocolat Ganache Pure Origine Madagascar 72% 180|alt^Boutique Karen Chocolat Ganache Pure Origine Madagascar 72% 180|title^Boutique Karen Chocolat Ganache Pure Origine Madagascar 72% 180|description^Boutique Karen Chocolat Ganache Pure Origine Madagascar 72% 180\" img_width=\"96\" icon_style=\"advanced\" icon_color_bg=\"\" icon_border_style=\"solid\" icon_color_border=\"#c9bdc6\" icon_border_size=\"1\" icon_border_radius=\"0\" icon_border_spacing=\"0\" tooltip_disp=\"bottom\" tooltip_text=\"3 Ganaches Pure Origine Madagascar 72%\"][\/vc_column_inner][vc_column_inner width=&#8221;1\/3&#8243;][just_icon icon_type=\"custom\" icon_img=\"id^1983|url^https:\/\/www.lamaisondekarenchocolat.com\/wp-content\/uploads\/Boutique-Karen-Chocolat-Ganache-Pure-Origine-Equateur-180.png|caption^Boutique Karen Chocolat Ganache Pure Origine Equateur 180|alt^Boutique Karen Chocolat Ganache Pure Origine Equateur 180|title^Boutique Karen Chocolat Ganache Pure Origine Equateur 180|description^Boutique Karen Chocolat Ganache Pure Origine Equateur 180\" img_width=\"96\" icon_style=\"advanced\" icon_color_bg=\"\" icon_border_style=\"solid\" icon_color_border=\"#c9bdc6\" icon_border_size=\"1\" icon_border_radius=\"0\" icon_border_spacing=\"0\" tooltip_disp=\"bottom\" tooltip_text=\"3 Ganaches Pure Origine \u00c9quateur 72%\"][\/vc_column_inner][\/vc_row_inner][vc_row_inner equal_height=&#8221;yes&#8221; content_placement=&#8221;middle&#8221; gap=&#8221;2&#8243; css=&#8221;.vc_custom_1536419490446{margin: 0px !important;border-width: 0px !important;padding: 0px !important;}&#8221;][vc_column_inner width=&#8221;1\/3&#8243;][just_icon icon_type=\"custom\" icon_img=\"id^1994|url^https:\/\/www.lamaisondekarenchocolat.com\/wp-content\/uploads\/Boutique-Karen-Chocolat-Ganache-Pure-Origine-P\u00e9rou-72-180.png|caption^Boutique Karen Chocolat Ganache Pure Origine P\u00e9rou 72% 180|alt^Boutique Karen Chocolat Ganache Pure Origine P\u00e9rou 72% 180|title^Boutique Karen Chocolat Ganache Pure Origine P\u00e9rou 72% 180|description^Boutique Karen Chocolat Ganache Pure Origine P\u00e9rou 72% 180\" img_width=\"96\" icon_style=\"advanced\" icon_color_bg=\"\" icon_border_style=\"solid\" icon_color_border=\"#c9bdc6\" icon_border_size=\"1\" icon_border_radius=\"0\" icon_border_spacing=\"0\" tooltip_disp=\"bottom\" tooltip_text=\"1 Ganache, Pure Origine P\u00e9rou 72%\"][\/vc_column_inner][vc_column_inner width=&#8221;1\/3&#8243;][just_icon icon_type=\"custom\" icon_img=\"id^1995|url^https:\/\/www.lamaisondekarenchocolat.com\/wp-content\/uploads\/Boutique-Karen-Chocolat-Ganache-Pure-Origine-Vietnam-64-Poivre-de-Sichuan-180.png|caption^Boutique Karen Chocolat Ganache Pure Origine Vietnam 64% Poivre de Sichuan 180|alt^Boutique Karen Chocolat Ganache Pure Origine Vietnam 64% Poivre de Sichuan 180|title^Boutique Karen Chocolat Ganache Pure Origine Vietnam 64% Poivre de Sichuan 180|description^Boutique Karen Chocolat Ganache Pure Origine Vietnam 64% Poivre de Sichuan 180\" img_width=\"96\" icon_style=\"advanced\" icon_color_bg=\"\" icon_border_style=\"solid\" icon_color_border=\"#c9bdc6\" icon_border_size=\"1\" icon_border_radius=\"0\" icon_border_spacing=\"0\" tooltip_disp=\"bottom\" tooltip_text=\"1 Ganache, Pure Origine Vietnam 64%, Poivre de Sichuan\"][\/vc_column_inner][vc_column_inner width=&#8221;1\/3&#8243;][\/vc_column_inner][\/vc_row_inner][vc_column_text css=&#8221;.vc_custom_1541627083780{padding-bottom: 5% !important;}&#8221;]<\/p>\n<p style=\"text-align: center\">1 boite de 15 ganaches de chocolat noir pure origine<\/p>\n<p>[\/vc_column_text][\/vc_tta_section][vc_tta_section title=&#8221;ingr\u00e9dients et conservation&#8221; tab_id=&#8221;1541625251557-e63ad8f5-211a&#8221;][vc_column_text]<\/p>\n<p style=\"text-align: justify\">Ingr\u00e9dients\u00a0: Chocolat noir, lait et blanc (p\u00e2te de cacao, beurre de cacao, poudre de <strong>lait<\/strong>, sucre, \u00e9mulsifiant : l\u00e9cithine de\u00a0<strong>soja<\/strong>, ar\u00f4me naturel de vanille),\u00a0<strong>cr\u00e8me<\/strong> enti\u00e8re liquide, pur\u00e9e de fruit (fruit de la passion, citron, framboise, m\u00fbre, fraise, bergamite, ananas,\u00a0<strong>coco<\/strong>), dextrose, glucose, <strong>beurre<\/strong>, beurre de cacao, stabilisant : sorbitol, <strong>amandes,\u00a0<\/strong>noisettes, miel de ch\u00e2taignier, p\u00e2te et cr\u00e8me de marron, concentr\u00e9 de mandarine, raisins secs, <strong>noix de p\u00e9can, <\/strong>cacahu\u00e8tes, s\u00e9same, p\u00e2te de <strong>pistache<\/strong>, p\u00e2te d&#8217;orange, p\u00e2te de <strong>coco<\/strong>, vin du Beaujolais, vanille gousse et extrait, f\u00e8ve de Tonka, clou de girofle, anis vert, fleur de sel, gingembre, basilic, citronnelle, menthe, thym, huile essentielle de basilic, poivre de Sichuan, piment d&#8217;Espelette, cardamome, zestes d&#8217;agrumes, liqueurs de fruit, kirsch, chartreuse verte.<\/p>\n<p>Conservation\u00a0: Se conserve 3 semaines dans un endroit sec et frais ( entre 12\u00b0C et 18\u00b0C ). Ne pas mettre au frigo, ne pas congeler.[\/vc_column_text][\/vc_tta_section][vc_tta_section title=&#8221;livraison&#8221; tab_id=&#8221;1541625251998-75f40978-e13d&#8221;][vc_column_text]<\/p>\n<ul>\n<li>Forfait de\u00a013 \u20ac TTC<\/li>\n<li>Frais de port offerts \u00e0 partir d&#8217;un montant d&#8217;achat de 75\u00a0\u20ac\u00a0TTC<\/li>\n<li>Livraison en France m\u00e9tropolitaine et en Corse, par Colissimo.<\/li>\n<\/ul>\n<p><a href=\"\/informations-generales\/conditions-generales-vente\/#conditions-de-livraison\">En Savoir Plus<\/a>[\/vc_column_text][\/vc_tta_section][\/vc_tta_accordion]<\/p>\n","protected":false},"featured_media":2037,"comment_status":"open","ping_status":"closed","template":"","meta":{"_seopress_robots_primary_cat":"none","_seopress_titles_title":"","_seopress_titles_desc":"D\u00e9gustez cet assortiment de 15 ganaches issues des meilleurs crus de cacao qui initieront vos papilles au voyage avec des ar\u00f4mes de Vietnam ou de Madagascar.","_seopress_robots_index":"","om_disable_all_campaigns":false},"product_cat":[124],"product_tag":[41,42,43,26,27],"class_list":{"0":"post-1989","1":"product","2":"type-product","3":"status-publish","4":"has-post-thumbnail","6":"product_cat-les-boites-specialites","7":"product_tag-bonbons","8":"product_tag-caramels","9":"product_tag-ganaches","10":"product_tag-lait","11":"product_tag-noir","12":"product_shipping_class-chocolats-classiques","14":"first","15":"instock","16":"taxable","17":"shipping-taxable","18":"purchasable","19":"product-type-simple"},"_links":{"self":[{"href":"https:\/\/www.lamaisondekarenchocolat.com\/en\/wp-json\/wp\/v2\/product\/1989","targetHints":{"allow":["GET"]}}],"collection":[{"href":"https:\/\/www.lamaisondekarenchocolat.com\/en\/wp-json\/wp\/v2\/product"}],"about":[{"href":"https:\/\/www.lamaisondekarenchocolat.com\/en\/wp-json\/wp\/v2\/types\/product"}],"replies":[{"embeddable":true,"href":"https:\/\/www.lamaisondekarenchocolat.com\/en\/wp-json\/wp\/v2\/comments?post=1989"}],"wp:featuredmedia":[{"embeddable":true,"href":"https:\/\/www.lamaisondekarenchocolat.com\/en\/wp-json\/wp\/v2\/media\/2037"}],"wp:attachment":[{"href":"https:\/\/www.lamaisondekarenchocolat.com\/en\/wp-json\/wp\/v2\/media?parent=1989"}],"wp:term":[{"taxonomy":"product_cat","embeddable":true,"href":"https:\/\/www.lamaisondekarenchocolat.com\/en\/wp-json\/wp\/v2\/product_cat?post=1989"},{"taxonomy":"product_tag","embeddable":true,"href":"https:\/\/www.lamaisondekarenchocolat.com\/en\/wp-json\/wp\/v2\/product_tag?post=1989"}],"curies":[{"name":"wp","href":"https:\/\/api.w.org\/{rel}","templated":true}]}}