{"id":103,"date":"2018-05-16T04:17:27","date_gmt":"2018-05-16T02:17:27","guid":{"rendered":"https:\/\/www.lamaisondekarenchocolat.com\/?post_type=product&#038;p=103"},"modified":"2026-02-22T12:40:14","modified_gmt":"2026-02-22T11:40:14","slug":"tablettes-gourmandes","status":"publish","type":"product","link":"https:\/\/www.lamaisondekarenchocolat.com\/en\/produit\/tablettes-gourmandes\/","title":{"rendered":"les tablettes gourmandes"},"content":{"rendered":"","protected":false},"excerpt":{"rendered":"<p><strong>Poids :<\/strong>\u00a090g (1 tablette)<\/p>\n<p>[vc_tta_accordion style=&#8221;flat&#8221; shape=&#8221;square&#8221; gap=&#8221;5&#8243; active_section=&#8221;&#8221; no_fill=&#8221;true&#8221; collapsible_all=&#8221;true&#8221;][vc_tta_section title=&#8221;description&#8221; tab_id=&#8221;1536219230039-0258e180-6db7&#8243;][vc_column_text]Karen s\u00e9lectionne les meilleurs chocolats pour vous livrer 90g de pur plaisir &#8230;<br \/>\nIl ne vous reste qu&#8217;\u00e0 faire votre choix dans une s\u00e9lection de divers go\u00fbts savoureux :[\/vc_column_text][\/vc_tta_section][vc_tta_section title=&#8221;composition&#8221; tab_id=&#8221;1536219571195-c5986e6c-08a3&#8243;][vc_column_text]<\/p>\n<ul>\n<li>Tablette Lait 38% C\u00f4te d&#8217;ivoire<\/li>\n<li>Tablette Noir 68%<\/li>\n<\/ul>\n<p>[\/vc_tta_section][vc_tta_section title=&#8221;ingr\u00e9dients et conservation&#8221; tab_id=&#8221;1536228048928-f00bc3dc-af36&#8243;][vc_column_text]Ingr\u00e9dients\u00a0: Chocolat garanti pur beurre de cacao.<\/p>\n<p>Conservation\u00a0: Se conserve 3 semaines dans un endroit sec et frais ( entre 12\u00b0C et 18\u00b0C ). Ne pas mettre au frigo, ne pas congeler.<\/p>\n<p>[\/vc_column_text][\/vc_tta_section][vc_tta_section title=&#8221;livraison&#8221; tab_id=&#8221;1536228135987-31f6826c-78d5&#8243;][vc_column_text]<\/p>\n<ul>\n<li>Forfait de\u00a013 \u20ac TTC<\/li>\n<li>Frais de port offerts \u00e0 partir d&#8217;un montant d&#8217;achat de 75\u00a0\u20ac\u00a0TTC<\/li>\n<li>Livraison en France m\u00e9tropolitaine et en Corse, par Colissimo.<\/li>\n<\/ul>\n<p><a href=\"\/informations-generales\/conditions-generales-vente\/#conditions-de-livraison\">En Savoir Plus<\/a><\/p>\n<p>[\/vc_column_text][\/vc_tta_section][\/vc_tta_accordion]<\/p>\n","protected":false},"featured_media":5127,"comment_status":"open","ping_status":"closed","template":"","meta":{"_seopress_robots_primary_cat":"none","_seopress_titles_title":"","_seopress_titles_desc":"R\u00e9alis\u00e9s avec les meilleurs chocolats, les tablettes gourmandes proposent divers go\u00fbts savoureux. Emballage sans plastique gr\u00e2ce \u00e0 un sachet issu du ma\u00efs 100% recyclable.","_seopress_robots_index":"","om_disable_all_campaigns":false},"product_cat":[17,31],"product_tag":[23,26,25,27,24,22],"class_list":{"0":"post-103","1":"product","2":"type-product","3":"status-publish","4":"has-post-thumbnail","6":"product_cat-les-tablettes","7":"product_cat-les-gourmandes","8":"product_tag-feve-cacao","9":"product_tag-lait","10":"product_tag-mendiant","11":"product_tag-noir","12":"product_tag-pralin","13":"product_tag-tablette","14":"product_shipping_class-chocolats-classiques","16":"first","17":"instock","18":"taxable","19":"shipping-taxable","20":"purchasable","21":"product-type-variable"},"_links":{"self":[{"href":"https:\/\/www.lamaisondekarenchocolat.com\/en\/wp-json\/wp\/v2\/product\/103","targetHints":{"allow":["GET"]}}],"collection":[{"href":"https:\/\/www.lamaisondekarenchocolat.com\/en\/wp-json\/wp\/v2\/product"}],"about":[{"href":"https:\/\/www.lamaisondekarenchocolat.com\/en\/wp-json\/wp\/v2\/types\/product"}],"replies":[{"embeddable":true,"href":"https:\/\/www.lamaisondekarenchocolat.com\/en\/wp-json\/wp\/v2\/comments?post=103"}],"wp:featuredmedia":[{"embeddable":true,"href":"https:\/\/www.lamaisondekarenchocolat.com\/en\/wp-json\/wp\/v2\/media\/5127"}],"wp:attachment":[{"href":"https:\/\/www.lamaisondekarenchocolat.com\/en\/wp-json\/wp\/v2\/media?parent=103"}],"wp:term":[{"taxonomy":"product_cat","embeddable":true,"href":"https:\/\/www.lamaisondekarenchocolat.com\/en\/wp-json\/wp\/v2\/product_cat?post=103"},{"taxonomy":"product_tag","embeddable":true,"href":"https:\/\/www.lamaisondekarenchocolat.com\/en\/wp-json\/wp\/v2\/product_tag?post=103"}],"curies":[{"name":"wp","href":"https:\/\/api.w.org\/{rel}","templated":true}]}}