{"id":85,"date":"2018-05-14T04:40:22","date_gmt":"2018-05-14T02:40:22","guid":{"rendered":"https:\/\/www.lamaisondekarenchocolat.com\/panier\/"},"modified":"2018-10-30T03:14:41","modified_gmt":"2018-10-30T02:14:41","slug":"panier","status":"publish","type":"page","link":"https:\/\/www.lamaisondekarenchocolat.com\/en\/tous-les-produits\/panier\/","title":{"rendered":"Panier"},"content":{"rendered":"","protected":false},"excerpt":{"rendered":"","protected":false},"author":1,"featured_media":0,"parent":37,"menu_order":21,"comment_status":"closed","ping_status":"closed","template":"","meta":{"_seopress_robots_primary_cat":"","_seopress_titles_title":"","_seopress_titles_desc":"S\u00e9lectionnez vos produits pr\u00e9f\u00e9r\u00e9s parmi des assortiments de bonbons de chocolat et palets aux saveurs \u00e9tonnantes d\u00e9di\u00e9s aux amateurs de chocolat.","_seopress_robots_index":"","om_disable_all_campaigns":false,"footnotes":""},"class_list":["post-85","page","type-page","status-publish","hentry"],"_links":{"self":[{"href":"https:\/\/www.lamaisondekarenchocolat.com\/en\/wp-json\/wp\/v2\/pages\/85","targetHints":{"allow":["GET"]}}],"collection":[{"href":"https:\/\/www.lamaisondekarenchocolat.com\/en\/wp-json\/wp\/v2\/pages"}],"about":[{"href":"https:\/\/www.lamaisondekarenchocolat.com\/en\/wp-json\/wp\/v2\/types\/page"}],"author":[{"embeddable":true,"href":"https:\/\/www.lamaisondekarenchocolat.com\/en\/wp-json\/wp\/v2\/users\/1"}],"replies":[{"embeddable":true,"href":"https:\/\/www.lamaisondekarenchocolat.com\/en\/wp-json\/wp\/v2\/comments?post=85"}],"version-history":[{"count":1,"href":"https:\/\/www.lamaisondekarenchocolat.com\/en\/wp-json\/wp\/v2\/pages\/85\/revisions"}],"predecessor-version":[{"id":1609,"href":"https:\/\/www.lamaisondekarenchocolat.com\/en\/wp-json\/wp\/v2\/pages\/85\/revisions\/1609"}],"up":[{"embeddable":true,"href":"https:\/\/www.lamaisondekarenchocolat.com\/en\/wp-json\/wp\/v2\/pages\/37"}],"wp:attachment":[{"href":"https:\/\/www.lamaisondekarenchocolat.com\/en\/wp-json\/wp\/v2\/media?parent=85"}],"curies":[{"name":"wp","href":"https:\/\/api.w.org\/{rel}","templated":true}]}}