{"id":529,"date":"2018-09-02T15:13:29","date_gmt":"2018-09-02T13:13:29","guid":{"rendered":"https:\/\/www.lamaisondekarenchocolat.com\/?page_id=529"},"modified":"2020-02-04T23:56:42","modified_gmt":"2020-02-04T22:56:42","slug":"blog","status":"publish","type":"page","link":"https:\/\/www.lamaisondekarenchocolat.com\/en\/informations-generales\/blog\/","title":{"rendered":"Le Blog"},"content":{"rendered":"<p class=\"qtranxs-available-languages-message qtranxs-available-languages-message-en\">Sorry, this entry is only available in <a href=\"https:\/\/www.lamaisondekarenchocolat.com\/fr\/wp-json\/wp\/v2\/pages\/529\" class=\"qtranxs-available-language-link qtranxs-available-language-link-fr\" title=\"Fran\u00e7ais\">Fran\u00e7ais<\/a>. For the sake of viewer convenience, the content is shown below in the alternative language. You may click the link to switch the active language.<\/p><section class=\"wpb-content-wrapper\">\n[vc_row full_width=&#8221;stretch_row&#8221; bg_type=&#8221;image&#8221; parallax_style=&#8221;vcpb-vz-jquery&#8221; bg_image_new=&#8221;id^986|url^https:\/\/www.lamaisondekarenchocolat.com\/wp-content\/uploads\/Karen-Chocolat-Lyon-Blog.jpg|caption^Karen Chocolat Lyon Blog|alt^Karen Chocolat Lyon BlogKaren Chocolat Lyon Blog|title^Karen Chocolat Lyon Blog|description^null&#8221; parallax_sense=&#8221;60&#8243; enable_overlay=&#8221;enable_overlay_value&#8221; overlay_color=&#8221;rgba(0,0,0,0.2)&#8221; css=&#8221;.vc_custom_1577739445492{margin-top: -30px !important;padding-top: 20% !important;padding-bottom: 20% !important;}&#8221;][vc_column width=&#8221;1\/4&#8243;][\/vc_column][vc_column width=&#8221;1\/2&#8243; css=&#8221;.vc_custom_1535972832322{padding: 5% !important;background-color: rgba(255,255,255,0.6) !important;*background-color: rgb(255,255,255) !important;}&#8221;]<div id=\"ultimate-heading-632269e9e56a3d260\" class=\"uvc-heading ult-adjust-bottom-margin ultimate-heading-632269e9e56a3d260 uvc-900 \" data-hspacer=\"no_spacer\"  data-halign=\"center\" style=\"text-align:center\"><div class=\"uvc-heading-spacer no_spacer\" style=\"top\"><\/div><div class=\"uvc-main-heading ult-responsive\"  data-ultimate-target='.uvc-heading.ultimate-heading-632269e9e56a3d260 h2'  data-responsive-json-new='{\"font-size\":\"\",\"line-height\":\"\"}' ><h2 style=\"font-family:&#039;Quicksand&#039;;font-weight:normal;\">Karen chocolat<\/h2><\/div><div class=\"uvc-sub-heading ult-responsive\"  data-ultimate-target='.uvc-heading.ultimate-heading-632269e9e56a3d260 .uvc-sub-heading '  data-responsive-json-new='{\"font-size\":\"\",\"line-height\":\"\"}'  style=\"font-family:&#039;Arapey&#039;;font-weight:normal;\">\n<h2 style=\"font-weight: 300;\">le blog<\/h2>\n<\/div><\/div>[\/vc_column][vc_column width=&#8221;1\/4&#8243;][\/vc_column][\/vc_row][vc_row css=&#8221;.vc_custom_1536999978262{padding-top: 3% !important;padding-bottom: 3% !important;}&#8221;][vc_column]<div class=\"ult-spacer spacer-69e9e56a3d30c\" data-id=\"69e9e56a3d30c\" data-height=\"40\" data-height-mobile=\"25\" data-height-tab=\"20\" data-height-tab-portrait=\"30\" data-height-mobile-landscape=\"15\" style=\"clear:both;display:block;\"><\/div><div id=\"ultimate-heading-352769e9e56a3d343\" class=\"uvc-heading ult-adjust-bottom-margin ultimate-heading-352769e9e56a3d343 uvc-6254 \" data-hspacer=\"no_spacer\"  data-halign=\"center\" style=\"text-align:center\"><div class=\"uvc-heading-spacer no_spacer\" style=\"top\"><\/div><div class=\"uvc-main-heading ult-responsive\"  data-ultimate-target='.uvc-heading.ultimate-heading-352769e9e56a3d343 h2'  data-responsive-json-new='{\"font-size\":\"\",\"line-height\":\"\"}' ><h2 style=\"font-family:&#039;Arapey&#039;;font-weight:normal;\">cat\u00e9gories chocolat\u00e9es<\/h2><\/div><\/div><div class=\"ult-spacer spacer-69e9e56a3d398\" data-id=\"69e9e56a3d398\" data-height=\"30\" data-height-mobile=\"15\" data-height-tab=\"10\" data-height-tab-portrait=\"20\" data-height-mobile-landscape=\"5\" style=\"clear:both;display:block;\"><\/div><div id=\"ultimate-heading-238169e9e56a3d3ce\" class=\"uvc-heading ult-adjust-bottom-margin ultimate-heading-238169e9e56a3d3ce uvc-5989 lmkc-premier-mot-les\" data-hspacer=\"no_spacer\"  data-halign=\"center\" style=\"text-align:center\"><div class=\"uvc-heading-spacer no_spacer\" style=\"top\"><\/div><div class=\"uvc-main-heading ult-responsive\"  data-ultimate-target='.uvc-heading.ultimate-heading-238169e9e56a3d3ce h3'  data-responsive-json-new='{\"font-size\":\"desktop:25px;\",\"line-height\":\"\"}' ><h3 style=\"font-family:&#039;Tajawal&#039;;font-weight:normal;color:#5c585b;\">th\u00e8mes du blog<\/h3><\/div><\/div><div class=\"ult-spacer spacer-69e9e56a3d421\" data-id=\"69e9e56a3d421\" data-height=\"20\" data-height-mobile=\"10\" data-height-tab=\"10\" data-height-tab-portrait=\"10\" data-height-mobile-landscape=\"5\" style=\"clear:both;display:block;\"><\/div>[vc_row_inner][vc_column_inner width=&#8221;1\/4&#8243;]<div class=\"ult-new-ib ult-ib-effect-style13  ult-ib-resp  \" data-min-width=\"768\" data-max-width=\"900\" style=\"\" data-opacity=\"1\" data-hover-opacity=\"1\" ><img decoding=\"async\" class=\"ult-new-ib-img\" style=\"opacity:1;\" alt=\"Blog Cat\u00e9gorie Atelier Chocolat\" src=\"https:\/\/www.lamaisondekarenchocolat.com\/wp-content\/uploads\/Blog-Cat\u00e9gorie-Atelier-Chocolat.png\"   \/><div id=\"interactive-banner-wrap-2830\" class=\"ult-new-ib-desc\" style=\"\"><h4 class=\"ult-new-ib-title ult-responsive\"  data-ultimate-target='#interactive-banner-wrap-2830 .ult-new-ib-title'  data-responsive-json-new='{\"font-size\":\"desktop:25px;\",\"line-height\":\"desktop:30px;\"}'  style=\"font-family:&#039;Tajawal&#039;;font-weight:normal;\">zoom sur les ateliers chocolat<\/h4><\/div><a class=\"ult-new-ib-link\" href=\"\/category\/zoom-ateliers-chocolat\/\"  ><\/a><\/div>[\/vc_column_inner][vc_column_inner width=&#8221;1\/4&#8243;]<div class=\"ult-new-ib ult-ib-effect-style13  ult-ib-resp  \" data-min-width=\"768\" data-max-width=\"900\" style=\"\" data-opacity=\"1\" data-hover-opacity=\"1\" ><img decoding=\"async\" class=\"ult-new-ib-img\" style=\"opacity:1;\" alt=\"Blog Cat\u00e9gorie Maison d&#039;H\u00f4tes\" src=\"https:\/\/www.lamaisondekarenchocolat.com\/wp-content\/uploads\/Blog-Cat\u00e9gorie-Maison-dH\u00f4tes.png\"   \/><div id=\"interactive-banner-wrap-8816\" class=\"ult-new-ib-desc\" style=\"\"><h4 class=\"ult-new-ib-title ult-responsive\"  data-ultimate-target='#interactive-banner-wrap-8816 .ult-new-ib-title'  data-responsive-json-new='{\"font-size\":\"desktop:25px;\",\"line-height\":\"desktop:30px;\"}'  style=\"font-family:&#039;Tajawal&#039;;font-weight:normal;\">la maison d'h\u00f4te de Karen<\/h4><\/div><a class=\"ult-new-ib-link\" href=\"\/category\/maison-hote-karen\/\"  ><\/a><\/div>[\/vc_column_inner][vc_column_inner width=&#8221;1\/4&#8243;]<div class=\"ult-new-ib ult-ib-effect-style13  ult-ib-resp  \" data-min-width=\"768\" data-max-width=\"900\" style=\"\" data-opacity=\"1\" data-hover-opacity=\"1\" ><img decoding=\"async\" class=\"ult-new-ib-img\" style=\"opacity:1;\" alt=\"Blog Cat\u00e9gorie Presse\" src=\"https:\/\/www.lamaisondekarenchocolat.com\/wp-content\/uploads\/Blog-Cat\u00e9gorie-Presse.png\"   \/><div id=\"interactive-banner-wrap-7240\" class=\"ult-new-ib-desc\" style=\"\"><h4 class=\"ult-new-ib-title ult-responsive\"  data-ultimate-target='#interactive-banner-wrap-7240 .ult-new-ib-title'  data-responsive-json-new='{\"font-size\":\"desktop:25px;\",\"line-height\":\"desktop:30px;\"}'  style=\"font-family:&#039;Tajawal&#039;;font-weight:normal;\">la presse et karen chocolat<\/h4><\/div><a class=\"ult-new-ib-link\" href=\"\/category\/presse-karen-chocolat\/\"  ><\/a><\/div>[\/vc_column_inner][vc_column_inner width=&#8221;1\/4&#8243;]<div class=\"ult-new-ib ult-ib-effect-style13  ult-ib-resp  \" data-min-width=\"768\" data-max-width=\"900\" style=\"\" data-opacity=\"1\" data-hover-opacity=\"1\" ><img decoding=\"async\" class=\"ult-new-ib-img\" style=\"opacity:1;\" alt=\"Blog Cat\u00e9gorie Lyon Tourisme\" src=\"https:\/\/www.lamaisondekarenchocolat.com\/wp-content\/uploads\/Blog-Cat\u00e9gorie-Lyon-Tourisme.png\"   \/><div id=\"interactive-banner-wrap-2999\" class=\"ult-new-ib-desc\" style=\"\"><h4 class=\"ult-new-ib-title ult-responsive\"  data-ultimate-target='#interactive-banner-wrap-2999 .ult-new-ib-title'  data-responsive-json-new='{\"font-size\":\"desktop:25px;\",\"line-height\":\"desktop:30px;\"}'  style=\"font-family:&#039;Tajawal&#039;;font-weight:normal;\">la r\u00e9gion de Lyon &amp; ses \u00e9v\u00e8nements<\/h4><\/div><a class=\"ult-new-ib-link\" href=\"\/category\/region-lyon\/\"  ><\/a><\/div>[\/vc_column_inner][\/vc_row_inner]<div class=\"ult-spacer spacer-69e9e56a3e062\" data-id=\"69e9e56a3e062\" data-height=\"40\" data-height-mobile=\"20\" data-height-tab=\"40\" data-height-tab-portrait=\"30\" data-height-mobile-landscape=\"10\" style=\"clear:both;display:block;\"><\/div>[vc_row_inner][vc_column_inner width=&#8221;1\/2&#8243;]<div class=\" vc_custom_1537002018338 ubtn-ctn-center bouton-details-honey\"><a class=\"ubtn-link ult-adjust-bottom-margin ubtn-center ubtn-large bouton-details-honey\" href=\"\/archives-du-blog\/\" ><button type=\"button\" id=\"ubtn-2324\"  class=\"ubtn ult-adjust-bottom-margin ult-responsive ubtn-large ubtn-center-dg-bg  none  ubtn-shd  ubtn-center  shd-bottom tooltip-69e9e56a3e0be\"  data-hover=\"#482819\" data-border-color=\"#ffffff\" data-bg=\"#ffffff\" data-hover-bg=\"#efeacf\" data-border-hover=\"#e5d4c9\" data-shadow-hover=\"0 3px #877e71;\" data-shadow-click=\"\" data-shadow=\"0 5px #cecece;\" data-shd-shadow=\"5\"  data-ultimate-target='#ubtn-2324'  data-responsive-json-new='{\"font-size\":\"desktop:20px;\",\"line-height\":\"desktop:22px;\"}'  style=\"font-family:&#039;Yanone Kaffeesatz&#039;;font-weight:normal;border-radius:5px;border-width:2px;border-color:#ffffff;border-style:outset;box-shadow: 0 5px #cecece;background: #ffffff;color: #482819;\"><span class=\"ubtn-data ubtn-icon\"><i class=\"none\" style=\"font-size:32px;color:#ffffff;\"><\/i><\/span><span class=\"ubtn-hover\" style=\"background-color:#efeacf\"><\/span><span class=\"ubtn-data ubtn-text \" >VOIR TOUS LES ARTICLES<\/span><\/button><\/a><\/div>[\/vc_column_inner][vc_column_inner width=&#8221;1\/2&#8243;]<div class=\" vc_custom_1537002094548 ubtn-ctn-center bouton-details-honey\"><a class=\"ubtn-link ult-adjust-bottom-margin ubtn-center ubtn-large bouton-details-honey\" href=\"\/informations-generales\/qui-est-karen\/\" ><button type=\"button\" id=\"ubtn-4388\"  class=\"ubtn ult-adjust-bottom-margin ult-responsive ubtn-large ubtn-center-dg-bg  none  ubtn-shd  ubtn-center  shd-bottom tooltip-69e9e56a3e1a8\"  data-hover=\"#482819\" data-border-color=\"#ffffff\" data-bg=\"#ffffff\" data-hover-bg=\"#efeacf\" data-border-hover=\"#e5d4c9\" data-shadow-hover=\"0 3px #877e71;\" data-shadow-click=\"\" data-shadow=\"0 5px #cecece;\" data-shd-shadow=\"5\"  data-ultimate-target='#ubtn-4388'  data-responsive-json-new='{\"font-size\":\"desktop:20px;\",\"line-height\":\"desktop:22px;\"}'  style=\"font-family:&#039;Yanone Kaffeesatz&#039;;font-weight:normal;border-radius:5px;border-width:2px;border-color:#ffffff;border-style:outset;box-shadow: 0 5px #cecece;background: #ffffff;color: #482819;\"><span class=\"ubtn-data ubtn-icon\"><i class=\"none\" style=\"font-size:32px;color:#ffffff;\"><\/i><\/span><span class=\"ubtn-hover\" style=\"background-color:#efeacf\"><\/span><span class=\"ubtn-data ubtn-text \" >EN SAVOIR PLUS SUR KAREN<\/span><\/button><\/a><\/div>[\/vc_column_inner][\/vc_row_inner][\/vc_column][\/vc_row][vc_row full_width=&#8221;stretch_row_content&#8221; css=&#8221;.vc_custom_1537088598732{padding-top: 3% !important;padding-right: 10% !important;padding-bottom: 3% !important;padding-left: 10% !important;}&#8221;][vc_column]<div id=\"ultimate-heading-866269e9e56a3e25b\" class=\"uvc-heading ult-adjust-bottom-margin ultimate-heading-866269e9e56a3e25b uvc-1377 \" data-hspacer=\"no_spacer\"  data-halign=\"center\" style=\"text-align:center\"><div class=\"uvc-heading-spacer no_spacer\" style=\"top\"><\/div><div class=\"uvc-main-heading ult-responsive\"  data-ultimate-target='.uvc-heading.ultimate-heading-866269e9e56a3e25b h2'  data-responsive-json-new='{\"font-size\":\"\",\"line-height\":\"\"}' ><h2 style=\"font-family:&#039;Arapey&#039;;font-weight:normal;\">les articles \u00e0 la une<\/h2><\/div><\/div><div class=\"ult-spacer spacer-69e9e56a3e2ae\" data-id=\"69e9e56a3e2ae\" data-height=\"30\" data-height-mobile=\"15\" data-height-tab=\"10\" data-height-tab-portrait=\"20\" data-height-mobile-landscape=\"5\" style=\"clear:both;display:block;\"><\/div>[vc_basic_grid post_type=&#8221;post&#8221; max_items=&#8221;4&#8243; element_width=&#8221;3&#8243; item=&#8221;1050&#8243; grid_id=&#8221;vc_gid:1580856903847-e9ba6782-3cf3-6&#8243;][\/vc_column][\/vc_row][vc_row full_width=&#8221;stretch_row&#8221; bg_type=&#8221;bg_color&#8221; css=&#8221;.vc_custom_1526450887513{padding-top: 3% !important;padding-bottom: 3% !important;}&#8221; bg_color_value=&#8221;#ffffff&#8221;][vc_column]<div class=\"ult-spacer spacer-69e9e56a3e2d9\" data-id=\"69e9e56a3e2d9\" data-height=\"40\" data-height-mobile=\"20\" data-height-tab=\"40\" data-height-tab-portrait=\"30\" data-height-mobile-landscape=\"10\" style=\"clear:both;display:block;\"><\/div>[vc_row_inner equal_height=&#8221;yes&#8221; content_placement=&#8221;top&#8221;][vc_column_inner width=&#8221;1\/2&#8243;]<div id=\"ultimate-heading-647069e9e56a3e30b\" class=\"uvc-heading ult-adjust-bottom-margin ultimate-heading-647069e9e56a3e30b uvc-6778 \" data-hspacer=\"no_spacer\"  data-halign=\"center\" style=\"text-align:center\"><div class=\"uvc-heading-spacer no_spacer\" style=\"top\"><\/div><div class=\"uvc-main-heading ult-responsive\"  data-ultimate-target='.uvc-heading.ultimate-heading-647069e9e56a3e30b h2'  data-responsive-json-new='{\"font-size\":\"\",\"line-height\":\"\"}' ><h2 style=\"font-family:&#039;Arapey&#039;;font-weight:normal;\">qui est Karen ?<\/h2><\/div><\/div><div class=\"ult-spacer spacer-69e9e56a3e357\" data-id=\"69e9e56a3e357\" data-height=\"20\" data-height-mobile=\"20\" data-height-tab=\"20\" data-height-tab-portrait=\"20\" data-height-mobile-landscape=\"10\" style=\"clear:both;display:block;\"><\/div>[vc_column_text]<a href=\"\/informations-generales\/qui-est-karen\/\"><img loading=\"lazy\" decoding=\"async\" class=\"alignleft wp-image-509 size-full\" src=\"https:\/\/www.lamaisondekarenchocolat.com\/wp-content\/uploads\/Karen-Chocolat-Artisane-Chocolatier-Limonest.jpg\" alt=\"Karen Chocolat Artisane Chocolatier Limonest\" width=\"194\" height=\"250\" \/><\/a><\/p>\n<h4 style=\"font-family: Arapey; font-size: 25px;\"><span style=\"color: #5c585b;\">en quelques mots\u2026<\/span><\/h4>\n<p><em><a href=\"\/informations-generales\/qui-est-karen\/\">Une \u00e9picurienne<\/a> qui avait envie de partager <a href=\"\/informations-generales\/les-distinctions\/\">sa passion du chocolat<\/a> dans un lieu de convivialit\u00e9 et de bien-\u00eatre\u2026<\/em><\/p>\n<p style=\"text-align: justify;\"><strong style=\"font-size: 30px;\">\u201c<\/strong>\u00a0\u00c0 presque 40 ans j\u2019avais besoin de retrouver du sens dans ce que je faisais, et d\u2019exploiter une aptitude pour les activit\u00e9s culinaires et artistiques. Alors apr\u00e8s 15 ans d\u2019exp\u00e9rience commerciale et marketing au sein de multinationales am\u00e9ricaines (Colgate Palmolive, Kimberly-Clark, Pepsico France), j\u2019ai pris la d\u00e9cision de repartir d\u2019une page blanche et avec l\u2019aide mon mari, j\u2019ai travaill\u00e9 sur ce concept autour de mes valeurs : authenticit\u00e9 , convivialit\u00e9, naturalit\u00e9 et plaisir.\u00a0<strong style=\"font-size: 30px;\">\u201d<\/strong><\/p>\n[\/vc_column_text][vc_column_text css=&#8221;.vc_custom_1539015849790{padding-top: 6% !important;}&#8221;]\n<p style=\"text-align: justify;\">Selon Karen, les avis des personnes qu&#8217;elle re\u00e7oit sont primordiaux. C&#8217;est pour cette raison qu&#8217;elle reste \u00e0 l&#8217;\u00e9coute de ses clients en se faisant \u00e9valuer quotidiennement par le biais d&#8217;un site qui collecte plus de 700 t\u00e9moignages aupr\u00e8s de 7 portails tels que\u00a0Customer Alliance,\u00a0Booking.com ou\u00a0HolidayCheck. <a href=\"\/avis-des-clients-customer-alliance\/\"><span style=\"text-decoration: underline;\">Voir les avis certifi\u00e9s.<\/span><\/a><\/p>\n[\/vc_column_text][\/vc_column_inner][vc_column_inner width=&#8221;1\/2&#8243;]<div id=\"ultimate-heading-957669e9e56a3e38b\" class=\"uvc-heading ult-adjust-bottom-margin ultimate-heading-957669e9e56a3e38b uvc-6054 \" data-hspacer=\"no_spacer\"  data-halign=\"center\" style=\"text-align:center\"><div class=\"uvc-heading-spacer no_spacer\" style=\"top\"><\/div><div class=\"uvc-main-heading ult-responsive\"  data-ultimate-target='.uvc-heading.ultimate-heading-957669e9e56a3e38b h2'  data-responsive-json-new='{\"font-size\":\"\",\"line-height\":\"\"}' ><h2 style=\"font-family:&#039;Arapey&#039;;font-weight:normal;\">actualit\u00e9 facebook<\/h2><\/div><\/div><div class=\"ult-spacer spacer-69e9e56a3e3d2\" data-id=\"69e9e56a3e3d2\" data-height=\"20\" data-height-mobile=\"20\" data-height-tab=\"20\" data-height-tab-portrait=\"20\" data-height-mobile-landscape=\"10\" style=\"clear:both;display:block;\"><\/div>[vc_raw_html]JTNDZGl2JTIwaWQlM0QlMjJmYi1yb290JTIyJTNFJTNDJTJGZGl2JTNFJTBBJTNDc2NyaXB0JTNFJTI4ZnVuY3Rpb24lMjhkJTJDJTIwcyUyQyUyMGlkJTI5JTIwJTdCJTBBJTIwJTIwdmFyJTIwanMlMkMlMjBmanMlMjAlM0QlMjBkLmdldEVsZW1lbnRzQnlUYWdOYW1lJTI4cyUyOSU1QjAlNUQlM0IlMEElMjAlMjBpZiUyMCUyOGQuZ2V0RWxlbWVudEJ5SWQlMjhpZCUyOSUyOSUyMHJldHVybiUzQiUwQSUyMCUyMGpzJTIwJTNEJTIwZC5jcmVhdGVFbGVtZW50JTI4cyUyOSUzQiUyMGpzLmlkJTIwJTNEJTIwaWQlM0IlMEElMjAlMjBqcy5zcmMlMjAlM0QlMjAlMjIlMkYlMkZjb25uZWN0LmZhY2Vib29rLm5ldCUyRmZyX0ZSJTJGc2RrLmpzJTIzeGZibWwlM0QxJTI2dmVyc2lvbiUzRHYyLjklMjIlM0IlMEElMjAlMjBmanMucGFyZW50Tm9kZS5pbnNlcnRCZWZvcmUlMjhqcyUyQyUyMGZqcyUyOSUzQiUwQSU3RCUyOGRvY3VtZW50JTJDJTIwJTI3c2NyaXB0JTI3JTJDJTIwJTI3ZmFjZWJvb2stanNzZGslMjclMjklMjklM0IlM0MlMkZzY3JpcHQlM0UlMEElM0NkaXYlMjBjbGFzcyUzRCUyMmZiLXBhZ2UlMjIlMjBkYXRhLWhyZWYlM0QlMjJodHRwcyUzQSUyRiUyRnd3dy5mYWNlYm9vay5jb20lMkZsYW1haXNvbmRla2FyZW5jaG9jb2xhdCUyRiUyMiUyMCUyMGRhdGEtd2lkdGglM0QlMjI3NzAlMjIlMjBkYXRhLWhlaWdodCUzRCUyMjU2MCUyMiUyMGRhdGEtdGFicyUzRCUyMnRpbWVsaW5lJTIyJTIwZGF0YS1zbWFsbC1oZWFkZXIlM0QlMjJmYWxzZSUyMiUyMGRhdGEtYWRhcHQtY29udGFpbmVyLXdpZHRoJTNEJTIydHJ1ZSUyMiUyMGRhdGEtaGlkZS1jb3ZlciUzRCUyMmZhbHNlJTIyJTIwZGF0YS1zaG93LWZhY2VwaWxlJTNEJTIydHJ1ZSUyMiUzRSUzQ2Jsb2NrcXVvdGUlMjBjaXRlJTNEJTIyaHR0cHMlM0ElMkYlMkZ3d3cuZmFjZWJvb2suY29tJTJGbGFtYWlzb25kZWthcmVuY2hvY29sYXQlMkYlMjIlMjBjbGFzcyUzRCUyMmZiLXhmYm1sLXBhcnNlLWlnbm9yZSUyMiUzRSUzQ2ElMjBocmVmJTNEJTIyaHR0cHMlM0ElMkYlMkZ3d3cuZmFjZWJvb2suY29tJTJGbGFtYWlzb25kZWthcmVuY2hvY29sYXQlMkYlMjIlM0VMYSUyMG1haXNvbiUyMGRlJTIwS2FyZW4lMjBDaG9jb2xhdCUzQyUyRmElM0UlM0MlMkZibG9ja3F1b3RlJTNFJTNDJTJGZGl2JTNF[\/vc_raw_html][vc_raw_js]JTNDc2NyaXB0JTIwc3JjJTNEJTIyJTJGJTJGd2lkZ2V0LmN1c3RvbWVyLWFsbGlhbmNlLmNvbSUyRnJldmlld3MlMkZqcyUyRnN0YW5kYXJkJTJGMjNjNjdiNDY4YTIxMjJjMi5qcyUyMiUyMGFzeW5jJTNFJTNDJTJGc2NyaXB0JTNF[\/vc_raw_js][\/vc_column_inner][\/vc_row_inner]<div class=\"ult-spacer spacer-69e9e56a3e3f9\" data-id=\"69e9e56a3e3f9\" data-height=\"40\" data-height-mobile=\"20\" data-height-tab=\"40\" data-height-tab-portrait=\"30\" data-height-mobile-landscape=\"10\" style=\"clear:both;display:block;\"><\/div><div class=\" vc_custom_1536640006000 ubtn-ctn-center bouton-details-honey\"><a class=\"ubtn-link ult-adjust-bottom-margin ubtn-center ubtn-large bouton-details-honey\" href=\"\/la-maison\/#maison-visite-360\" ><button type=\"button\" id=\"ubtn-1402\"  class=\"ubtn ult-adjust-bottom-margin ult-responsive ubtn-large ubtn-center-dg-bg  none  ubtn-shd  ubtn-center  shd-bottom tooltip-69e9e56a3e43c\"  data-hover=\"#482819\" data-border-color=\"#ffffff\" data-bg=\"#ffffff\" data-hover-bg=\"#efeacf\" data-border-hover=\"#e5d4c9\" data-shadow-hover=\"0 3px #877e71;\" data-shadow-click=\"\" data-shadow=\"0 5px #cecece;\" data-shd-shadow=\"5\"  data-ultimate-target='#ubtn-1402'  data-responsive-json-new='{\"font-size\":\"desktop:20px;\",\"line-height\":\"desktop:22px;\"}'  style=\"font-family:&#039;Yanone Kaffeesatz&#039;;font-weight:normal;border-radius:5px;border-width:2px;border-color:#ffffff;border-style:outset;box-shadow: 0 5px #cecece;background: #ffffff;color: #482819;\"><span class=\"ubtn-data ubtn-icon\"><i class=\"none\" style=\"font-size:32px;color:#ffffff;\"><\/i><\/span><span class=\"ubtn-hover\" style=\"background-color:#efeacf\"><\/span><span class=\"ubtn-data ubtn-text \" >VISITE VIRTUELLE 360 \u00b0<\/span><\/button><\/a><\/div>[\/vc_column][\/vc_row]\n\n<\/section>","protected":false},"excerpt":{"rendered":"<p>Sorry, this entry is only available in Fran\u00e7ais. For the sake of viewer convenience, the content is shown below in the alternative language. You may click the link to switch the active language. [vc_row full_width=&#8221;stretch_row&#8221; bg_type=&#8221;image&#8221; parallax_style=&#8221;vcpb-vz-jquery&#8221; bg_image_new=&#8221;id^986|url^https:\/\/www.lamaisondekarenchocolat.com\/wp-content\/uploads\/Karen-Chocolat-Lyon-Blog.jpg|caption^Karen Chocolat Lyon Blog|alt^Karen Chocolat Lyon BlogKaren Chocolat Lyon Blog|title^Karen Chocolat Lyon Blog|description^null&#8221; parallax_sense=&#8221;60&#8243; enable_overlay=&#8221;enable_overlay_value&#8221; overlay_color=&#8221;rgba(0,0,0,0.2)&#8221; css=&#8221;.vc_custom_1577739445492{margin-top: -30px [&hellip;]<\/p>\n","protected":false},"author":2,"featured_media":1728,"parent":39,"menu_order":26,"comment_status":"closed","ping_status":"closed","template":"","meta":{"_seopress_robots_primary_cat":"","_seopress_titles_title":"","_seopress_titles_desc":"Suivez les \u00e9v\u00e9nements qui concernent La Maison de Karen Chocolat \u00e0 Lyon gr\u00e2ce \u00e0 des articles r\u00e9dig\u00e9s par Karen elle-m\u00eame ou par la presse locale ou \u00e9mis par la radio.","_seopress_robots_index":"","om_disable_all_campaigns":false,"footnotes":""},"class_list":["post-529","page","type-page","status-publish","has-post-thumbnail","hentry"],"_links":{"self":[{"href":"https:\/\/www.lamaisondekarenchocolat.com\/en\/wp-json\/wp\/v2\/pages\/529","targetHints":{"allow":["GET"]}}],"collection":[{"href":"https:\/\/www.lamaisondekarenchocolat.com\/en\/wp-json\/wp\/v2\/pages"}],"about":[{"href":"https:\/\/www.lamaisondekarenchocolat.com\/en\/wp-json\/wp\/v2\/types\/page"}],"author":[{"embeddable":true,"href":"https:\/\/www.lamaisondekarenchocolat.com\/en\/wp-json\/wp\/v2\/users\/2"}],"replies":[{"embeddable":true,"href":"https:\/\/www.lamaisondekarenchocolat.com\/en\/wp-json\/wp\/v2\/comments?post=529"}],"version-history":[{"count":31,"href":"https:\/\/www.lamaisondekarenchocolat.com\/en\/wp-json\/wp\/v2\/pages\/529\/revisions"}],"predecessor-version":[{"id":2994,"href":"https:\/\/www.lamaisondekarenchocolat.com\/en\/wp-json\/wp\/v2\/pages\/529\/revisions\/2994"}],"up":[{"embeddable":true,"href":"https:\/\/www.lamaisondekarenchocolat.com\/en\/wp-json\/wp\/v2\/pages\/39"}],"wp:featuredmedia":[{"embeddable":true,"href":"https:\/\/www.lamaisondekarenchocolat.com\/en\/wp-json\/wp\/v2\/media\/1728"}],"wp:attachment":[{"href":"https:\/\/www.lamaisondekarenchocolat.com\/en\/wp-json\/wp\/v2\/media?parent=529"}],"curies":[{"name":"wp","href":"https:\/\/api.w.org\/{rel}","templated":true}]}}