{"id":39,"date":"2018-05-11T16:45:45","date_gmt":"2018-05-11T14:45:45","guid":{"rendered":"https:\/\/www.lamaisondekarenchocolat.com\/?page_id=39"},"modified":"2024-02-22T16:34:24","modified_gmt":"2024-02-22T15:34:24","slug":"informations-generales","status":"publish","type":"page","link":"https:\/\/www.lamaisondekarenchocolat.com\/en\/informations-generales\/","title":{"rendered":"Plus d&#8217;Infos"},"content":{"rendered":"<p class=\"qtranxs-available-languages-message qtranxs-available-languages-message-en\">Sorry, this entry is only available in <a href=\"https:\/\/www.lamaisondekarenchocolat.com\/fr\/wp-json\/wp\/v2\/pages\/39\" class=\"qtranxs-available-language-link qtranxs-available-language-link-fr\" title=\"Fran\u00e7ais\">Fran\u00e7ais<\/a>. For the sake of viewer convenience, the content is shown below in the alternative language. You may click the link to switch the active language.<\/p><section class=\"wpb-content-wrapper\">[vc_row full_width=&#8221;stretch_row&#8221; bg_type=&#8221;image&#8221; parallax_style=&#8221;vcpb-vz-jquery&#8221; bg_image_new=&#8221;id^1655|url^https:\/\/www.lamaisondekarenchocolat.com\/wp-content\/uploads\/Karen-Chocolat-Informations-Contact-Acc\u00e8s-Blog.jpg|caption^Karen Chocolat Informations Contact Acc\u00e8s Blog|alt^Karen Chocolat Informations Contact Acc\u00e8s Blog|title^Karen Chocolat Informations Contact Acc\u00e8s Blog|description^Karen Chocolat Informations Contact Acc\u00e8s Blog&#8221; parallax_sense=&#8221;60&#8243; css=&#8221;.vc_custom_1577737830671{margin-top: -30px !important;padding-top: 20% !important;padding-bottom: 20% !important;}&#8221;][vc_column width=&#8221;1\/4&#8243;][\/vc_column][vc_column width=&#8221;1\/2&#8243; css=&#8221;.vc_custom_1535972832322{padding: 5% !important;background-color: rgba(255,255,255,0.6) !important;*background-color: rgb(255,255,255) !important;}&#8221;]<div id=\"ultimate-heading-29669e1e0421e8d3\" class=\"uvc-heading ult-adjust-bottom-margin ultimate-heading-29669e1e0421e8d3 uvc-2130 \" data-hspacer=\"no_spacer\"  data-halign=\"center\" style=\"text-align:center\"><div class=\"uvc-heading-spacer no_spacer\" style=\"top\"><\/div><div class=\"uvc-main-heading ult-responsive\"  data-ultimate-target='.uvc-heading.ultimate-heading-29669e1e0421e8d3 h2'  data-responsive-json-new='{\"font-size\":\"\",\"line-height\":\"\"}' ><h2 style=\"font-family:&#039;Quicksand&#039;;font-weight:normal;\">PLUS D'INFORMATIONS<\/h2><\/div><div class=\"uvc-sub-heading ult-responsive\"  data-ultimate-target='.uvc-heading.ultimate-heading-29669e1e0421e8d3 .uvc-sub-heading '  data-responsive-json-new='{\"font-size\":\"\",\"line-height\":\"\"}'  style=\"font-family:&#039;Arapey&#039;;font-weight:normal;\">\n<h2 style=\"font-weight: 300; text-align: center;\">sur le site de Karen Chocolat<\/h2>\n<\/div><\/div>[\/vc_column][vc_column width=&#8221;1\/4&#8243;][\/vc_column][\/vc_row][vc_row][vc_column][vc_row_inner][vc_column_inner width=&#8221;1\/6&#8243;][\/vc_column_inner][vc_column_inner width=&#8221;2\/3&#8243;]<div class=\"ult-spacer spacer-69e1e0421e994\" data-id=\"69e1e0421e994\" data-height=\"40\" data-height-mobile=\"20\" data-height-tab=\"40\" data-height-tab-portrait=\"30\" data-height-mobile-landscape=\"10\" style=\"clear:both;display:block;\"><\/div><div id=\"ultimate-heading-254869e1e0421e9d4\" class=\"uvc-heading ult-adjust-bottom-margin ultimate-heading-254869e1e0421e9d4 uvc-1560 \" data-hspacer=\"no_spacer\"  data-halign=\"center\" style=\"text-align:center\"><div class=\"uvc-heading-spacer no_spacer\" style=\"top\"><\/div><div class=\"uvc-main-heading ult-responsive\"  data-ultimate-target='.uvc-heading.ultimate-heading-254869e1e0421e9d4 h2'  data-responsive-json-new='{\"font-size\":\"\",\"line-height\":\"\"}' ><h2 style=\"font-family:&#039;Arapey&#039;;font-weight:normal;\">en savoir plus sur Karen, son blog, son site internet...<\/h2><\/div><\/div><div class=\"ult-spacer spacer-69e1e0421ea34\" data-id=\"69e1e0421ea34\" data-height=\"40\" data-height-mobile=\"20\" data-height-tab=\"40\" data-height-tab-portrait=\"30\" data-height-mobile-landscape=\"10\" style=\"clear:both;display:block;\"><\/div>[vc_column_text css=&#8221;.vc_custom_1540678622053{padding-top: 2% !important;padding-bottom: 2% !important;}&#8221;]\n<p style=\"text-align: justify;\">Le partage est dans l&#8217;ADN de Karen Chocolat et c&#8217;est ce qui la pousse \u00e0 vous fournir de nombreuses pages suppl\u00e9mentaires d\u00e9di\u00e9es aux autres services qu&#8217;elle vous propose sur son site web ou dans sa maison d&#8217;h\u00f4tes \u00e0 Limonest. Cela vous permettra de mieux conna\u00eetre la Maison de Karen Chocolat au travers d&#8217;articles de blog, gr\u00e2ce aux r\u00e9compenses qui vous prouvent ses capacit\u00e9s et via des formulaires de contact pour vous permettre de lui poser n&#8217;importe quelle question.<\/p>\n[\/vc_column_text][\/vc_column_inner][vc_column_inner width=&#8221;1\/6&#8243;][\/vc_column_inner][\/vc_row_inner][\/vc_column][\/vc_row][vc_row][vc_column][vc_row_inner css=&#8221;.vc_custom_1540876619374{padding-top: 2% !important;}&#8221;][vc_column_inner width=&#8221;1\/3&#8243;]<div class=\"ult-new-ib ult-ib-effect-style13  ult-ib-resp  \" data-min-width=\"768\" data-max-width=\"900\" style=\"background:#000000;\" data-opacity=\"0.7\" data-hover-opacity=\"0.3\" ><img decoding=\"async\" class=\"ult-new-ib-img\" style=\"opacity:0.7;\" alt=\"Karen Chocolat Contact Particulier Professionnel Acc\u00e8s Cat\u00e9gorie\" src=\"https:\/\/www.lamaisondekarenchocolat.com\/wp-content\/uploads\/Karen-Chocolat-Contact-Particulier-Professionnel-Acc\u00e8s-Cat\u00e9gorie.jpg\"   \/><div id=\"interactive-banner-wrap-3944\" class=\"ult-new-ib-desc\" style=\"\"><h3 class=\"ult-new-ib-title ult-responsive\"  data-ultimate-target='#interactive-banner-wrap-3944 .ult-new-ib-title'  data-responsive-json-new='{\"font-size\":\"desktop:22px;\",\"line-height\":\"desktop:30px;\"}'  style=\"font-family:&#039;Tajawal&#039;;font-weight:300;\">Formulaires de Contact<\/h3><div class=\"ult-new-ib-content ult-responsive\"  data-ultimate-target='#interactive-banner-wrap-3944 .ult-new-ib-content'  data-responsive-json-new='{\"font-size\":\"desktop:18px;\",\"line-height\":\"desktop:20px;\"}'  style=\"font-weight:normal;\"><p>Contactez Karen Chocolat \u00e0 Limonest gr\u00e2ce \u00e0 deux formulaires de contact, l'un pour les particuliers, l'autre pour les entreprises. Map et g\u00e9olocalisation \u00e0 votre disposition.<\/p><\/div><\/div><a class=\"ult-new-ib-link\" href=\"\/informations-generales\/contact\/\"  ><\/a><\/div>[\/vc_column_inner][vc_column_inner width=&#8221;1\/3&#8243;]<div class=\"ult-new-ib ult-ib-effect-style13  ult-ib-resp  \" data-min-width=\"768\" data-max-width=\"900\" style=\"background:#000000;\" data-opacity=\"0.7\" data-hover-opacity=\"0.3\" ><img decoding=\"async\" class=\"ult-new-ib-img\" style=\"opacity:0.7;\" alt=\"Karen Chocolat Acc\u00e8s Itin\u00e9raire G\u00e9olocalisation Cat\u00e9gorie\" src=\"https:\/\/www.lamaisondekarenchocolat.com\/wp-content\/uploads\/Karen-Chocolat-Acc\u00e8s-Itin\u00e9raire-G\u00e9olocalisation-Cat\u00e9gorie.jpg\"   \/><div id=\"interactive-banner-wrap-8651\" class=\"ult-new-ib-desc\" style=\"\"><h3 class=\"ult-new-ib-title ult-responsive\"  data-ultimate-target='#interactive-banner-wrap-8651 .ult-new-ib-title'  data-responsive-json-new='{\"font-size\":\"desktop:22px;\",\"line-height\":\"desktop:30px;\"}'  style=\"font-family:&#039;Tajawal&#039;;font-weight:300;\">Acc\u00e8s &amp; Itin\u00e9raire<\/h3><div class=\"ult-new-ib-content ult-responsive\"  data-ultimate-target='#interactive-banner-wrap-8651 .ult-new-ib-content'  data-responsive-json-new='{\"font-size\":\"desktop:18px;\",\"line-height\":\"desktop:20px;\"}'  style=\"font-weight:normal;\"><p>Gr\u00e2ce \u00e0 la g\u00e9olocalisation de Google Maps, choisissez un itin\u00e9raire qui vous convient pour parvenir en toute qui\u00e9tude jusqu'\u00e0 La Maison d'h\u00f4tes de Karen Chocolat<\/p><\/div><\/div><a class=\"ult-new-ib-link\" href=\"\/informations-generales\/contact\/#acces-geographique\"  ><\/a><\/div>[\/vc_column_inner][vc_column_inner width=&#8221;1\/3&#8243;]<div class=\"ult-new-ib ult-ib-effect-style13  ult-ib-resp  \" data-min-width=\"768\" data-max-width=\"900\" style=\"background:#000000;\" data-opacity=\"0.7\" data-hover-opacity=\"0.3\" ><img decoding=\"async\" class=\"ult-new-ib-img\" style=\"opacity:0.7;\" alt=\"Portrait de Karen Chocolat Lyon Cat\u00e9gorie\" src=\"https:\/\/www.lamaisondekarenchocolat.com\/wp-content\/uploads\/Portrait-de-Karen-Chocolat-Lyon-Cat\u00e9gorie.jpg\"   \/><div id=\"interactive-banner-wrap-9572\" class=\"ult-new-ib-desc\" style=\"\"><h3 class=\"ult-new-ib-title ult-responsive\"  data-ultimate-target='#interactive-banner-wrap-9572 .ult-new-ib-title'  data-responsive-json-new='{\"font-size\":\"desktop:22px;\",\"line-height\":\"desktop:30px;\"}'  style=\"font-family:&#039;Tajawal&#039;;font-weight:300;\">Qui est Karen<\/h3><div class=\"ult-new-ib-content ult-responsive\"  data-ultimate-target='#interactive-banner-wrap-9572 .ult-new-ib-content'  data-responsive-json-new='{\"font-size\":\"desktop:18px;\",\"line-height\":\"desktop:20px;\"}'  style=\"font-weight:normal;\"><p>Apprenez \u00e0 conna\u00eetre Karen Bonnet, chocolati\u00e8re dipl\u00f4m\u00e9e et passionn\u00e9e, propri\u00e9taire et g\u00e9rante de La maison de Karen chocolat. D\u00e9couvrez son parcours professionnel.<\/p><\/div><\/div><a class=\"ult-new-ib-link\" href=\"\/informations-generales\/qui-est-karen\/\"  ><\/a><\/div>[\/vc_column_inner][\/vc_row_inner][vc_row_inner css=&#8221;.vc_custom_1540876579206{padding-top: 2% !important;padding-bottom: 2% !important;}&#8221;][vc_column_inner width=&#8221;1\/3&#8243;]<div class=\"ult-new-ib ult-ib-effect-style13  ult-ib-resp  \" data-min-width=\"768\" data-max-width=\"900\" style=\"background:#000000;\" data-opacity=\"0.7\" data-hover-opacity=\"0.3\" ><img decoding=\"async\" class=\"ult-new-ib-img\" style=\"opacity:0.7;\" alt=\"Remise de prix Salon du Chocolat PARIS 2017 Cat\u00e9gorie\" src=\"https:\/\/www.lamaisondekarenchocolat.com\/wp-content\/uploads\/Remise-de-prix-Salon-du-Chocolat-PARIS-2017-Cat\u00e9gorie.jpg\"   \/><div id=\"interactive-banner-wrap-9369\" class=\"ult-new-ib-desc\" style=\"\"><h3 class=\"ult-new-ib-title ult-responsive\"  data-ultimate-target='#interactive-banner-wrap-9369 .ult-new-ib-title'  data-responsive-json-new='{\"font-size\":\"desktop:22px;\",\"line-height\":\"desktop:30px;\"}'  style=\"font-family:&#039;Tajawal&#039;;font-weight:300;\">R\u00e9compenses &amp; Distinctions<\/h3><div class=\"ult-new-ib-content ult-responsive\"  data-ultimate-target='#interactive-banner-wrap-9369 .ult-new-ib-content'  data-responsive-json-new='{\"font-size\":\"desktop:18px;\",\"line-height\":\"desktop:20px;\"}'  style=\"font-weight:normal;\"><p>La maison de Karen Chocolat a \u00e9t\u00e9 r\u00e9compens\u00e9e par 3 organismes de renom pour ses services. Karen s'est \u00e9galement distingu\u00e9e par deux r\u00e9compenses au Salon du Chocolat.<\/p><\/div><\/div><a class=\"ult-new-ib-link\" href=\"\/informations-generales\/les-distinctions\/\"  ><\/a><\/div>[\/vc_column_inner][vc_column_inner width=&#8221;1\/3&#8243;]<div class=\"ult-new-ib ult-ib-effect-style13  ult-ib-resp  \" data-min-width=\"768\" data-max-width=\"900\" style=\"background:#000000;\" data-opacity=\"0.7\" data-hover-opacity=\"0.3\" ><img decoding=\"async\" class=\"ult-new-ib-img\" style=\"opacity:0.7;\" alt=\"Karen Chocolat Lyon Blog Cat\u00e9gorie\" src=\"https:\/\/www.lamaisondekarenchocolat.com\/wp-content\/uploads\/Karen-Chocolat-Lyon-Blog-Cat\u00e9gorie.jpg\"   \/><div id=\"interactive-banner-wrap-5456\" class=\"ult-new-ib-desc\" style=\"\"><h3 class=\"ult-new-ib-title ult-responsive\"  data-ultimate-target='#interactive-banner-wrap-5456 .ult-new-ib-title'  data-responsive-json-new='{\"font-size\":\"desktop:22px;\",\"line-height\":\"desktop:30px;\"}'  style=\"font-family:&#039;Tajawal&#039;;font-weight:300;\">Blog &amp; Actualit\u00e9s<\/h3><div class=\"ult-new-ib-content ult-responsive\"  data-ultimate-target='#interactive-banner-wrap-5456 .ult-new-ib-content'  data-responsive-json-new='{\"font-size\":\"desktop:18px;\",\"line-height\":\"desktop:20px;\"}'  style=\"font-weight:normal;\"><p>Suivez les \u00e9v\u00e9nements qui concernent La Maison de Karen Chocolat \u00e0 Lyon gr\u00e2ce \u00e0 des articles r\u00e9dig\u00e9s par Karen elle-m\u00eame ou par la presse locale ou \u00e9mis par la radio.<\/p><\/div><\/div><a class=\"ult-new-ib-link\" href=\"\/informations-generales\/blog\/\"  ><\/a><\/div>[\/vc_column_inner][vc_column_inner width=&#8221;1\/3&#8243;]<div class=\"ult-new-ib ult-ib-effect-style13  ult-ib-resp  \" data-min-width=\"768\" data-max-width=\"900\" style=\"background:#000000;\" data-opacity=\"0.7\" data-hover-opacity=\"0.3\" ><img decoding=\"async\" class=\"ult-new-ib-img\" style=\"opacity:0.7;\" alt=\"Archive de Blog Karen Chocolat Atelier Lyon\" src=\"https:\/\/www.lamaisondekarenchocolat.com\/wp-content\/uploads\/Archive-de-Blog-Karen-Chocolat-Atelier-Lyon.jpg\"   \/><div id=\"interactive-banner-wrap-6924\" class=\"ult-new-ib-desc\" style=\"\"><h3 class=\"ult-new-ib-title ult-responsive\"  data-ultimate-target='#interactive-banner-wrap-6924 .ult-new-ib-title'  data-responsive-json-new='{\"font-size\":\"desktop:22px;\",\"line-height\":\"desktop:30px;\"}'  style=\"font-family:&#039;Tajawal&#039;;font-weight:300;\">Archive du Blog<\/h3><div class=\"ult-new-ib-content ult-responsive\"  data-ultimate-target='#interactive-banner-wrap-6924 .ult-new-ib-content'  data-responsive-json-new='{\"font-size\":\"desktop:18px;\",\"line-height\":\"desktop:20px;\"}'  style=\"font-weight:normal;\"><p>Retrouvez tous les articles concernant Karen Chocolat ou sa maison d'h\u00f4tes \u00e0 Limonest gr\u00e2ce \u00e0 un classement par th\u00e9matique vous permettant de cibler votre recherche.<\/p><\/div><\/div><a class=\"ult-new-ib-link\" href=\"\/informations-generales\/archives-du-blog\/\"  ><\/a><\/div>[\/vc_column_inner][\/vc_row_inner][vc_row_inner css=&#8221;.vc_custom_1540882050616{padding-bottom: 2% !important;}&#8221;][vc_column_inner width=&#8221;1\/3&#8243;]<div class=\"ult-new-ib ult-ib-effect-style13  ult-ib-resp  \" data-min-width=\"768\" data-max-width=\"900\" style=\"background:#000000;\" data-opacity=\"0.7\" data-hover-opacity=\"0.3\" ><img decoding=\"async\" class=\"ult-new-ib-img\" style=\"opacity:0.7;\" alt=\"Tarifs Services Maison d&#039;Hotes S\u00e9minaires Ateliers Cat\u00e9gorie\" src=\"https:\/\/www.lamaisondekarenchocolat.com\/wp-content\/uploads\/Tarifs-Services-Maison-dHotes-S\u00e9minaires-Ateliers-Cat\u00e9gorie.jpg\"   \/><div id=\"interactive-banner-wrap-3383\" class=\"ult-new-ib-desc\" style=\"\"><h3 class=\"ult-new-ib-title ult-responsive\"  data-ultimate-target='#interactive-banner-wrap-3383 .ult-new-ib-title'  data-responsive-json-new='{\"font-size\":\"desktop:22px;\",\"line-height\":\"desktop:30px;\"}'  style=\"font-family:&#039;Tajawal&#039;;font-weight:300;\">Tarifs des services<\/h3><div class=\"ult-new-ib-content ult-responsive\"  data-ultimate-target='#interactive-banner-wrap-3383 .ult-new-ib-content'  data-responsive-json-new='{\"font-size\":\"desktop:18px;\",\"line-height\":\"desktop:20px;\"}'  style=\"font-weight:normal;\"><p>Parcourez d'un coup d\u2019\u0153il les tarifs des chambres d'h\u00f4tes, du hammam, des massages, des ateliers et des formules s\u00e9minaire d'entreprises propos\u00e9s par Karen.<\/p><\/div><\/div><a class=\"ult-new-ib-link\" href=\"\/informations-generales\/tarifs\/\"  ><\/a><\/div>[\/vc_column_inner][vc_column_inner width=&#8221;1\/3&#8243;]<div class=\"ult-new-ib ult-ib-effect-style13  ult-ib-resp  \" data-min-width=\"768\" data-max-width=\"900\" style=\"background:#000000;\" data-opacity=\"0.7\" data-hover-opacity=\"0.3\" ><img decoding=\"async\" class=\"ult-new-ib-img\" style=\"opacity:0.7;\" alt=\"Mentions L\u00e9gales CGV La Maison de Karen Chocolat Cat\u00e9gorie\" src=\"https:\/\/www.lamaisondekarenchocolat.com\/wp-content\/uploads\/Mentions-L\u00e9gales-CGV-La-Maison-de-Karen-Chocolat-Cat\u00e9gorie.jpg\"   \/><div id=\"interactive-banner-wrap-2425\" class=\"ult-new-ib-desc\" style=\"\"><h3 class=\"ult-new-ib-title ult-responsive\"  data-ultimate-target='#interactive-banner-wrap-2425 .ult-new-ib-title'  data-responsive-json-new='{\"font-size\":\"desktop:22px;\",\"line-height\":\"desktop:30px;\"}'  style=\"font-family:&#039;Tajawal&#039;;font-weight:300;\">Conditions G\u00e9n\u00e9rales de Vente<\/h3><div class=\"ult-new-ib-content ult-responsive\"  data-ultimate-target='#interactive-banner-wrap-2425 .ult-new-ib-content'  data-responsive-json-new='{\"font-size\":\"desktop:18px;\",\"line-height\":\"desktop:20px;\"}'  style=\"font-weight:normal;\"><p>Conditions g\u00e9n\u00e9rales d'utilisation, de vente du site et de la boutique de Karen Bonnet ainsi que les renseignements sur la production et l'h\u00e9bergement.<\/p><\/div><\/div><a class=\"ult-new-ib-link\" href=\"\/informations-generales\/conditions-generales-vente\/\"  ><\/a><\/div>[\/vc_column_inner][vc_column_inner width=&#8221;1\/3&#8243;]<div class=\"ult-new-ib ult-ib-effect-style13  ult-ib-resp  \" data-min-width=\"768\" data-max-width=\"900\" style=\"background:#000000;\" data-opacity=\"0.7\" data-hover-opacity=\"0.3\" ><img decoding=\"async\" class=\"ult-new-ib-img\" style=\"opacity:0.7;\" alt=\"Plan du Site La Maison de Karen Chocolat Limonest Cat\u00e9gorie\" src=\"https:\/\/www.lamaisondekarenchocolat.com\/wp-content\/uploads\/Plan-du-Site-La-Maison-de-Karen-Chocolat-Limonest-Cat\u00e9gorie.jpg\"   \/><div id=\"interactive-banner-wrap-7129\" class=\"ult-new-ib-desc\" style=\"\"><h3 class=\"ult-new-ib-title ult-responsive\"  data-ultimate-target='#interactive-banner-wrap-7129 .ult-new-ib-title'  data-responsive-json-new='{\"font-size\":\"desktop:22px;\",\"line-height\":\"desktop:30px;\"}'  style=\"font-family:&#039;Tajawal&#039;;font-weight:300;\">Plan du Site<\/h3><div class=\"ult-new-ib-content ult-responsive\"  data-ultimate-target='#interactive-banner-wrap-7129 .ult-new-ib-content'  data-responsive-json-new='{\"font-size\":\"desktop:18px;\",\"line-height\":\"desktop:20px;\"}'  style=\"font-weight:normal;\"><p>Retrouvez ici tous les permaliens par th\u00e9matique permettant une navigation et un acc\u00e8s simplifi\u00e9 \u00e0 toutes les informations de la Maison de Karen Chocolat.<\/p><\/div><\/div><a class=\"ult-new-ib-link\" href=\"\/informations-generales\/plan-du-site\/\"  ><\/a><\/div>[\/vc_column_inner][\/vc_row_inner][\/vc_column][\/vc_row][vc_row][vc_column width=&#8221;1\/4&#8243;][\/vc_column][vc_column width=&#8221;1\/4&#8243;]<div class=\" vc_custom_1580923834213 ubtn-ctn-center \"><a class=\"ubtn-link ult-adjust-bottom-margin ubtn-center ubtn-large \" href=\"\/reservation-des-ateliers\/\" ><button type=\"button\" id=\"ubtn-7473\"  class=\"ubtn ult-adjust-bottom-margin ult-responsive ubtn-large ubtn-center-dg-bg  none  ubtn-shd  ubtn-center  shd-bottom tooltip-69e1e04220fbc\"  data-hover=\"#482819\" data-border-color=\"#ffffff\" data-bg=\"#ffffff\" data-hover-bg=\"#efeacf\" data-border-hover=\"#f9f5d9\" data-shadow-hover=\"0 3px #877e71;\" data-shadow-click=\"\" data-shadow=\"0 5px #cecece;\" data-shd-shadow=\"5\"  data-ultimate-target='#ubtn-7473'  data-responsive-json-new='{\"font-size\":\"desktop:20px;\",\"line-height\":\"desktop:22px;\"}'  style=\"font-family:&#039;Yanone Kaffeesatz&#039;;font-weight:normal;border-radius:5px;border-width:2px;border-color:#ffffff;border-style:outset;box-shadow: 0 5px #cecece;background: #ffffff;color: #482819;\"><span class=\"ubtn-data ubtn-icon\"><i class=\"none\" style=\"font-size:32px;color:#ffffff;\"><\/i><\/span><span class=\"ubtn-hover\" style=\"background-color:#efeacf\"><\/span><span class=\"ubtn-data ubtn-text \" >R\u00c9SERVER UN ATELIER<\/span><\/button><\/a><\/div>[\/vc_column][vc_column width=&#8221;1\/4&#8243;]<div class=\" vc_custom_1708616054394 ubtn-ctn-center \"><a class=\"ubtn-link ult-adjust-bottom-margin ubtn-center ubtn-large \" href=\"https:\/\/lmdkc.thais-hotel.com\/direct-booking?nb_adults=1\" title=\"R\u00e9servation en ligne\" target=\"_blank\" rel=\"noopener\" ><button type=\"button\" id=\"ubtn-6909\"  class=\"ubtn ult-adjust-bottom-margin ult-responsive ubtn-large ubtn-center-dg-bg  none  ubtn-shd  ubtn-center  shd-bottom tooltip-69e1e042210b9\"  data-hover=\"#7a9c9d\" data-border-color=\"#87adad\" data-bg=\"#7a9c9d\" data-hover-bg=\"#ffffff\" data-border-hover=\"#ffffff\" data-shadow-hover=\"0 3px #cecece;\" data-shadow-click=\"\" data-shadow=\"0 5px #739293;\" data-shd-shadow=\"5\"  data-ultimate-target='#ubtn-6909'  data-responsive-json-new='{\"font-size\":\"desktop:20px;\",\"line-height\":\"desktop:22px;\"}'  style=\"font-family:&#039;Yanone Kaffeesatz&#039;;font-weight:normal;border-radius:5px;border-width:2px;border-color:#87adad;border-style:outset;box-shadow: 0 5px #739293;background: #7a9c9d;color: #ffffff;\"><span class=\"ubtn-data ubtn-icon\"><i class=\"none\" style=\"font-size:32px;color:#ffffff;\"><\/i><\/span><span class=\"ubtn-hover\" style=\"background-color:#ffffff\"><\/span><span class=\"ubtn-data ubtn-text \" >R\u00c9SERVER UNE CHAMBRE<\/span><\/button><\/a><\/div>[\/vc_column][vc_column width=&#8221;1\/4&#8243;][\/vc_column][\/vc_row]\n<\/section>","protected":false},"excerpt":{"rendered":"<p>Sorry, this entry is only available in Fran\u00e7ais. For the sake of viewer convenience, the content is shown below in the alternative language. You may click the link to switch the active language.[vc_row full_width=&#8221;stretch_row&#8221; bg_type=&#8221;image&#8221; parallax_style=&#8221;vcpb-vz-jquery&#8221; bg_image_new=&#8221;id^1655|url^https:\/\/www.lamaisondekarenchocolat.com\/wp-content\/uploads\/Karen-Chocolat-Informations-Contact-Acc\u00e8s-Blog.jpg|caption^Karen Chocolat Informations Contact Acc\u00e8s Blog|alt^Karen Chocolat Informations Contact Acc\u00e8s Blog|title^Karen Chocolat Informations Contact Acc\u00e8s Blog|description^Karen Chocolat Informations Contact [&hellip;]<\/p>\n","protected":false},"author":2,"featured_media":0,"parent":0,"menu_order":22,"comment_status":"closed","ping_status":"closed","template":"","meta":{"_seopress_robots_primary_cat":"","_seopress_titles_title":"","_seopress_titles_desc":"Trouvez ici plus d'informations sur Karen Chocolat, son parcours, ses r\u00e9compenses, ses actualit\u00e9s et les moyens de la contacter ou d'acc\u00e9der \u00e0 sa maison d'h\u00f4te.","_seopress_robots_index":"","om_disable_all_campaigns":false,"footnotes":""},"class_list":["post-39","page","type-page","status-publish","hentry"],"_links":{"self":[{"href":"https:\/\/www.lamaisondekarenchocolat.com\/en\/wp-json\/wp\/v2\/pages\/39","targetHints":{"allow":["GET"]}}],"collection":[{"href":"https:\/\/www.lamaisondekarenchocolat.com\/en\/wp-json\/wp\/v2\/pages"}],"about":[{"href":"https:\/\/www.lamaisondekarenchocolat.com\/en\/wp-json\/wp\/v2\/types\/page"}],"author":[{"embeddable":true,"href":"https:\/\/www.lamaisondekarenchocolat.com\/en\/wp-json\/wp\/v2\/users\/2"}],"replies":[{"embeddable":true,"href":"https:\/\/www.lamaisondekarenchocolat.com\/en\/wp-json\/wp\/v2\/comments?post=39"}],"version-history":[{"count":31,"href":"https:\/\/www.lamaisondekarenchocolat.com\/en\/wp-json\/wp\/v2\/pages\/39\/revisions"}],"predecessor-version":[{"id":4970,"href":"https:\/\/www.lamaisondekarenchocolat.com\/en\/wp-json\/wp\/v2\/pages\/39\/revisions\/4970"}],"wp:attachment":[{"href":"https:\/\/www.lamaisondekarenchocolat.com\/en\/wp-json\/wp\/v2\/media?parent=39"}],"curies":[{"name":"wp","href":"https:\/\/api.w.org\/{rel}","templated":true}]}}