{"id":365,"date":"2018-05-23T11:49:34","date_gmt":"2018-05-23T09:49:34","guid":{"rendered":"https:\/\/www.lamaisondekarenchocolat.com\/?page_id=365"},"modified":"2025-07-07T12:12:10","modified_gmt":"2025-07-07T10:12:10","slug":"hammam-massages","status":"publish","type":"page","link":"https:\/\/www.lamaisondekarenchocolat.com\/en\/la-maison\/hammam-massages\/","title":{"rendered":"Le Hammam &#8211; Massages"},"content":{"rendered":"<p class=\"qtranxs-available-languages-message qtranxs-available-languages-message-en\">Sorry, this entry is only available in <a href=\"https:\/\/www.lamaisondekarenchocolat.com\/fr\/wp-json\/wp\/v2\/pages\/365\" class=\"qtranxs-available-language-link qtranxs-available-language-link-fr\" title=\"Fran\u00e7ais\">Fran\u00e7ais<\/a>. For the sake of viewer convenience, the content is shown below in the alternative language. You may click the link to switch the active language.<\/p><section class=\"wpb-content-wrapper\">[vc_row full_width=&#8221;stretch_row&#8221; bg_type=&#8221;image&#8221; parallax_style=&#8221;vcpb-vz-jquery&#8221; bg_image_new=&#8221;id^1442|url^https:\/\/www.lamaisondekarenchocolat.com\/wp-content\/uploads\/S\u00e9ance-Massage-Modelage-Lyon.jpg|caption^S\u00e9ance Massage Modelage Lyon|alt^S\u00e9ance Massage Modelage Lyon|title^S\u00e9ance Massage Modelage Lyon|description^S\u00e9ance Massage Modelage Lyon&#8221; parallax_sense=&#8221;60&#8243; css=&#8221;.vc_custom_1580924455989{margin-top: -30px !important;padding-top: 20% !important;padding-bottom: 20% !important;}&#8221;][vc_column width=&#8221;1\/4&#8243;][\/vc_column][vc_column width=&#8221;1\/2&#8243; css=&#8221;.vc_custom_1535972832322{padding: 5% !important;background-color: rgba(255,255,255,0.6) !important;*background-color: rgb(255,255,255) !important;}&#8221;]<div id=\"ultimate-heading-327069fea775f3255\" class=\"uvc-heading ult-adjust-bottom-margin ultimate-heading-327069fea775f3255 uvc-4820 \" data-hspacer=\"no_spacer\"  data-halign=\"center\" style=\"text-align:center\"><div class=\"uvc-heading-spacer no_spacer\" style=\"top\"><\/div><div class=\"uvc-main-heading ult-responsive\"  data-ultimate-target='.uvc-heading.ultimate-heading-327069fea775f3255 h2'  data-responsive-json-new='{\"font-size\":\"\",\"line-height\":\"\"}' ><h2 style=\"font-family:&#039;Quicksand&#039;;font-weight:normal;\">HAMMAM<\/h2><\/div><div class=\"uvc-sub-heading ult-responsive\"  data-ultimate-target='.uvc-heading.ultimate-heading-327069fea775f3255 .uvc-sub-heading '  data-responsive-json-new='{\"font-size\":\"\",\"line-height\":\"\"}'  style=\"font-family:&#039;Arapey&#039;;font-weight:normal;\">\n<h2 style=\"font-weight: 300; text-align: center;\">&amp; modelages<\/h2>\n<\/div><\/div>[\/vc_column][vc_column width=&#8221;1\/4&#8243;][\/vc_column][\/vc_row][vc_row full_width=&#8221;stretch_row&#8221; bg_type=&#8221;bg_color&#8221; bg_color_value=&#8221;#ffffff&#8221; css=&#8221;.vc_custom_1537187280008{padding-bottom: 3% !important;}&#8221;][vc_column][vc_raw_js]JTNDc2NyaXB0JTIwc3JjJTNEJTIyJTJGJTJGd2lkZ2V0LmN1c3RvbWVyLWFsbGlhbmNlLmNvbSUyRnJldmlld3MlMkZqcyUyRnN0YW5kYXJkJTJGMjNjNjdiNDY4YTIxMjJjMi5qcyUyMiUyMGFzeW5jJTNFJTNDJTJGc2NyaXB0JTNF[\/vc_raw_js]<div class=\"ult-spacer spacer-69fea775f32d3\" data-id=\"69fea775f32d3\" data-height=\"30\" data-height-mobile=\"5\" data-height-tab=\"10\" data-height-tab-portrait=\"10\" data-height-mobile-landscape=\"5\" style=\"clear:both;display:block;\"><\/div><div id=\"ultimate-heading-887469fea775f32fa\" class=\"uvc-heading ult-adjust-bottom-margin ultimate-heading-887469fea775f32fa uvc-3173 \" data-hspacer=\"no_spacer\"  data-halign=\"center\" style=\"text-align:center\"><div class=\"uvc-heading-spacer no_spacer\" style=\"top\"><\/div><div class=\"uvc-main-heading ult-responsive\"  data-ultimate-target='.uvc-heading.ultimate-heading-887469fea775f32fa h2'  data-responsive-json-new='{\"font-size\":\"\",\"line-height\":\"\"}' ><h2 style=\"font-family:&#039;Arapey&#039;;font-weight:normal;\">LE HAMMAM DE LA MAISON KAREN CHOCOLAT<\/h2><\/div><\/div><div id=\"ultimate-heading-795669fea775f333a\" class=\"uvc-heading ult-adjust-bottom-margin ultimate-heading-795669fea775f333a uvc-8773 \" data-hspacer=\"no_spacer\"  data-halign=\"center\" style=\"text-align:center\"><div class=\"uvc-heading-spacer no_spacer\" style=\"top\"><\/div><div class=\"uvc-main-heading ult-responsive\"  data-ultimate-target='.uvc-heading.ultimate-heading-795669fea775f333a h3'  data-responsive-json-new='{\"font-size\":\"desktop:25px;\",\"line-height\":\"\"}' ><h3 style=\"font-family:&#039;Arapey&#039;;font-weight:normal;color:#5c585b;\">bien-\u00eatre chocolat\u00e9\u2026<\/h3><\/div><\/div><div class=\"ult-spacer spacer-69fea775f3374\" data-id=\"69fea775f3374\" data-height=\"30\" data-height-mobile=\"5\" data-height-tab=\"10\" data-height-tab-portrait=\"10\" data-height-mobile-landscape=\"5\" style=\"clear:both;display:block;\"><\/div>[vc_row_inner][vc_column_inner width=&#8221;1\/4&#8243;][\/vc_column_inner][vc_column_inner width=&#8221;1\/2&#8243;][vc_column_text]Venez vous d\u00e9tendre au hammam apr\u00e8s une journ\u00e9e de travail ou de randonn\u00e9e\u2026 En s\u2019y prenant un peu \u00e0 l\u2019avance, nous pouvons m\u00eame vous r\u00e9server les services d\u2019une esth\u00e9ticienne professionnelle qui viendra vous prodiguer des soins ou massages au chocolat (<em>ou pas !<\/em>).[\/vc_column_text][\/vc_column_inner][vc_column_inner width=&#8221;1\/4&#8243;][\/vc_column_inner][\/vc_row_inner][\/vc_column][\/vc_row][vc_row][vc_column width=&#8221;1\/2&#8243;][vc_images_carousel images=&#8221;1469,1466,1468,1467&#8243; img_size=&#8221;full&#8221; speed=&#8221;3000&#8243; autoplay=&#8221;yes&#8221; hide_prev_next_buttons=&#8221;yes&#8221; wrap=&#8221;yes&#8221;][\/vc_column][vc_column width=&#8221;1\/2&#8243;][vc_column_text]Rien de tel apr\u00e8s un journ\u00e9e de dur labeur ou pour un moment de d\u00e9tente et d\u2019intimit\u00e9 en famille, entre amis ou en amoureux.<\/p>\n<p>&nbsp;<\/p>\n<p>Hammam 6 places<\/p>\n<p>&nbsp;<\/p>\n<p>Tarif :<\/p>\n<p>7 \u20ac \/ personne (inclus peignoir)<\/p>\n<p>40 \u20ac \/ groupe jusqu\u2019\u00e0 2H d\u2019utilisation (sur demande 30 minutes avant).<\/p>\n<p>&nbsp;<\/p>\n<p>( Pour mes h\u00f4tes exclusivement )[\/vc_column_text][\/vc_column][\/vc_row][vc_row css=&#8221;.vc_custom_1539527942558{padding-top: 3% !important;}&#8221;][vc_column]<div id=\"ultimate-heading-136569fea775f3398\" class=\"uvc-heading ult-adjust-bottom-margin ultimate-heading-136569fea775f3398 uvc-5426 \" data-hspacer=\"no_spacer\"  data-halign=\"center\" style=\"text-align:center\"><div class=\"uvc-heading-spacer no_spacer\" style=\"top\"><\/div><div class=\"uvc-main-heading ult-responsive\"  data-ultimate-target='.uvc-heading.ultimate-heading-136569fea775f3398 h2'  data-responsive-json-new='{\"font-size\":\"\",\"line-height\":\"\"}' ><h2 style=\"font-family:&#039;Arapey&#039;;font-weight:normal;\">MODELAGES PROFESSIONNELS<\/h2><\/div><\/div><div class=\"ult-spacer spacer-69fea775f33cd\" data-id=\"69fea775f33cd\" data-height=\"30\" data-height-mobile=\"15\" data-height-tab=\"10\" data-height-tab-portrait=\"20\" data-height-mobile-landscape=\"5\" style=\"clear:both;display:block;\"><\/div>[\/vc_column][\/vc_row][vc_row][vc_column]<div id=\"ultimate-heading-165369fea775f33f0\" class=\"uvc-heading ult-adjust-bottom-margin ultimate-heading-165369fea775f33f0 uvc-8390 lmkc-premier-mot-le\" data-hspacer=\"no_spacer\"  data-halign=\"center\" style=\"text-align:center\"><div class=\"uvc-heading-spacer no_spacer\" style=\"top\"><\/div><div class=\"uvc-main-heading ult-responsive\"  data-ultimate-target='.uvc-heading.ultimate-heading-165369fea775f33f0 h3'  data-responsive-json-new='{\"font-size\":\"desktop:25px;\",\"line-height\":\"\"}' ><h3 style=\"font-family:&#039;Arapey&#039;;font-weight:normal;color:#5c585b;\">massage Chocolat<\/h3><\/div><div class=\"uvc-sub-heading ult-responsive\"  data-ultimate-target='.uvc-heading.ultimate-heading-165369fea775f33f0 .uvc-sub-heading '  data-responsive-json-new='{\"font-size\":\"\",\"line-height\":\"\"}'  style=\"font-family:&#039;Philosopher&#039;;font-weight:normal;\">\n<p style=\"text-align: center;\"><a href=\"http:\/\/www.appart-zen.com\" target=\"_blank\" rel=\"noopener noreferrer\">(en collaboration avec APPART&amp;ZEN)<\/a><\/p>\n<\/div><\/div><div class=\"ult-spacer spacer-69fea775f342f\" data-id=\"69fea775f342f\" data-height=\"20\" data-height-mobile=\"10\" data-height-tab=\"10\" data-height-tab-portrait=\"10\" data-height-mobile-landscape=\"5\" style=\"clear:both;display:block;\"><\/div>[vc_row_inner equal_height=&#8221;yes&#8221; content_placement=&#8221;middle&#8221;][vc_column_inner width=&#8221;1\/4&#8243;][vc_single_image image=&#8221;1491&#8243; img_size=&#8221;full&#8221; alignment=&#8221;center&#8221;][vc_column_text]\n<p style=\"text-align: center; font-weight: 400; font-family: Quicksand,sans-serif;\">Tous les biens faits du chocolat sans les calories\u2026<\/p>\n[\/vc_column_text][vc_single_image image=&#8221;1492&#8243; img_size=&#8221;full&#8221; alignment=&#8221;center&#8221;][\/vc_column_inner][vc_column_inner width=&#8221;1\/2&#8243;][vc_single_image image=&#8221;1476&#8243; img_size=&#8221;full&#8221; alignment=&#8221;center&#8221; css=&#8221;.vc_custom_1539637220969{margin-bottom: 10px !important;}&#8221;][vc_column_text]\n<p style=\"text-align: justify; line-height: 29px;\">Invent\u00e9e par les Mayas, la Chocolath\u00e9rapie est une technique aux multiples vertus.\u00a0Un d\u00e9licieux parfum de chocolat vous accompagnera lors de ce voyage gourmand. D\u00e9tente, \u00e9vasion et exaltation des sens seront au rendez-vous.\u00a0Antistress, anti-inflammatoire, antioxydants, riche en principes actifs, le chocolat poss\u00e8de de nombreuses vertus pour la peau. Il tonifie, nourrit et adoucit. Une pure s\u00e9ance de bien-\u00eatre et de relaxation.<\/p>\n<p>Dur\u00e9e : 60 minutes \/ Tarif : 95 euros[\/vc_column_text][\/vc_column_inner][vc_column_inner width=&#8221;1\/4&#8243;][vc_single_image image=&#8221;1483&#8243; img_size=&#8221;full&#8221; alignment=&#8221;center&#8221;][vc_column_text]\n<p style=\"text-align: center; font-weight: 400; font-family: Quicksand,sans-serif;\">Les biens faits du beurre de cacao\u2026<\/p>\n[\/vc_column_text][vc_single_image image=&#8221;1493&#8243; img_size=&#8221;full&#8221; alignment=&#8221;center&#8221;][\/vc_column_inner][\/vc_row_inner]<div id=\"uvc-type-wrap-6898\"  data-ultimate-target='#uvc-type-wrap-6898'  data-responsive-json-new='{\"font-size\":\"\",\"line-height\":\"\"}'  class=\"uvc-type-wrap  ult-adjust-bottom-margin ult-responsive  uvc-type-align-center uvc-type-no-prefix uvc-wrap-246383578169fea775f348a\" style=\"text-align:center;\"><div id=\"vticker-246383578169fea775f348a\"  data-ultimate-target='#uvc-type-wrap-6898'  data-responsive-json-new='{\"font-size\":\"\",\"line-height\":\"\"}'  class=\"ultimate-vticker ticker  \" style=\" font-family:&#039;Arapey&#039;;font-style:italic;font-weight:normal; text-transform: unset;\"><ul><li style=\"opacity:1\">Une prestation dure 60 minutes.<\/li><li style=\"opacity:0\">Une praticienne certifi\u00e9e par une \u00e9cole agr\u00e9e \u00abFleur de Peau\u00bb.<\/li><li style=\"opacity:0\">Si deux s\u00e9ances sont command\u00e9es, pr\u00e9voir 15 minutes d'intervalle pour le changement et le nettoyage du mat\u00e9riel.<\/li><li style=\"opacity:0\">A r\u00e9server au minimum 1 semaine \u00e0 l'avance aupr\u00e8s de Karen, sous r\u00e9serve de disponibilit\u00e9 du praticien.<\/li><\/ul><\/div><script type=\"text\/javascript\">\n\t\t\t\t\t\tjQuery(function($){\n\t\t\t\t\t\t\t$(document).ready(function(){\n\t\t\t\t\t\t\t\tif( typeof jQuery(\"#vticker-246383578169fea775f348a\").easyTicker == \"function\"){\n\t\t\t\t\t\t\t\t\t$(\"#vticker-246383578169fea775f348a\").find(\"li\").css(\"opacity\",\"1\");\n\t\t\t\t\t\t\t\t\t\n\t\t\t\t\t\t\t\t\t$(\"#vticker-246383578169fea775f348a\").easyTicker({\n\t\t\t\t\t\t\t\t\t\tdirection: \"up\",\n\t\t\t\t\t\t\t\t\t\teasing: \"swing\",\n\t\t\t\t\t\t\t\t\t\tspeed: 2000,\n\t\t\t\t\t\t\t\t\t\tinterval: 5000,\n\t\t\t\t\t\t\t\t\t\theight: \"auto\",\n\t\t\t\t\t\t\t\t\t\tvisible: 1,\n\t\t\t\t\t\t\t\t\t\tmousePause: 1,\n\t\t\t\t\t\t\t\t\t\tcontrols: {\n\t\t\t\t\t\t\t\t\t\t\tup: \"\",\n\t\t\t\t\t\t\t\t\t\t\tdown: \"\",\n\t\t\t\t\t\t\t\t\t\t\ttoggle: \"\",\n\t\t\t\t\t\t\t\t\t\t\tplayText: \"Play\",\n\t\t\t\t\t\t\t\t\t\t\tstopText: \"Stop\"\n\t\t\t\t\t\t\t\t\t\t}\n\t\t\t\t\t\t\t\t\t});\n\t\t\t\t\t\t\t\t}\n\t\t\t\t\t\t\t});\n\t\t\t\t\t\t});\n\t\t\t\t\t<\/script><\/div>[\/vc_column][\/vc_row][vc_row][vc_column][vc_row_inner][vc_column_inner width=&#8221;1\/3&#8243;]<div id=\"ultimate-heading-798069fea775f3561\" class=\"uvc-heading ult-adjust-bottom-margin ultimate-heading-798069fea775f3561 uvc-9010 lmkc-premier-mot-le\" data-hspacer=\"no_spacer\"  data-halign=\"center\" style=\"text-align:center\"><div class=\"uvc-heading-spacer no_spacer\" style=\"top\"><\/div><div class=\"uvc-main-heading ult-responsive\"  data-ultimate-target='.uvc-heading.ultimate-heading-798069fea775f3561 h3'  data-responsive-json-new='{\"font-size\":\"desktop:25px;\",\"line-height\":\"\"}' ><h3 style=\"font-family:&#039;Arapey&#039;;font-weight:normal;color:#5c585b;\">massage Relaxant<\/h3><\/div><\/div><div class=\"ult-spacer spacer-69fea775f359a\" data-id=\"69fea775f359a\" data-height=\"20\" data-height-mobile=\"10\" data-height-tab=\"10\" data-height-tab-portrait=\"10\" data-height-mobile-landscape=\"5\" style=\"clear:both;display:block;\"><\/div>[vc_single_image image=&#8221;1508&#8243; img_size=&#8221;full&#8221; alignment=&#8221;center&#8221;][vc_column_text]\n<p style=\"text-align: justify;\">Massage insistant sur la zone choisie (dos, jambes, ventre) afin de faire l\u00e2cher les tensions.<\/p>\n<p style=\"text-align: justify;\"><span class=\"collapseomatic \" id=\"id69fea775f35b1\"  tabindex=\"0\" title=\"Lire plus\"    >Lire plus<\/span><div id=\"target-id69fea775f35b1\" class=\"collapseomatic_content \">Lib\u00e8re les tensions accumul\u00e9es pour une relaxation totale. Ressour\u00e7ant et antistress.<\/p>\n<p style=\"text-align: justify;\">Laissez-vous emporter par un flot de s\u00e9r\u00e9nit\u00e9&#8230;<\/p>\n<p style=\"text-align: justify;\">Dur\u00e9e : 60 minutes \/ Tarif : 85 euros<\/div>\n[\/vc_column_text][\/vc_column_inner][vc_column_inner width=&#8221;1\/3&#8243;]<div id=\"ultimate-heading-175969fea775f35ef\" class=\"uvc-heading ult-adjust-bottom-margin ultimate-heading-175969fea775f35ef uvc-2384 lmkc-premier-mot-le\" data-hspacer=\"no_spacer\"  data-halign=\"center\" style=\"text-align:center\"><div class=\"uvc-heading-spacer no_spacer\" style=\"top\"><\/div><div class=\"uvc-main-heading ult-responsive\"  data-ultimate-target='.uvc-heading.ultimate-heading-175969fea775f35ef h3'  data-responsive-json-new='{\"font-size\":\"desktop:25px;\",\"line-height\":\"\"}' ><h3 style=\"font-family:&#039;Arapey&#039;;font-weight:normal;color:#5c585b;\">massage Lomi-Lomi<\/h3><\/div><\/div><div class=\"ult-spacer spacer-69fea775f3623\" data-id=\"69fea775f3623\" data-height=\"20\" data-height-mobile=\"10\" data-height-tab=\"10\" data-height-tab-portrait=\"10\" data-height-mobile-landscape=\"5\" style=\"clear:both;display:block;\"><\/div>[vc_single_image image=&#8221;1507&#8243; img_size=&#8221;full&#8221; alignment=&#8221;center&#8221;][vc_column_text]\n<p style=\"text-align: justify;\">Gestes lents et appuy\u00e9s sur le corps, le massage Lomi-Lomi est une invitation au voyage.<\/p>\n<p style=\"text-align: justify;\"><span class=\"collapseomatic \" id=\"id69fea775f3638\"  tabindex=\"0\" title=\"Lire plus\"    >Lire plus<\/span><div id=\"target-id69fea775f3638\" class=\"collapseomatic_content \">Il est l&#8217;expression m\u00eame de toute la\u00a0philosophie :\u00a0\u00ab\u00c9quilibre du corps et de l&#8217;esprit\u00bb.<br \/>\nLe Lomi-Lomi est un soin authentique,\u00a0emprunt de sagesse qui veut que votre corps\u00a0soit travers\u00e9 par une \u00e9nergie vou\u00e9e \u00e0 soulager\u00a0les douleurs. Il est une r\u00e9ponse \u00e0 ces maux\u00a0qui nous affectent, permettant de r\u00e9\u00e9quilibrer\u00a0cette \u00e9nergie et retrouver ainsi une unit\u00e9 au\u00a0sein du m\u00eame corps.<\/p>\n<p style=\"text-align: justify;\">Dur\u00e9e : 60 minutes \/ Tarif : 85 euros<\/div>\n[\/vc_column_text][\/vc_column_inner][vc_column_inner width=&#8221;1\/3&#8243;]<div id=\"ultimate-heading-40469fea775f3663\" class=\"uvc-heading ult-adjust-bottom-margin ultimate-heading-40469fea775f3663 uvc-7264 lmkc-premier-mot-le\" data-hspacer=\"no_spacer\"  data-halign=\"center\" style=\"text-align:center\"><div class=\"uvc-heading-spacer no_spacer\" style=\"top\"><\/div><div class=\"uvc-main-heading ult-responsive\"  data-ultimate-target='.uvc-heading.ultimate-heading-40469fea775f3663 h3'  data-responsive-json-new='{\"font-size\":\"desktop:25px;\",\"line-height\":\"\"}' ><h3 style=\"font-family:&#039;Arapey&#039;;font-weight:normal;color:#5c585b;\">massage Shiroabhyanga<\/h3><\/div><\/div><div class=\"ult-spacer spacer-69fea775f3695\" data-id=\"69fea775f3695\" data-height=\"20\" data-height-mobile=\"10\" data-height-tab=\"10\" data-height-tab-portrait=\"10\" data-height-mobile-landscape=\"5\" style=\"clear:both;display:block;\"><\/div>[vc_single_image image=&#8221;1506&#8243; img_size=&#8221;full&#8221; alignment=&#8221;center&#8221;][vc_column_text]\n<p style=\"text-align: justify;\">Le massage du cr\u00e2ne, c&#8217;est-\u00e0-dire du cuir chevelu, est une tradition Indienne ancestrale et r\u00e9put\u00e9e.<\/p>\n<p style=\"text-align: justify;\"><span class=\"collapseomatic \" id=\"id69fea775f36aa\"  tabindex=\"0\" title=\"Lire plus\"    >Lire plus<\/span><div id=\"target-id69fea775f36aa\" class=\"collapseomatic_content \">La m\u00e9decine Ayurv\u00e9dique consid\u00e8re le massage de la t\u00eate comme une th\u00e9rapie. Il remplace un massage du corps entier, \u00e9tant donn\u00e9e que la t\u00eate est le centre du syst\u00e8me nerveux.<br \/>\nIl stimule la circulation du sang dans les follicules capillaires et am\u00e9liore l&#8217;absorption des nutriments pour avoir des cheveux en bonne sant\u00e9. Il a aussi un effet positif sur le cerveau et le syst\u00e8me\u00a0nerveux en am\u00e9liorant la concentration.<\/p>\n<p style=\"text-align: justify;\">Dur\u00e9e : 60 minutes \/ Tarif : 85 euros<\/div>\n[\/vc_column_text][\/vc_column_inner][\/vc_row_inner][\/vc_column][\/vc_row][vc_row css=&#8221;.vc_custom_1539488575084{padding-top: 2% !important;padding-bottom: 2% !important;}&#8221;][vc_column][vc_column_text]<strong>Mes partenaires\u00a0:<\/strong> En fonction de vos souhaits sp\u00e9cifiques, mes partenaires interviennent sur place. Il est n\u00e9cessaire de r\u00e9server une semaine minimum \u00e0 l&#8217;avance pour s\u2019assurer de leur disponibilit\u00e9.[\/vc_column_text]<div class=\" vc_custom_1539630284627 ubtn-ctn-center bouton-details-honey\"><a class=\"ubtn-link ult-adjust-bottom-margin ubtn-center ubtn-large bouton-details-honey\" href=\"\/la-maison\/#chambres-double-confort\" ><button type=\"button\" id=\"ubtn-9684\"  class=\"ubtn ult-adjust-bottom-margin ult-responsive ubtn-large ubtn-center-dg-bg  none  ubtn-shd  ubtn-center  shd-bottom tooltip-69fea775f36e3\"  data-hover=\"#482819\" data-border-color=\"#ffffff\" data-bg=\"#ffffff\" data-hover-bg=\"#efeacf\" data-border-hover=\"#f9f5d9\" data-shadow-hover=\"0 3px #877e71;\" data-shadow-click=\"\" data-shadow=\"0 5px #cecece;\" data-shd-shadow=\"5\"  data-ultimate-target='#ubtn-9684'  data-responsive-json-new='{\"font-size\":\"desktop:20px;\",\"line-height\":\"desktop:22px;\"}'  style=\"font-family:&#039;Yanone Kaffeesatz&#039;;font-weight:normal;border-radius:5px;border-width:2px;border-color:#ffffff;border-style:outset;box-shadow: 0 5px #cecece;background: #ffffff;color: #482819;\"><span class=\"ubtn-data ubtn-icon\"><i class=\"none\" style=\"font-size:32px;color:#ffffff;\"><\/i><\/span><span class=\"ubtn-hover\" style=\"background-color:#efeacf\"><\/span><span class=\"ubtn-data ubtn-text \" >VOIR LES CHAMBRES<\/span><\/button><\/a><\/div>[\/vc_column][\/vc_row]\n<\/section>","protected":false},"excerpt":{"rendered":"<p>Sorry, this entry is only available in Fran\u00e7ais. For the sake of viewer convenience, the content is shown below in the alternative language. You may click the link to switch the active language.[vc_row full_width=&#8221;stretch_row&#8221; bg_type=&#8221;image&#8221; parallax_style=&#8221;vcpb-vz-jquery&#8221; bg_image_new=&#8221;id^1442|url^https:\/\/www.lamaisondekarenchocolat.com\/wp-content\/uploads\/S\u00e9ance-Massage-Modelage-Lyon.jpg|caption^S\u00e9ance Massage Modelage Lyon|alt^S\u00e9ance Massage Modelage Lyon|title^S\u00e9ance Massage Modelage Lyon|description^S\u00e9ance Massage Modelage Lyon&#8221; parallax_sense=&#8221;60&#8243; css=&#8221;.vc_custom_1580924455989{margin-top: -30px !important;padding-top: 20% !important;padding-bottom: [&hellip;]<\/p>\n","protected":false},"author":2,"featured_media":0,"parent":31,"menu_order":3,"comment_status":"closed","ping_status":"closed","template":"","meta":{"_seopress_robots_primary_cat":"","_seopress_titles_title":"","_seopress_titles_desc":"Venez vous d\u00e9tendre au hammam de la maison d'h\u00f4tes de Karen Chocolat o\u00f9 vous trouverez de relaxants massages \u00e0 la carte dont le c\u00e9l\u00e8bre massage au chocolat !","_seopress_robots_index":"","om_disable_all_campaigns":false,"footnotes":""},"class_list":["post-365","page","type-page","status-publish","hentry"],"_links":{"self":[{"href":"https:\/\/www.lamaisondekarenchocolat.com\/en\/wp-json\/wp\/v2\/pages\/365","targetHints":{"allow":["GET"]}}],"collection":[{"href":"https:\/\/www.lamaisondekarenchocolat.com\/en\/wp-json\/wp\/v2\/pages"}],"about":[{"href":"https:\/\/www.lamaisondekarenchocolat.com\/en\/wp-json\/wp\/v2\/types\/page"}],"author":[{"embeddable":true,"href":"https:\/\/www.lamaisondekarenchocolat.com\/en\/wp-json\/wp\/v2\/users\/2"}],"replies":[{"embeddable":true,"href":"https:\/\/www.lamaisondekarenchocolat.com\/en\/wp-json\/wp\/v2\/comments?post=365"}],"version-history":[{"count":59,"href":"https:\/\/www.lamaisondekarenchocolat.com\/en\/wp-json\/wp\/v2\/pages\/365\/revisions"}],"predecessor-version":[{"id":5502,"href":"https:\/\/www.lamaisondekarenchocolat.com\/en\/wp-json\/wp\/v2\/pages\/365\/revisions\/5502"}],"up":[{"embeddable":true,"href":"https:\/\/www.lamaisondekarenchocolat.com\/en\/wp-json\/wp\/v2\/pages\/31"}],"wp:attachment":[{"href":"https:\/\/www.lamaisondekarenchocolat.com\/en\/wp-json\/wp\/v2\/media?parent=365"}],"curies":[{"name":"wp","href":"https:\/\/api.w.org\/{rel}","templated":true}]}}