{"id":1215,"date":"2018-09-19T14:38:53","date_gmt":"2018-09-19T12:38:53","guid":{"rendered":"https:\/\/www.lamaisondekarenchocolat.com\/?page_id=1215"},"modified":"2021-10-14T21:22:05","modified_gmt":"2021-10-14T19:22:05","slug":"bons-cadeaux-ateliers-chocolat","status":"publish","type":"page","link":"https:\/\/www.lamaisondekarenchocolat.com\/en\/bons-cadeaux-ateliers-chocolat\/","title":{"rendered":"Bons Cadeaux pour Ateliers Chocolat"},"content":{"rendered":"<p class=\"qtranxs-available-languages-message qtranxs-available-languages-message-en\">Sorry, this entry is only available in <a href=\"https:\/\/www.lamaisondekarenchocolat.com\/fr\/wp-json\/wp\/v2\/pages\/1215\" class=\"qtranxs-available-language-link qtranxs-available-language-link-fr\" title=\"Fran\u00e7ais\">Fran\u00e7ais<\/a>. For the sake of viewer convenience, the content is shown below in the alternative language. You may click the link to switch the active language.<\/p><section class=\"wpb-content-wrapper\">[vc_row full_width=&#8221;stretch_row&#8221; bg_type=&#8221;image&#8221; parallax_style=&#8221;vcpb-vz-jquery&#8221; bg_image_new=&#8221;id^1218|url^https:\/\/www.lamaisondekarenchocolat.com\/wp-content\/uploads\/Bon-Cadeau-pour-les-Ateliers-Chocolat.jpg|caption^Bon Cadeau pour les Ateliers Chocolat|alt^Bon Cadeau pour les Ateliers Chocolat|title^Bon Cadeau pour les Ateliers Chocolat|description^Bon Cadeau pour les Ateliers Chocolat&#8221; parallax_sense=&#8221;60&#8243; css=&#8221;.vc_custom_1577736946172{margin-top: -30px !important;padding-top: 20% !important;padding-bottom: 20% !important;}&#8221;][vc_column width=&#8221;1\/4&#8243;][\/vc_column][vc_column width=&#8221;1\/2&#8243; css=&#8221;.vc_custom_1535972832322{padding: 5% !important;background-color: rgba(255,255,255,0.6) !important;*background-color: rgb(255,255,255) !important;}&#8221;]<div id=\"ultimate-heading-290369e495f979a22\" class=\"uvc-heading ult-adjust-bottom-margin ultimate-heading-290369e495f979a22 uvc-3452 \" data-hspacer=\"no_spacer\"  data-halign=\"center\" style=\"text-align:center\"><div class=\"uvc-heading-spacer no_spacer\" style=\"top\"><\/div><div class=\"uvc-main-heading ult-responsive\"  data-ultimate-target='.uvc-heading.ultimate-heading-290369e495f979a22 h2'  data-responsive-json-new='{\"font-size\":\"\",\"line-height\":\"\"}' ><h2 style=\"font-family:&#039;Quicksand&#039;;font-weight:normal;\">OFFRIR UN BON CADEAU<\/h2><\/div><div class=\"uvc-sub-heading ult-responsive\"  data-ultimate-target='.uvc-heading.ultimate-heading-290369e495f979a22 .uvc-sub-heading '  data-responsive-json-new='{\"font-size\":\"\",\"line-height\":\"\"}'  style=\"font-family:&#039;Arapey&#039;;font-weight:normal;\">\n<h2 style=\"font-weight: 300;\">ou un atelier chocolat<\/h2>\n<\/div><\/div>[\/vc_column][vc_column width=&#8221;1\/4&#8243;][\/vc_column][\/vc_row][vc_row][vc_column]<div class=\"ult-spacer spacer-69e495f979acb\" data-id=\"69e495f979acb\" data-height=\"40\" data-height-mobile=\"25\" data-height-tab=\"20\" data-height-tab-portrait=\"30\" data-height-mobile-landscape=\"15\" style=\"clear:both;display:block;\"><\/div><div id=\"ultimate-heading-513169e495f979b0b\" class=\"uvc-heading ult-adjust-bottom-margin ultimate-heading-513169e495f979b0b uvc-7161 \" data-hspacer=\"no_spacer\"  data-halign=\"center\" style=\"text-align:center\"><div class=\"uvc-heading-spacer no_spacer\" style=\"top\"><\/div><div class=\"uvc-main-heading ult-responsive\"  data-ultimate-target='.uvc-heading.ultimate-heading-513169e495f979b0b h2'  data-responsive-json-new='{\"font-size\":\"\",\"line-height\":\"\"}' ><h2 style=\"font-family:&#039;Arapey&#039;;font-weight:normal;\">une envie de faire plaisir aux gourmands ? Et si vous leur permettiez de r\u00e9aliser leurs propres chocolats ?<\/h2><\/div><\/div><div class=\"ult-spacer spacer-69e495f979b65\" data-id=\"69e495f979b65\" data-height=\"40\" data-height-mobile=\"25\" data-height-tab=\"20\" data-height-tab-portrait=\"30\" data-height-mobile-landscape=\"15\" style=\"clear:both;display:block;\"><\/div><div id=\"ultimate-heading-329469e495f979b9b\" class=\"uvc-heading ult-adjust-bottom-margin ultimate-heading-329469e495f979b9b uvc-4517 \" data-hspacer=\"no_spacer\"  data-halign=\"center\" style=\"text-align:center\"><div class=\"uvc-heading-spacer no_spacer\" style=\"top\"><\/div><div class=\"uvc-main-heading ult-responsive\"  data-ultimate-target='.uvc-heading.ultimate-heading-329469e495f979b9b h3'  data-responsive-json-new='{\"font-size\":\"desktop:25px;\",\"line-height\":\"\"}' ><h3 style=\"font-family:&#039;Arapey&#039;;font-weight:normal;color:#5c585b;\">Payez et t\u00e9l\u00e9chargez vos bons cadeaux en ligne<\/h3><\/div><\/div>[vc_row_inner equal_height=&#8221;yes&#8221; content_placement=&#8221;middle&#8221; css=&#8221;.vc_custom_1544916635977{padding-top: 2% !important;padding-bottom: 5% !important;}&#8221;][vc_column_inner width=&#8221;1\/3&#8243;][vc_column_text]<strong>Fa\u00eetes plaisir \u00e0 tous les coups !<\/strong><\/p>\n<p style=\"text-align: justify;\">Karen a pens\u00e9 \u00e0 tous les gourmets qui souhaitent partager avec leurs proches leur passion du chocolat. Quoi de plus r\u00e9jouissant que voir le visage d&#8217;un proche s&#8217;illuminer devant la promesse d&#8217;un moment savoureux en compagnie d&#8217;une cr\u00e9atrice de chocolats originaux. Soyez cr\u00e9atif vous aussi en choisissant cette solution cadeau personnalis\u00e9e et gagnez du temps en le r\u00e9servant d\u00e8s maintenant en ligne !<\/p>\n[\/vc_column_text][\/vc_column_inner][vc_column_inner width=&#8221;2\/3&#8243; css=&#8221;.vc_custom_1634239313857{background-position: center !important;background-repeat: no-repeat !important;background-size: cover !important;}&#8221;][vc_single_image image=&#8221;1675&#8243; img_size=&#8221;full&#8221;][\/vc_column_inner][\/vc_row_inner][vc_row_inner css=&#8221;.vc_custom_1544916578895{border-top-width: 10px !important;border-right-width: 10px !important;border-bottom-width: 10px !important;border-left-width: 10px !important;padding-top: 2% !important;background-color: #e9e3ea !important;border-left-color: #e9e3ea !important;border-left-style: solid !important;border-right-color: #e9e3ea !important;border-right-style: solid !important;border-top-color: #e9e3ea !important;border-top-style: solid !important;border-bottom-color: #e9e3ea !important;border-bottom-style: solid !important;border-radius: 15px !important;}&#8221;][vc_column_inner]<div class=\"uavc-list-icon uavc-list-icon-wrapper ult-adjust-bottom-margin   \"><ul class=\"uavc-list\"><li><div class=\"uavc-list-content\" id=\"list-icon-wrap-4369\">\n<div class=\"uavc-list-icon  \" data-animation=\"\" data-animation-delay=\"03\" style=\"margin-right:32px;\"><div class=\"ult-just-icon-wrapper  \"><div class=\"align-icon\" style=\"text-align:center;\">\n<div class=\"aio-icon none \"  style=\"color:#df9845;font-size:32px;display:inline-block;\">\n\t<i class=\"Defaults-star\"><\/i>\n<\/div><\/div><\/div>\n<\/div><span  data-ultimate-target='#list-icon-wrap-4369 .uavc-list-desc'  data-responsive-json-new='{\"font-size\":\"desktop:32px;\",\"line-height\":\"desktop:36px;\"}'  class=\"uavc-list-desc ult-responsive\" style=\"font-family:&#039;Arapey&#039;;font-style:italic;font-weight:normal;\">Bon\u00a0<span class=\"il\">cadeau<\/span>\u00a0valable 1 an<\/span><\/div><\/li><li><div class=\"uavc-list-content\" id=\"list-icon-wrap-5277\">\n<div class=\"uavc-list-icon  \" data-animation=\"\" data-animation-delay=\"03\" style=\"margin-right:32px;\"><div class=\"ult-just-icon-wrapper  \"><div class=\"align-icon\" style=\"text-align:center;\">\n<div class=\"aio-icon none \"  style=\"color:#df9845;font-size:32px;display:inline-block;\">\n\t<i class=\"Defaults-star\"><\/i>\n<\/div><\/div><\/div>\n<\/div><span  data-ultimate-target='#list-icon-wrap-5277 .uavc-list-desc'  data-responsive-json-new='{\"font-size\":\"desktop:32px;\",\"line-height\":\"desktop:36px;\"}'  class=\"uavc-list-desc ult-responsive\" style=\"font-family:&#039;Arapey&#039;;font-style:italic;font-weight:normal;\">R\u00e8glement et t\u00e9l\u00e9chargement en ligne<\/span><\/div><\/li><li><div class=\"uavc-list-content\" id=\"list-icon-wrap-5595\">\n<div class=\"uavc-list-icon  \" data-animation=\"\" data-animation-delay=\"03\" style=\"margin-right:32px;\"><div class=\"ult-just-icon-wrapper  \"><div class=\"align-icon\" style=\"text-align:center;\">\n<div class=\"aio-icon none \"  style=\"color:#df9845;font-size:32px;display:inline-block;\">\n\t<i class=\"Defaults-star\"><\/i>\n<\/div><\/div><\/div>\n<\/div><span  data-ultimate-target='#list-icon-wrap-5595 .uavc-list-desc'  data-responsive-json-new='{\"font-size\":\"desktop:32px;\",\"line-height\":\"desktop:36px;\"}'  class=\"uavc-list-desc ult-responsive\" style=\"font-family:&#039;Arapey&#039;;font-style:italic;font-weight:normal;\">Inscription en ligne (<span style=\"text-decoration: underline;\"><a style=\"color: #df9845;\" href=\"\/ateliers\/#calendrier-booking-kit\">voir planning des cours<\/a><\/span>) gr\u00e2ce au code indiqu\u00e9 sur le bon\u00a0cadeau<\/span><\/div><\/li><\/ul><\/div>[\/vc_column_inner][\/vc_row_inner][\/vc_column][\/vc_row][vc_row css=&#8221;.vc_custom_1544916647930{padding-top: 6% !important;}&#8221;][vc_column][vc_raw_html]JTNDZGl2JTIwaWQlM0QlMjJib29raW5nS2l0Q29udGFpbmVyJTIyJTIwZGF0YS1sYW5nJTNEJTIyZnIlMjIlMjBkYXRhLWN3JTNEJTIyNTRkMzNhNmI1MjA3NzQxZjNlNmNmMDEzOWI3MTU3YjElMjIlM0UlM0MlMkZkaXYlM0UlMEElM0NzY3JpcHQlMjBzcmMlM0QlMjJodHRwcyUzQSUyRiUyRjY5MjRmMTViMDE1ODM3Y2M5ODI5ZDE4N2Y3NmFlYjIwLndpZGdldC5ib29raW5na2l0Lm5ldCUyRmJrc2NyaXB0JTJGNTRkMzNhNmI1MjA3NzQxZjNlNmNmMDEzOWI3MTU3YjElMkYlM0ZsYW5nJTNEZnIlMjIlMjBhc3luYyUzRSUzQyUyRnNjcmlwdCUzRQ==[\/vc_raw_html]<div class=\"ult-spacer spacer-69e495f97a064\" data-id=\"69e495f97a064\" data-height=\"30\" data-height-mobile=\"15\" data-height-tab=\"10\" data-height-tab-portrait=\"20\" data-height-mobile-landscape=\"5\" style=\"clear:both;display:block;\"><\/div><div class=\" vc_custom_1538119824934 ubtn-ctn-center bouton-details-honey\"><a class=\"ubtn-link ult-adjust-bottom-margin ubtn-center ubtn-large bouton-details-honey\" href=\"\/la-maison\/\" ><button type=\"button\" id=\"ubtn-7082\"  class=\"ubtn ult-adjust-bottom-margin ult-responsive ubtn-large ubtn-center-dg-bg  none  ubtn-shd  ubtn-center  shd-bottom tooltip-69e495f97a0ae\"  data-hover=\"#482819\" data-border-color=\"#ffffff\" data-bg=\"#ffffff\" data-hover-bg=\"#efeacf\" data-border-hover=\"#e5d4c9\" data-shadow-hover=\"0 3px #877e71;\" data-shadow-click=\"\" data-shadow=\"0 5px #cecece;\" data-shd-shadow=\"5\"  data-ultimate-target='#ubtn-7082'  data-responsive-json-new='{\"font-size\":\"desktop:20px;\",\"line-height\":\"desktop:22px;\"}'  style=\"font-family:&#039;Yanone Kaffeesatz&#039;;font-weight:normal;border-radius:5px;border-width:2px;border-color:#ffffff;border-style:outset;box-shadow: 0 5px #cecece;background: #ffffff;color: #482819;\"><span class=\"ubtn-data ubtn-icon\"><i class=\"none\" style=\"font-size:32px;color:#ffffff;\"><\/i><\/span><span class=\"ubtn-hover\" style=\"background-color:#efeacf\"><\/span><span class=\"ubtn-data ubtn-text \" >VISITER LA MAISON DE KAREN<\/span><\/button><\/a><\/div>[\/vc_column][\/vc_row]\n<\/section>","protected":false},"excerpt":{"rendered":"<p>Sorry, this entry is only available in Fran\u00e7ais. For the sake of viewer convenience, the content is shown below in the alternative language. You may click the link to switch the active language.[vc_row full_width=&#8221;stretch_row&#8221; bg_type=&#8221;image&#8221; parallax_style=&#8221;vcpb-vz-jquery&#8221; bg_image_new=&#8221;id^1218|url^https:\/\/www.lamaisondekarenchocolat.com\/wp-content\/uploads\/Bon-Cadeau-pour-les-Ateliers-Chocolat.jpg|caption^Bon Cadeau pour les Ateliers Chocolat|alt^Bon Cadeau pour les Ateliers Chocolat|title^Bon Cadeau pour les Ateliers Chocolat|description^Bon Cadeau pour les [&hellip;]<\/p>\n","protected":false},"author":2,"featured_media":0,"parent":0,"menu_order":9,"comment_status":"closed","ping_status":"closed","template":"","meta":{"_seopress_robots_primary_cat":"","_seopress_titles_title":"","_seopress_titles_desc":"Pour faire plaisir \u00e0 vos proches, Karen Chocolat vous propose des bons cadeaux. Choisissez le montant adapt\u00e9 \u00e0 votre budget et offrez un bon design\u00e9 et personnalis\u00e9","_seopress_robots_index":"","om_disable_all_campaigns":false,"footnotes":""},"class_list":["post-1215","page","type-page","status-publish","hentry"],"_links":{"self":[{"href":"https:\/\/www.lamaisondekarenchocolat.com\/en\/wp-json\/wp\/v2\/pages\/1215","targetHints":{"allow":["GET"]}}],"collection":[{"href":"https:\/\/www.lamaisondekarenchocolat.com\/en\/wp-json\/wp\/v2\/pages"}],"about":[{"href":"https:\/\/www.lamaisondekarenchocolat.com\/en\/wp-json\/wp\/v2\/types\/page"}],"author":[{"embeddable":true,"href":"https:\/\/www.lamaisondekarenchocolat.com\/en\/wp-json\/wp\/v2\/users\/2"}],"replies":[{"embeddable":true,"href":"https:\/\/www.lamaisondekarenchocolat.com\/en\/wp-json\/wp\/v2\/comments?post=1215"}],"version-history":[{"count":26,"href":"https:\/\/www.lamaisondekarenchocolat.com\/en\/wp-json\/wp\/v2\/pages\/1215\/revisions"}],"predecessor-version":[{"id":3943,"href":"https:\/\/www.lamaisondekarenchocolat.com\/en\/wp-json\/wp\/v2\/pages\/1215\/revisions\/3943"}],"wp:attachment":[{"href":"https:\/\/www.lamaisondekarenchocolat.com\/en\/wp-json\/wp\/v2\/media?parent=1215"}],"curies":[{"name":"wp","href":"https:\/\/api.w.org\/{rel}","templated":true}]}}