{"id":1155,"date":"2018-09-18T11:16:39","date_gmt":"2018-09-18T09:16:39","guid":{"rendered":"https:\/\/www.lamaisondekarenchocolat.com\/?page_id=1155"},"modified":"2019-12-30T21:09:15","modified_gmt":"2019-12-30T20:09:15","slug":"reservation-des-ateliers","status":"publish","type":"page","link":"https:\/\/www.lamaisondekarenchocolat.com\/en\/reservation-des-ateliers\/","title":{"rendered":"R\u00e9servation des Ateliers"},"content":{"rendered":"<p class=\"qtranxs-available-languages-message qtranxs-available-languages-message-en\">Sorry, this entry is only available in <a href=\"https:\/\/www.lamaisondekarenchocolat.com\/fr\/wp-json\/wp\/v2\/pages\/1155\" class=\"qtranxs-available-language-link qtranxs-available-language-link-fr\" title=\"Fran\u00e7ais\">Fran\u00e7ais<\/a>. For the sake of viewer convenience, the content is shown below in the alternative language. You may click the link to switch the active language.<\/p><section class=\"wpb-content-wrapper\">[vc_row css=&#8221;.vc_custom_1577736476804{margin-top: -30px !important;}&#8221;][vc_column]\n\t\t\t<!-- START Slider R\u00e9servation Ateliers REVOLUTION SLIDER 6.6.12 --><p class=\"rs-p-wp-fix\"><\/p>\n\t\t\t<rs-module-wrap id=\"rev_slider_12_1_wrapper\" data-source=\"gallery\" style=\"visibility:hidden;background:transparent;padding:0;margin:0px auto;margin-top:0;margin-bottom:0;\">\n\t\t\t\t<rs-module id=\"rev_slider_12_1\" style=\"\" data-version=\"6.6.12\">\n\t\t\t\t\t<rs-slides style=\"overflow: hidden; position: absolute;\">\n\t\t\t\t\t\t<rs-slide style=\"position: absolute;\" data-key=\"rs-64\" data-title=\"petit commis\" data-thumb=\"\/\/www.lamaisondekarenchocolat.com\/wp-content\/uploads\/R\u00e9servation-Ateliers-Chocolat-Enfants-Petit-Commis-Rhone-100x50.jpg\" data-anim=\"adpr:false;\">\n\t\t\t\t\t\t\t<img decoding=\"async\" src=\"\/\/www.lamaisondekarenchocolat.com\/wp-content\/plugins\/revslider\/public\/assets\/assets\/dummy.png\" alt=\"\" title=\"R\u00e9servation des Ateliers\" class=\"rev-slidebg tp-rs-img rs-lazyload\" data-lazyload=\"\/\/www.lamaisondekarenchocolat.com\/wp-content\/uploads\/R\u00e9servation-Ateliers-Chocolat-Enfants-Petit-Commis-Rhone.jpg\" data-no-retina>\n<!--\n\t\t\t\t\t\t\t--><rs-layer\n\t\t\t\t\t\t\t\tid=\"slider-12-slide-64-layer-5\" \n\t\t\t\t\t\t\t\tclass=\"Titre-H3-Sdb-Matcha\"\n\t\t\t\t\t\t\t\tdata-type=\"text\"\n\t\t\t\t\t\t\t\tdata-color=\"rgba(68,38,21,1)\"\n\t\t\t\t\t\t\t\tdata-rsp_ch=\"on\"\n\t\t\t\t\t\t\t\tdata-xy=\"x:l,l,r,r;xo:51px,51px,13px,72px;y:t,t,m,m;yo:271px,271px,342px,-250px;\"\n\t\t\t\t\t\t\t\tdata-text=\"w:nowrap,nowrap,nowrap,normal;s:50;l:60;fw:300;\"\n\t\t\t\t\t\t\t\tdata-dim=\"w:auto,auto,auto,258px;\"\n\t\t\t\t\t\t\t\tdata-frame_0=\"o:1;tp:600;\"\n\t\t\t\t\t\t\t\tdata-frame_0_chars=\"d:10;sX:0.9;sY:0.9;o:0;\"\n\t\t\t\t\t\t\t\tdata-frame_1=\"tp:600;st:500;\"\n\t\t\t\t\t\t\t\tdata-frame_1_chars=\"d:10;\"\n\t\t\t\t\t\t\t\tdata-frame_999=\"o:0;tp:600;e:nothing;st:w;\"\n\t\t\t\t\t\t\t\tstyle=\"z-index:5;font-family:'Quicksand';\"\n\t\t\t\t\t\t\t>atelier petit commis \n\t\t\t\t\t\t\t<\/rs-layer><!--\n-->\t\t\t\t\t\t<\/rs-slide>\n\t\t\t\t\t\t<rs-slide style=\"position: absolute;\" data-key=\"rs-63\" data-title=\"cho devant\" data-thumb=\"\/\/www.lamaisondekarenchocolat.com\/wp-content\/uploads\/R\u00e9servation-Atelier-Chocolat-Lyon-D\u00e9butant-Cho-Devant-100x50.jpg\" data-anim=\"adpr:false;\">\n\t\t\t\t\t\t\t<img decoding=\"async\" src=\"\/\/www.lamaisondekarenchocolat.com\/wp-content\/plugins\/revslider\/public\/assets\/assets\/dummy.png\" alt=\"\" title=\"R\u00e9servation des Ateliers\" class=\"rev-slidebg tp-rs-img rs-lazyload\" data-lazyload=\"\/\/www.lamaisondekarenchocolat.com\/wp-content\/uploads\/R\u00e9servation-Atelier-Chocolat-Lyon-D\u00e9butant-Cho-Devant.jpg\" data-no-retina>\n<!--\n\t\t\t\t\t\t\t--><rs-layer\n\t\t\t\t\t\t\t\tid=\"slider-12-slide-63-layer-5\" \n\t\t\t\t\t\t\t\tclass=\"Titre-H3-Sdb-Matcha\"\n\t\t\t\t\t\t\t\tdata-type=\"text\"\n\t\t\t\t\t\t\t\tdata-color=\"rgba(68,38,21,1)\"\n\t\t\t\t\t\t\t\tdata-rsp_ch=\"on\"\n\t\t\t\t\t\t\t\tdata-xy=\"x:c,c,l,l;xo:-274px,-274px,94px,13px;y:m,m,b,b;yo:146px,146px,197px,10px;\"\n\t\t\t\t\t\t\t\tdata-text=\"w:nowrap,nowrap,normal,normal;s:50;l:60;fw:300;\"\n\t\t\t\t\t\t\t\tdata-dim=\"w:auto,auto,211px,211px;\"\n\t\t\t\t\t\t\t\tdata-frame_0=\"o:1;tp:600;\"\n\t\t\t\t\t\t\t\tdata-frame_0_chars=\"d:10;sX:0.9;sY:0.9;o:0;\"\n\t\t\t\t\t\t\t\tdata-frame_1=\"tp:600;st:500;\"\n\t\t\t\t\t\t\t\tdata-frame_1_chars=\"d:10;\"\n\t\t\t\t\t\t\t\tdata-frame_999=\"o:0;tp:600;e:nothing;st:w;\"\n\t\t\t\t\t\t\t\tstyle=\"z-index:5;font-family:'Quicksand';\"\n\t\t\t\t\t\t\t><span style=\"font-family: Arapey;\">atelier<\/span> cho devant ! \n\t\t\t\t\t\t\t<\/rs-layer><!--\n-->\t\t\t\t\t\t<\/rs-slide>\n\t\t\t\t\t\t<rs-slide style=\"position: absolute;\" data-key=\"rs-62\" data-title=\"100% cacao\" data-thumb=\"\/\/www.lamaisondekarenchocolat.com\/wp-content\/uploads\/R\u00e9servation-Atelier-Chocolat-100-pourcent-Cacao-Limonest-100x50.jpg\" data-anim=\"adpr:false;\">\n\t\t\t\t\t\t\t<img decoding=\"async\" src=\"\/\/www.lamaisondekarenchocolat.com\/wp-content\/plugins\/revslider\/public\/assets\/assets\/dummy.png\" alt=\"\" title=\"R\u00e9servation des Ateliers\" class=\"rev-slidebg tp-rs-img rs-lazyload\" data-lazyload=\"\/\/www.lamaisondekarenchocolat.com\/wp-content\/uploads\/R\u00e9servation-Atelier-Chocolat-100-pourcent-Cacao-Limonest.jpg\" data-no-retina>\n<!--\n\t\t\t\t\t\t\t--><h3\n\t\t\t\t\t\t\t\tid=\"slider-12-slide-62-layer-5\" \n\t\t\t\t\t\t\t\tclass=\"rs-layer Titre-H3-Sdb-Matcha\"\n\t\t\t\t\t\t\t\tdata-type=\"text\"\n\t\t\t\t\t\t\t\tdata-color=\"rgba(68,38,21,1)\"\n\t\t\t\t\t\t\t\tdata-rsp_ch=\"on\"\n\t\t\t\t\t\t\t\tdata-xy=\"x:c,c,c,r;xo:122px,122px,-5px,21px;y:b;yo:10px,10px,105px,11px;\"\n\t\t\t\t\t\t\t\tdata-text=\"w:nowrap,nowrap,nowrap,normal;s:50;l:60;fw:300;a:center;\"\n\t\t\t\t\t\t\t\tdata-dim=\"w:auto,auto,auto,153px;\"\n\t\t\t\t\t\t\t\tdata-frame_0=\"o:1;tp:600;\"\n\t\t\t\t\t\t\t\tdata-frame_0_chars=\"d:10;sX:0.9;sY:0.9;o:0;\"\n\t\t\t\t\t\t\t\tdata-frame_1=\"tp:600;st:500;\"\n\t\t\t\t\t\t\t\tdata-frame_1_chars=\"d:10;\"\n\t\t\t\t\t\t\t\tdata-frame_999=\"o:0;tp:600;e:nothing;st:w;\"\n\t\t\t\t\t\t\t\tstyle=\"z-index:5;font-family:'Quicksand';\"\n\t\t\t\t\t\t\t>atelier 100% cacao \n\t\t\t\t\t\t\t<\/h3><!--\n-->\t\t\t\t\t\t<\/rs-slide>\n\t\t\t\t\t<\/rs-slides>\n\t\t\t\t<\/rs-module>\n\t\t\t\t<script>\n\t\t\t\t\tsetREVStartSize({c: 'rev_slider_12_1',rl:[1240,1240,768,480],el:[],gw:[1500,1500,778,360],gh:[596,596,1024,640],type:'standard',justify:'',layout:'fullwidth',mh:\"0\"});if (window.RS_MODULES!==undefined && window.RS_MODULES.modules!==undefined && window.RS_MODULES.modules[\"revslider121\"]!==undefined) {window.RS_MODULES.modules[\"revslider121\"].once = false;window.revapi12 = undefined;if (window.RS_MODULES.checkMinimal!==undefined) window.RS_MODULES.checkMinimal()}\n\t\t\t\t<\/script>\n\t\t\t<\/rs-module-wrap>\n\t\t\t<!-- END REVOLUTION SLIDER -->\n[\/vc_column][\/vc_row][vc_row full_width=&#8221;stretch_row&#8221; bg_type=&#8221;bg_color&#8221; ult_hide_row=&#8221;ult_hide_row_value&#8221; ult_hide_row_large_screen=&#8221;large_screen&#8221; ult_hide_row_desktop=&#8221;desktop&#8221; ult_hide_row_tablet=&#8221;tablet&#8221; ult_hide_row_tablet_small=&#8221;xs_tablet&#8221; ult_hide_row_mobile=&#8221;mobile&#8221; ult_hide_row_mobile_large=&#8221;xl_mobile&#8221; bg_color_value=&#8221;#ffffff&#8221; css=&#8221;.vc_custom_1577736526945{padding-top: 3% !important;padding-bottom: 3% !important;}&#8221;][vc_column][vc_raw_js]JTNDc2NyaXB0JTIwc3JjJTNEJTIyJTJGJTJGd2lkZ2V0LmN1c3RvbWVyLWFsbGlhbmNlLmNvbSUyRnJldmlld3MlMkZqcyUyRnN0YW5kYXJkJTJGMjNjNjdiNDY4YTIxMjJjMi5qcyUyMiUyMGFzeW5jJTNFJTNDJTJGc2NyaXB0JTNF[\/vc_raw_js][vc_row_inner equal_height=&#8221;yes&#8221; content_placement=&#8221;top&#8221; css=&#8221;.vc_custom_1537186567193{padding-bottom: 3% !important;}&#8221;][vc_column_inner width=&#8221;1\/3&#8243; css=&#8221;.vc_custom_1527068819502{margin-top: 0px !important;margin-right: -10px !important;margin-bottom: 0px !important;margin-left: -10px !important;border-top-width: 0px !important;border-right-width: 0px !important;border-bottom-width: 0px !important;border-left-width: 0px !important;padding-top: 0px !important;padding-right: 0px !important;padding-bottom: 0px !important;padding-left: 0px !important;}&#8221;]<div class=\" vc_custom_1537262658486 ubtn-ctn-center \"><a class=\"ubtn-link ult-adjust-bottom-margin ubtn-center ubtn-custom \" href=\"\/informations-generales\/contact\/#acces-geographique\" ><button type=\"button\" id=\"ubtn-4826\"  class=\"ubtn ult-adjust-bottom-margin ult-responsive ubtn-custom ubtn-center-dg-bg  none  ubtn-shd  ubtn-center  shd-bottom tooltip-69e1e084a2288\"  data-hover=\"#ffffff\" data-border-color=\"#fcf7ef\" data-bg=\"#fcf4e7\" data-hover-bg=\"#452613\" data-border-hover=\"#7a4829\" data-shadow-hover=\"0 3px #665d4f;\" data-shadow-click=\"\" data-shadow=\"0 5px #cecece;\" data-shd-shadow=\"5\"  data-ultimate-target='#ubtn-4826'  data-responsive-json-new='{\"font-size\":\"desktop:15px;\",\"line-height\":\"desktop:18px;\"}'  style=\"font-family:&#039;Quicksand&#039;;font-weight:normal;width:440px;min-height:40px;padding:0px 0px;border-radius:0px;border-width:2px;border-color:#fcf7ef;border-style:outset;box-shadow: 0 5px #cecece;background: #fcf4e7;color: #452613;\"><span class=\"ubtn-data ubtn-icon\"><i class=\"none\" style=\"font-size:32px;color:#ffffff;\"><\/i><\/span><span class=\"ubtn-hover\" style=\"background-color:#452613\"><\/span><span class=\"ubtn-data ubtn-text \" >l&#039;acc\u00e8s aux ateliers<\/span><\/button><\/a><\/div>[\/vc_column_inner][vc_column_inner width=&#8221;1\/3&#8243; css=&#8221;.vc_custom_1527068788842{margin-top: 0px !important;margin-right: -10px !important;margin-bottom: 0px !important;margin-left: -10px !important;border-top-width: 0px !important;border-right-width: 0px !important;border-bottom-width: 0px !important;border-left-width: 0px !important;padding-top: 0px !important;padding-right: 0px !important;padding-bottom: 0px !important;padding-left: 0px !important;}&#8221;]<div class=\" vc_custom_1537267138558 ubtn-ctn-center \"><a class=\"ubtn-link ult-adjust-bottom-margin ubtn-center ubtn-custom \" href=\"\/2018\/09\/les-avis-des-clients-sur-mes-ateliers\/\" title=\"lire les avis des apprentis chocolatiers\" ><button type=\"button\" id=\"ubtn-7376\"  class=\"ubtn ult-adjust-bottom-margin ult-responsive ubtn-custom ubtn-center-dg-bg  none  ubtn-shd  ubtn-center  shd-bottom tooltip-69e1e084a2463\"  data-hover=\"#ffffff\" data-border-color=\"#fcf7ef\" data-bg=\"#fcf4e7\" data-hover-bg=\"#452613\" data-border-hover=\"#7a4829\" data-shadow-hover=\"0 3px #665d4f;\" data-shadow-click=\"\" data-shadow=\"0 5px #cecece;\" data-shd-shadow=\"5\"  data-ultimate-target='#ubtn-7376'  data-responsive-json-new='{\"font-size\":\"desktop:15px;\",\"line-height\":\"desktop:18px;\"}'  style=\"font-family:&#039;Quicksand&#039;;font-weight:normal;width:440px;min-height:40px;padding:0px 0px;border-radius:0px;border-width:2px;border-color:#fcf7ef;border-style:outset;box-shadow: 0 5px #cecece;background: #fcf4e7;color: #452613;\"><span class=\"ubtn-data ubtn-icon\"><i class=\"none\" style=\"font-size:32px;color:#ffffff;\"><\/i><\/span><span class=\"ubtn-hover\" style=\"background-color:#452613\"><\/span><span class=\"ubtn-data ubtn-text \" >les avis des apprentis chocolatiers<\/span><\/button><\/a><\/div>[\/vc_column_inner][vc_column_inner width=&#8221;1\/3&#8243; css=&#8221;.vc_custom_1527068760290{margin-top: 0px !important;margin-right: -10px !important;margin-bottom: 0px !important;margin-left: -10px !important;border-top-width: 0px !important;border-right-width: 0px !important;border-bottom-width: 0px !important;border-left-width: 0px !important;padding-top: 0px !important;padding-right: 0px !important;padding-bottom: 0px !important;padding-left: 0px !important;}&#8221;]<div class=\" vc_custom_1537262901638 ubtn-ctn-center \"><a class=\"ubtn-link ult-adjust-bottom-margin ubtn-center ubtn-custom \" href=\"\/boutique\/\" title=\"la boutique de Karen\" ><button type=\"button\" id=\"ubtn-7608\"  class=\"ubtn ult-adjust-bottom-margin ult-responsive ubtn-custom ubtn-center-dg-bg  none  ubtn-shd  ubtn-center  shd-bottom tooltip-69e1e084a2574\"  data-hover=\"#ffffff\" data-border-color=\"#fcf7ef\" data-bg=\"#fcf4e7\" data-hover-bg=\"#452613\" data-border-hover=\"#7a4829\" data-shadow-hover=\"0 3px #665d4f;\" data-shadow-click=\"\" data-shadow=\"0 5px #cecece;\" data-shd-shadow=\"5\"  data-ultimate-target='#ubtn-7608'  data-responsive-json-new='{\"font-size\":\"desktop:15px;\",\"line-height\":\"desktop:18px;\"}'  style=\"font-family:&#039;Quicksand&#039;;font-weight:normal;width:440px;min-height:40px;padding:0px 0px;border-radius:0px;border-width:2px;border-color:#fcf7ef;border-style:outset;box-shadow: 0 5px #cecece;background: #fcf4e7;color: #452613;\"><span class=\"ubtn-data ubtn-icon\"><i class=\"none\" style=\"font-size:32px;color:#ffffff;\"><\/i><\/span><span class=\"ubtn-hover\" style=\"background-color:#452613\"><\/span><span class=\"ubtn-data ubtn-text \" >la boutique de Karen<\/span><\/button><\/a><\/div>[\/vc_column_inner][\/vc_row_inner][\/vc_column][\/vc_row][vc_row][vc_column]<div class=\"ult-spacer spacer-69e1e084a2635\" data-id=\"69e1e084a2635\" data-height=\"40\" data-height-mobile=\"25\" data-height-tab=\"20\" data-height-tab-portrait=\"30\" data-height-mobile-landscape=\"15\" style=\"clear:both;display:block;\"><\/div><div id=\"ultimate-heading-445069e1e084a267d\" class=\"uvc-heading ult-adjust-bottom-margin ultimate-heading-445069e1e084a267d uvc-2967 \" data-hspacer=\"no_spacer\"  data-halign=\"center\" style=\"text-align:center\"><div class=\"uvc-heading-spacer no_spacer\" style=\"top\"><\/div><div class=\"uvc-main-heading ult-responsive\"  data-ultimate-target='.uvc-heading.ultimate-heading-445069e1e084a267d h1'  data-responsive-json-new='{\"font-size\":\"\",\"line-height\":\"\"}' ><h1 style=\"font-family:&#039;Arapey&#039;;font-weight:normal;\">r\u00e9servation en ligne des ateliers<\/h1><\/div><\/div><div class=\"ult-spacer spacer-69e1e084a26dd\" data-id=\"69e1e084a26dd\" data-height=\"30\" data-height-mobile=\"15\" data-height-tab=\"10\" data-height-tab-portrait=\"20\" data-height-mobile-landscape=\"5\" style=\"clear:both;display:block;\"><\/div>[vc_raw_html]JTNDZGl2JTIwaWQlM0QlMjJhdGVsaWVycy1saXN0ZS1ib29raW5na2l0JTIyJTIwc3R5bGUlM0QlMjJwb3NpdGlvbiUzQSUyMHJlbGF0aXZlJTNCJTIwYm90dG9tJTNBJTIwMTYwcHglM0IlMjIlM0UlM0MlMkZkaXYlM0U=[\/vc_raw_html][vc_raw_html]JTNDZGl2JTIwaWQlM0QlMjJib29raW5nS2l0Q29udGFpbmVyJTIyJTNFJTNDJTJGZGl2JTNFJTBBJTNDc2NyaXB0JTIwc3JjJTNEJTIyaHR0cHMlM0ElMkYlMkZldTUuYm9va2luZ2tpdC5kZSUyRmJrc2NyaXB0LmpzLnBocCUzRmN3JTNENDI5MTc2YjdlNDc1ODE2MTQyZjYwYWU1Y2MzZTcyYzQlMjZsYW5nJTNEZnIlMjIlM0UlM0MlMkZzY3JpcHQlM0U=[\/vc_raw_html][\/vc_column][\/vc_row][vc_row][vc_column]<div id=\"ultimate-heading-83169e1e084a2719\" class=\"uvc-heading ult-adjust-bottom-margin ultimate-heading-83169e1e084a2719 uvc-4249 \" data-hspacer=\"no_spacer\"  data-halign=\"center\" style=\"text-align:center\"><div class=\"uvc-heading-spacer no_spacer\" style=\"top\"><\/div><div class=\"uvc-main-heading ult-responsive\"  data-ultimate-target='.uvc-heading.ultimate-heading-83169e1e084a2719 h3'  data-responsive-json-new='{\"font-size\":\"desktop:25px;\",\"line-height\":\"\"}' ><h3 style=\"font-family:&#039;Arapey&#039;;font-weight:normal;color:#5c585b;\">votre avis m'int\u00e9resse !<\/h3><\/div><\/div><div class=\"ult-spacer spacer-69e1e084a2772\" data-id=\"69e1e084a2772\" data-height=\"20\" data-height-mobile=\"10\" data-height-tab=\"10\" data-height-tab-portrait=\"10\" data-height-mobile-landscape=\"5\" style=\"clear:both;display:block;\"><\/div>[vc_column_text]\n<p style=\"text-align: center;\"><ul id=\"better-recent-comments\" class=\"recent-comments-list with-avatars\"><li class=\"recentcomments recent-comment\"><div class=\"comment-wrap\" style=\"padding-left:100px; min-height:84px;\"><span class=\"comment-avatar\"><img loading=\"lazy\" decoding=\"async\" src=\"https:\/\/www.lamaisondekarenchocolat.com\/wp-content\/uploads\/avatar-apprentis-chocolatiers-100x100.png\" width=\"80\" height=\"80\" alt=\"Avatar\" class=\"avatar avatar-80wp-user-avatar wp-user-avatar-80 alignnone photo avatar-default\" \/><\/span> <strong><span class=\"comment-author-link\">BREAS<\/span><\/strong> (dans <span class=\"comment-post\"><a href=\"https:\/\/www.lamaisondekarenchocolat.com\/en\/2018\/09\/les-avis-des-clients-sur-mes-ateliers\/#comment-6954\">Les avis des clients sur les ateliers<\/a><\/span>) : <span class=\"comment-excerpt\">Tr\u00e8s bon moment de d\u00e9tente avec la piscine ainsi qu\u2019une matin\u00e9e charmante et gourmande avec l\u2019atelier chocolat. Karen nous a fait d\u00e9couvrir ses talents de chocolati\u00e8re.. on s\u2019est r\u00e9gal\u00e9 avec les mendiants que l\u2019on a fabriqu\u00e9. Belle chambre avec la climatisation et une bonne attention avec des chocolats d\u00e9licieux dans notre chambre en arrivant. Merci \u00e0 Karen et son \u00e9quipe. Marie-Claude et Bernard<\/span> <span class=\"comment-date\">Jul 7, 16:01<\/span><\/div><\/li><li class=\"recentcomments recent-comment\"><div class=\"comment-wrap\" style=\"padding-left:100px; min-height:84px;\"><span class=\"comment-avatar\"><img loading=\"lazy\" decoding=\"async\" src=\"https:\/\/www.lamaisondekarenchocolat.com\/wp-content\/uploads\/avatar-apprentis-chocolatiers-100x100.png\" width=\"80\" height=\"80\" alt=\"Avatar\" class=\"avatar avatar-80wp-user-avatar wp-user-avatar-80 alignnone photo avatar-default\" \/><\/span> <strong><span class=\"comment-author-link\">LHERITIER Marie-Laure<\/span><\/strong> (dans <span class=\"comment-post\"><a href=\"https:\/\/www.lamaisondekarenchocolat.com\/en\/2018\/09\/les-avis-des-clients-sur-mes-ateliers\/#comment-5975\">Les avis des clients sur les ateliers<\/a><\/span>) : <span class=\"comment-excerpt\">Un environnement id\u00e9al pour se cr\u00e9er une bulle de travail efficace, propice \u00e0 la r\u00e9flexion et \u00e0 l&#8217;\u00e9change dans le cadre d&#8217;une mise au vert en \u00e9quipe. L&#8217;atelier chocolat men\u00e9 par Karen qui est passionn\u00e9e et engag\u00e9e a \u00e9t\u00e9 un moment fort de notre s\u00e9jour, agr\u00e9ablement agr\u00e9ment\u00e9 de la d\u00e9couverte de produits exceptionnels. Nous reviendrons, pour un autre s\u00e9minaire ou pour la boutique!<\/span> <span class=\"comment-date\">Sep 9, 15:02<\/span><\/div><\/li><li class=\"recentcomments recent-comment\"><div class=\"comment-wrap\" style=\"padding-left:100px; min-height:84px;\"><span class=\"comment-avatar\"><img loading=\"lazy\" decoding=\"async\" src=\"https:\/\/www.lamaisondekarenchocolat.com\/wp-content\/uploads\/avatar-apprentis-chocolatiers-100x100.png\" width=\"80\" height=\"80\" alt=\"Avatar\" class=\"avatar avatar-80wp-user-avatar wp-user-avatar-80 alignnone photo avatar-default\" \/><\/span> <strong><span class=\"comment-author-link\">HERVE ARNAUD<\/span><\/strong> (dans <span class=\"comment-post\"><a href=\"https:\/\/www.lamaisondekarenchocolat.com\/en\/2018\/09\/les-avis-des-clients-sur-mes-ateliers\/#comment-4876\">Les avis des clients sur les ateliers<\/a><\/span>) : <span class=\"comment-excerpt\">J&#8217;ai test\u00e9 les chambres d&#8217;H\u00f4tes et organis\u00e9 un s\u00e9minaire RH avec mon \u00e9quipe au sein de ce petit \u00e9crin nich\u00e9 tout pr\u00eat de Lyon, dans une ambiance cocooning et chaleureuse.  Que l&#8217;on vienne pour se d\u00e9tendre, apprendre l&#8217;alchimie du chocolat ou pour tout simplement d\u00e9guster les miracles gustatifs sortis d&#8217;une cabosse lointaine, vous ne serez pas d\u00e9\u00e7u !  Karen et son logis ont l&#8217;humeur chocolat\u00e9 dans le sang et dans les murs !  Je conseille sans r\u00e9serve et sans mod\u00e9ration&#8230;<\/span> <span class=\"comment-date\">Jun 6, 10:17<\/span><\/div><\/li><\/ul>\n[\/vc_column_text]<div class=\"ult-spacer spacer-69e1e084a6d7b\" data-id=\"69e1e084a6d7b\" data-height=\"40\" data-height-mobile=\"20\" data-height-tab=\"40\" data-height-tab-portrait=\"30\" data-height-mobile-landscape=\"10\" style=\"clear:both;display:block;\"><\/div>[vc_row_inner][vc_column_inner width=&#8221;1\/2&#8243;]<div class=\" vc_custom_1537270210172 ubtn-ctn-center \"><a class=\"ubtn-link ult-adjust-bottom-margin ubtn-center ubtn-large \" href=\"\/2018\/09\/les-avis-des-clients-sur-mes-ateliers\/#comment-2\" title=\"LAISSEZ VOTRE COMMENTAIRE SUR LES ATELIERS\" ><button type=\"button\" id=\"ubtn-5351\"  class=\"ubtn ult-adjust-bottom-margin ult-responsive ubtn-large ubtn-center-dg-bg  none  ubtn-shd  ubtn-center  shd-bottom tooltip-69e1e084a6dd6\"  data-hover=\"#482819\" data-border-color=\"#ffffff\" data-bg=\"#ffffff\" data-hover-bg=\"#efeacf\" data-border-hover=\"#f9f5d9\" data-shadow-hover=\"0 3px #877e71;\" data-shadow-click=\"\" data-shadow=\"0 5px #cecece;\" data-shd-shadow=\"5\"  data-ultimate-target='#ubtn-5351'  data-responsive-json-new='{\"font-size\":\"desktop:20px;\",\"line-height\":\"desktop:22px;\"}'  style=\"font-family:&#039;Yanone Kaffeesatz&#039;;font-weight:normal;border-radius:5px;border-width:2px;border-color:#ffffff;border-style:outset;box-shadow: 0 5px #cecece;background: #ffffff;color: #482819;\"><span class=\"ubtn-data ubtn-icon\"><i class=\"none\" style=\"font-size:32px;color:#ffffff;\"><\/i><\/span><span class=\"ubtn-hover\" style=\"background-color:#efeacf\"><\/span><span class=\"ubtn-data ubtn-text \" >LAISSEZ VOTRE COMMENTAIRE SUR LES ATELIERS<\/span><\/button><\/a><\/div>[\/vc_column_inner][vc_column_inner width=&#8221;1\/2&#8243;]<div class=\" vc_custom_1539017643599 ubtn-ctn-center \"><a class=\"ubtn-link ult-adjust-bottom-margin ubtn-center ubtn-large \" href=\"\/2018\/09\/les-avis-des-clients-sur-mes-ateliers\/\" title=\"LAISSEZ VOTRE COMMENTAIRE SUR LES ATELIERS\" ><button type=\"button\" id=\"ubtn-4321\"  class=\"ubtn ult-adjust-bottom-margin ult-responsive ubtn-large ubtn-center-dg-bg  none  ubtn-shd  ubtn-center  shd-bottom tooltip-69e1e084a6ed7\"  data-hover=\"#482819\" data-border-color=\"#ffffff\" data-bg=\"#ffffff\" data-hover-bg=\"#efeacf\" data-border-hover=\"#f9f5d9\" data-shadow-hover=\"0 3px #877e71;\" data-shadow-click=\"\" data-shadow=\"0 5px #cecece;\" data-shd-shadow=\"5\"  data-ultimate-target='#ubtn-4321'  data-responsive-json-new='{\"font-size\":\"desktop:20px;\",\"line-height\":\"desktop:22px;\"}'  style=\"font-family:&#039;Yanone Kaffeesatz&#039;;font-weight:normal;border-radius:5px;border-width:2px;border-color:#ffffff;border-style:outset;box-shadow: 0 5px #cecece;background: #ffffff;color: #482819;\"><span class=\"ubtn-data ubtn-icon\"><i class=\"none\" style=\"font-size:32px;color:#ffffff;\"><\/i><\/span><span class=\"ubtn-hover\" style=\"background-color:#efeacf\"><\/span><span class=\"ubtn-data ubtn-text \" >CONSULTER TOUS LES COMMENTAIRES<\/span><\/button><\/a><\/div>[\/vc_column_inner][\/vc_row_inner][\/vc_column][\/vc_row]\n<\/section>","protected":false},"excerpt":{"rendered":"<p>Sorry, this entry is only available in Fran\u00e7ais. For the sake of viewer convenience, the content is shown below in the alternative language. You may click the link to switch the active language.[vc_row css=&#8221;.vc_custom_1577736476804{margin-top: -30px !important;}&#8221;][vc_column][\/vc_column][\/vc_row][vc_row full_width=&#8221;stretch_row&#8221; bg_type=&#8221;bg_color&#8221; ult_hide_row=&#8221;ult_hide_row_value&#8221; ult_hide_row_large_screen=&#8221;large_screen&#8221; ult_hide_row_desktop=&#8221;desktop&#8221; ult_hide_row_tablet=&#8221;tablet&#8221; ult_hide_row_tablet_small=&#8221;xs_tablet&#8221; ult_hide_row_mobile=&#8221;mobile&#8221; ult_hide_row_mobile_large=&#8221;xl_mobile&#8221; bg_color_value=&#8221;#ffffff&#8221; css=&#8221;.vc_custom_1577736526945{padding-top: 3% !important;padding-bottom: 3% !important;}&#8221;][vc_column][vc_raw_js]JTNDc2NyaXB0JTIwc3JjJTNEJTIyJTJGJTJGd2lkZ2V0LmN1c3RvbWVyLWFsbGlhbmNlLmNvbSUyRnJldmlld3MlMkZqcyUyRnN0YW5kYXJkJTJGMjNjNjdiNDY4YTIxMjJjMi5qcyUyMiUyMGFzeW5jJTNFJTNDJTJGc2NyaXB0JTNF[\/vc_raw_js][vc_row_inner equal_height=&#8221;yes&#8221; content_placement=&#8221;top&#8221; css=&#8221;.vc_custom_1537186567193{padding-bottom: 3% [&hellip;]<\/p>\n","protected":false},"author":2,"featured_media":0,"parent":0,"menu_order":8,"comment_status":"closed","ping_status":"closed","template":"","meta":{"_seopress_robots_primary_cat":"","_seopress_titles_title":"","_seopress_titles_desc":"R\u00e9servation en ligne des ateliers chocolat de Karen \u00e0 Lyon et r\u00e8glement en toute s\u00e9curit\u00e9 gr\u00e2ce \u00e0 un syst\u00e8me de paiement s\u00e9curis\u00e9. Plusieurs dates disponibles","_seopress_robots_index":"","om_disable_all_campaigns":false,"footnotes":""},"class_list":["post-1155","page","type-page","status-publish","hentry"],"_links":{"self":[{"href":"https:\/\/www.lamaisondekarenchocolat.com\/en\/wp-json\/wp\/v2\/pages\/1155","targetHints":{"allow":["GET"]}}],"collection":[{"href":"https:\/\/www.lamaisondekarenchocolat.com\/en\/wp-json\/wp\/v2\/pages"}],"about":[{"href":"https:\/\/www.lamaisondekarenchocolat.com\/en\/wp-json\/wp\/v2\/types\/page"}],"author":[{"embeddable":true,"href":"https:\/\/www.lamaisondekarenchocolat.com\/en\/wp-json\/wp\/v2\/users\/2"}],"replies":[{"embeddable":true,"href":"https:\/\/www.lamaisondekarenchocolat.com\/en\/wp-json\/wp\/v2\/comments?post=1155"}],"version-history":[{"count":17,"href":"https:\/\/www.lamaisondekarenchocolat.com\/en\/wp-json\/wp\/v2\/pages\/1155\/revisions"}],"predecessor-version":[{"id":2954,"href":"https:\/\/www.lamaisondekarenchocolat.com\/en\/wp-json\/wp\/v2\/pages\/1155\/revisions\/2954"}],"wp:attachment":[{"href":"https:\/\/www.lamaisondekarenchocolat.com\/en\/wp-json\/wp\/v2\/media?parent=1155"}],"curies":[{"name":"wp","href":"https:\/\/api.w.org\/{rel}","templated":true}]}}